{"id":2081,"date":"2026-04-23T10:39:56","date_gmt":"2026-04-23T10:39:56","guid":{"rendered":"https:\/\/windcattraining.com\/?page_id=2081"},"modified":"2026-04-24T06:16:10","modified_gmt":"2026-04-24T06:16:10","slug":"qui-som","status":"publish","type":"page","link":"https:\/\/windcattraining.com\/fr\/qui-som\/","title":{"rendered":"Qui sommes-nous ?"},"content":{"rendered":"<div class=\"wp-block-group alignfull wct-qs-hero is-layout-constrained wp-block-group-is-layout-constrained\">\n<p class=\"wct-qs-hero-kicker\">L'\u00e9quipe<\/p>\n\n\n\n<h1 class=\"wp-block-heading wct-qs-hero-h1\">Des personnes qui accompagnent d'autres personnes.<\/h1>\n\n\n\n<p class=\"wct-qs-hero-lead\">Nous sommes convaincus que le v\u00e9ritable changement commence par les relations humaines. C'est pourquoi nous accordons une grande importance \u00e0 qui nous sommes et \u00e0 la mani\u00e8re dont nous travaillons \u2014 et pas seulement \u00e0 ce que nous faisons.<\/p>\n<\/div>\n\n\n\n<div class=\"wp-block-group alignfull wct-qs-cita is-layout-constrained wp-block-group-is-layout-constrained\">\n<p class=\"wct-qs-cita-quote\">\u00abNous n\u2019apportons pas le changement de l\u2019ext\u00e9rieur. Nous l\u2019aidons \u00e0 \u00e9merger de l\u2019int\u00e9rieur.\u00bb<\/p>\n\n\n\n<p class=\"wct-qs-cita-lead\">Chez Wind Cat Training, nous partons du principe que chaque organisation dispose d\u00e9j\u00e0 de tout ce dont elle a besoin pour se transformer. Notre r\u00f4le consiste \u00e0 accompagner ce processus en apportant notre pr\u00e9sence, notre m\u00e9thode et notre humanit\u00e9.<\/p>\n<\/div>\n\n\n\n<div class=\"wp-block-group alignfull wct-qs-persona-wrap wct-qs-wrap-cream is-layout-constrained wp-block-group-is-layout-constrained\">\n<div class=\"wp-block-group wct-qs-card is-layout-constrained wp-block-group-is-layout-constrained\">\n<div class=\"wp-block-columns wct-qs-persona-cols is-layout-flex wp-container-core-columns-is-layout-28f84493 wp-block-columns-is-layout-flex\">\n<div class=\"wp-block-column wct-qs-photo-col is-layout-flow wp-block-column-is-layout-flow\" style=\"flex-basis:240px\">\n<figure class=\"wp-block-image size-large wct-qs-persona-photo\"><img loading=\"lazy\" decoding=\"async\" width=\"1679\" height=\"1934\" src=\"https:\/\/windcattraining.com\/wp-content\/uploads\/2026\/03\/gemma_retocada-2.jpg\" alt=\"Gemma Mateu\" class=\"wp-image-1725\" srcset=\"https:\/\/windcattraining.com\/wp-content\/uploads\/2026\/03\/gemma_retocada-2.jpg 1679w, https:\/\/windcattraining.com\/wp-content\/uploads\/2026\/03\/gemma_retocada-2-260x300.jpg 260w, https:\/\/windcattraining.com\/wp-content\/uploads\/2026\/03\/gemma_retocada-2-889x1024.jpg 889w, https:\/\/windcattraining.com\/wp-content\/uploads\/2026\/03\/gemma_retocada-2-768x885.jpg 768w, https:\/\/windcattraining.com\/wp-content\/uploads\/2026\/03\/gemma_retocada-2-1333x1536.jpg 1333w, https:\/\/windcattraining.com\/wp-content\/uploads\/2026\/03\/gemma_retocada-2-10x12.jpg 10w\" sizes=\"auto, (max-width: 1679px) 100vw, 1679px\" \/><\/figure>\n<\/div>\n\n\n\n<div class=\"wp-block-column wct-qs-content-col is-layout-flow wp-block-column-is-layout-flow\">\n<p class=\"wct-qs-persona-kicker\">Fondateur \u00b7 Coach ex\u00e9cutif<\/p>\n\n\n\n<h2 class=\"wp-block-heading wct-qs-persona-name\">Gemma Mateu<\/h2>\n\n\n\n<p class=\"wct-qs-persona-subtitle\">Coach certifi\u00e9 Co-Active (CPCC) \u00b7 Plus de 20 ans d'exp\u00e9rience dans l'accompagnement des dirigeants et des \u00e9quipes<\/p>\n\n\n\n<p class=\"wct-qs-bio-p\">Forte de plus de 20 ans d\u2019exp\u00e9rience dans l\u2019accompagnement de personnes et d\u2019organisations, Gemma a travaill\u00e9 avec des cadres dirigeants, des \u00e9quipes et des cultures d\u2019entreprise dans un large \u00e9ventail de secteurs : banque, industrie pharmaceutique, h\u00f4tellerie, entreprises familiales et organisations \u00e0 vocation sociale.<\/p>\n\n\n\n<p class=\"wct-qs-bio-p\">Son approche allie la rigueur de m\u00e9thodologies \u00e9prouv\u00e9es \u00e0 la chaleur de quelqu\u2019un qui croit profond\u00e9ment en la capacit\u00e9 des gens \u00e0 changer. Elle travaille en \u00e9tant pleinement pr\u00e9sente et en \u00e9coutant attentivement, convaincue que chaque conversation peut ouvrir la voie \u00e0 quelque chose de nouveau.<\/p>\n\n\n\n<p class=\"wct-qs-bio-p\">Le point de d\u00e9part est simple, mais exigeant : les organisations disposent d\u00e9j\u00e0 d'une grande partie des r\u00e9ponses dont elles ont besoin. Notre r\u00f4le consiste \u00e0 les aider \u00e0 mettre ces r\u00e9ponses en lumi\u00e8re, \u00e0 les structurer et \u00e0 les traduire en actions concr\u00e8tes.<\/p>\n\n\n\n<p class=\"wct-qs-bio-p\">Elle est la fondatrice de Wind Cat Training, un espace o\u00f9 le coaching, la formation et l'exp\u00e9rience se conjuguent pour susciter un changement r\u00e9el et durable.<\/p>\n\n\n\n<div class=\"wp-block-group wct-qs-subsection is-layout-constrained wp-block-group-is-layout-constrained\">\n<p class=\"wct-qs-subsection-kicker\">Comment Gemma travaille<\/p>\n\n\n\n<p class=\"wct-qs-bio-p\">Elle part d'une conviction : observer d'abord, intervenir ensuite. Pour elle, ce n'est pas l'organisation qui pose probl\u00e8me, mais le syst\u00e8me qui s'exprime. Derri\u00e8re chaque sympt\u00f4me (r\u00e9unions st\u00e9riles, d\u00e9parts de talents, manque de leadership), se cache quelque chose de plus profond qui m\u00e9rite d'\u00eatre \u00e9cout\u00e9.<\/p>\n\n\n\n<p class=\"wct-qs-bio-p\">Elle travaille selon un processus en cinq \u00e9tapes : \u00e9couter, observer, co-concevoir, intervenir et p\u00e9renniser. Elle ne propose pas de solutions toutes faites : elle adapte les outils \u00e0 chaque organisation et \u00e0 la situation qu'elle traverse. Elle combine des m\u00e9thodologies syst\u00e9miques, le coaching co-actif et la formation exp\u00e9rientielle, toujours choisis avec intention.<\/p>\n\n\n\n<p class=\"wct-qs-bio-p\">Elle ne force pas le changement : elle cr\u00e9e les conditions pour qu'il puisse s'enraciner. Elle croit que chaque organisation dispose d\u00e9j\u00e0 des ressources dont elle a besoin pour se transformer, et que son r\u00f4le est de l'aider \u00e0 les rendre visibles, \u00e0 les activer et \u00e0 les p\u00e9renniser \u2014 pour que ce qui se passe en s\u00e9ance reste aussi dans le quotidien.<\/p>\n<\/div>\n\n\n\n<div class=\"wp-block-buttons wct-qs-cta-wrap is-layout-flex wp-block-buttons-is-layout-flex\">\n<div class=\"wp-block-button wct-qs-cta\"><a class=\"wp-block-button__link wp-element-button\" href=\"\/fr\/contacte\/\">Contactez Gemma \u2192<\/a><\/div>\n<\/div>\n<\/div>\n<\/div>\n<\/div>\n<\/div>\n\n\n\n<div class=\"wp-block-group alignfull wct-qs-persona-wrap wct-qs-wrap-white is-layout-constrained wp-block-group-is-layout-constrained\">\n<div class=\"wp-block-group wct-qs-card is-layout-constrained wp-block-group-is-layout-constrained\">\n<div class=\"wp-block-columns wct-qs-persona-cols is-layout-flex wp-container-core-columns-is-layout-28f84493 wp-block-columns-is-layout-flex\">\n<div class=\"wp-block-column wct-qs-photo-col is-layout-flow wp-block-column-is-layout-flow\" style=\"flex-basis:240px\">\n<figure class=\"wp-block-image size-large wct-qs-persona-photo\"><img loading=\"lazy\" decoding=\"async\" width=\"2560\" height=\"1923\" src=\"https:\/\/windcattraining.com\/wp-content\/uploads\/2025\/07\/IMG_5110-scaled.jpg\" alt=\"Pau Marqu\u00e8s\" class=\"wp-image-1264\" srcset=\"https:\/\/windcattraining.com\/wp-content\/uploads\/2025\/07\/IMG_5110-scaled.jpg 2560w, https:\/\/windcattraining.com\/wp-content\/uploads\/2025\/07\/IMG_5110-300x225.jpg 300w, https:\/\/windcattraining.com\/wp-content\/uploads\/2025\/07\/IMG_5110-1024x769.jpg 1024w, https:\/\/windcattraining.com\/wp-content\/uploads\/2025\/07\/IMG_5110-768x577.jpg 768w, https:\/\/windcattraining.com\/wp-content\/uploads\/2025\/07\/IMG_5110-1536x1154.jpg 1536w, https:\/\/windcattraining.com\/wp-content\/uploads\/2025\/07\/IMG_5110-2048x1539.jpg 2048w, https:\/\/windcattraining.com\/wp-content\/uploads\/2025\/07\/IMG_5110-16x12.jpg 16w, https:\/\/windcattraining.com\/wp-content\/uploads\/2025\/07\/IMG_5110-600x451.jpg 600w\" sizes=\"auto, (max-width: 2560px) 100vw, 2560px\" \/><\/figure>\n<\/div>\n\n\n\n<div class=\"wp-block-column wct-qs-content-col is-layout-flow wp-block-column-is-layout-flow\">\n<p class=\"wct-qs-persona-kicker\">Fondateur \u00b7 Wind Cat Activities<\/p>\n\n\n\n<h2 class=\"wp-block-heading wct-qs-persona-name\">Pau Marqu\u00e8s<\/h2>\n\n\n\n<p class=\"wct-qs-persona-subtitle\">Le capitaine aux pieds sur terre (un m\u00e9gaphone \u00e0 la main)<\/p>\n\n\n\n<p class=\"wct-qs-bio-p\">Derri\u00e8re Wind Cat Activities se cache Pau Marqu\u00e8s. Fort de plus de 25 ans d'exp\u00e9rience dans le domaine du team building, il ma\u00eetrise l'art d'organiser le chaos : budgets, calendriers et \u00e9quipes, tout est sous contr\u00f4le, avec cette touche d'humour qui fait dispara\u00eetre les tensions d'elles-m\u00eames.<\/p>\n\n\n\n<p class=\"wct-qs-bio-p\">Il a le souci du d\u00e9tail et le sens de l'intuition n\u00e9cessaire pour \u00e9valuer chaque situation. Il allie strat\u00e9gie, bon sens et un charisme naturel qui transforme n'importe quelle activit\u00e9 en une exp\u00e9rience dont l'\u00e9quipe se souviendra longtemps.<\/p>\n\n\n\n<p class=\"wct-qs-bio-p\">Pau ne se contente pas de faire en sorte que tout fonctionne. Il y met du sens et du style.<\/p>\n\n\n\n<div class=\"wp-block-group wct-qs-subsection is-layout-constrained wp-block-group-is-layout-constrained\">\n<p class=\"wct-qs-subsection-kicker\">Comment Pau travaille<\/p>\n\n\n\n<p class=\"wct-qs-bio-p\">Chez Wind Cat Activities, le principe est clair : les \u00e9quipes ne se transforment pas dans une salle ; elles se transforment lorsqu'elles vivent une exp\u00e9rience commune. C'est pourquoi ils accordent de l'importance non seulement \u00e0 ce qu'ils font, mais aussi \u00e0 la mani\u00e8re dont ils le font : l'\u00e9nergie, l'ambiance, le rythme et chaque d\u00e9tail.<\/p>\n\n\n\n<p class=\"wct-qs-bio-p\">Ils n'imposent pas de dynamique. Ils cr\u00e9ent les conditions permettant \u00e0 l'\u00e9quipe de se d\u00e9couvrir elle-m\u00eame.<\/p>\n\n\n\n<p class=\"wct-qs-bio-p\">Ils con\u00e7oivent des exp\u00e9riences qui mettent en valeur ce qui existe d\u00e9j\u00e0 au sein de chaque \u00e9quipe : la confiance, la collaboration, le leadership et la volont\u00e9 d\u2019avancer ensemble. Leur r\u00f4le consiste \u00e0 accompagner ce processus en s\u2019appuyant sur leur propre exp\u00e9rience, en m\u00ealant d\u00e9fis, jeux et r\u00e9flexion, afin que ce qui se passe \u00e0 l\u2019ext\u00e9rieur ait un impact \u00e0 l\u2019int\u00e9rieur.<\/p>\n<\/div>\n\n\n\n<div class=\"wp-block-buttons wct-qs-cta-wrap is-layout-flex wp-block-buttons-is-layout-flex\">\n<div class=\"wp-block-button wct-qs-cta\"><a class=\"wp-block-button__link wp-element-button\" href=\"https:\/\/windcatactivities.com\" target=\"_blank\" rel=\"noopener\">D\u00e9couvrez Wind Cat Activities \u2192<\/a><\/div>\n<\/div>\n<\/div>\n<\/div>\n<\/div>\n<\/div>\n\n\n\n<div class=\"wp-block-group alignfull wct-qs-cta-final is-layout-constrained wp-block-group-is-layout-constrained\">\n<p class=\"wct-qs-cta-final-kicker\">Commen\u00e7ons<\/p>\n\n\n\n<h2 class=\"wp-block-heading wct-qs-cta-final-h2\">Vous souhaitez mieux nous conna\u00eetre ?<\/h2>\n\n\n\n<p class=\"wct-qs-cta-final-lead\">Le meilleur moyen de comprendre comment nous travaillons, c'est d'en discuter. Une conversation de 30 minutes suffit pour voir si le courant passe entre nous.<\/p>\n\n\n\n<div class=\"wp-block-buttons wct-qs-cta-final-wrap is-content-justification-center is-layout-flex wp-container-core-buttons-is-layout-a89b3969 wp-block-buttons-is-layout-flex\">\n<div class=\"wp-block-button wct-qs-cta-ghost\"><a class=\"wp-block-button__link wp-element-button\" href=\"\/fr\/contacte\/\">R\u00e9servez un appel gratuit \u2192<\/a><\/div>\n<\/div>\n<\/div>","protected":false},"excerpt":{"rendered":"<p>L&#8217;equip Persones que acompanyen persones. Creiem que el canvi real comen\u00e7a en les relacions. Per aix\u00f2 posem molta cura en qui som i com treballem \u2014 no nom\u00e9s en qu\u00e8 fem. \u00abNo portem el canvi de fora. L&#8217;ajudem a emergir des de dins.\u00bb A Wind Cat Training treballem des de la convicci\u00f3 que cada organitzaci\u00f3 [&hellip;]<\/p>\n","protected":false},"author":1,"featured_media":0,"parent":0,"menu_order":0,"comment_status":"closed","ping_status":"closed","template":"","meta":{"_uag_custom_page_level_css":"","site-sidebar-layout":"no-sidebar","site-content-layout":"page-builder","ast-site-content-layout":"full-width-container","site-content-style":"unboxed","site-sidebar-style":"unboxed","ast-global-header-display":"","ast-banner-title-visibility":"","ast-main-header-display":"","ast-hfb-above-header-display":"","ast-hfb-below-header-display":"","ast-hfb-mobile-header-display":"","site-post-title":"disabled","ast-breadcrumbs-content":"","ast-featured-img":"disabled","footer-sml-layout":"","ast-disable-related-posts":"","theme-transparent-header-meta":"enabled","adv-header-id-meta":"","stick-header-meta":"","header-above-stick-meta":"","header-main-stick-meta":"","header-below-stick-meta":"","astra-migrate-meta-layouts":"set","ast-page-background-enabled":"default","ast-page-background-meta":{"desktop":{"background-color":"","background-image":"","background-repeat":"repeat","background-position":"center center","background-size":"auto","background-attachment":"scroll","background-type":"","background-media":"","overlay-type":"","overlay-color":"","overlay-opacity":"","overlay-gradient":""},"tablet":{"background-color":"","background-image":"","background-repeat":"repeat","background-position":"center center","background-size":"auto","background-attachment":"scroll","background-type":"","background-media":"","overlay-type":"","overlay-color":"","overlay-opacity":"","overlay-gradient":""},"mobile":{"background-color":"","background-image":"","background-repeat":"repeat","background-position":"center center","background-size":"auto","background-attachment":"scroll","background-type":"","background-media":"","overlay-type":"","overlay-color":"","overlay-opacity":"","overlay-gradient":""}},"ast-content-background-meta":{"desktop":{"background-color":"var(--ast-global-color-5)","background-image":"","background-repeat":"repeat","background-position":"center center","background-size":"auto","background-attachment":"scroll","background-type":"","background-media":"","overlay-type":"","overlay-color":"","overlay-opacity":"","overlay-gradient":""},"tablet":{"background-color":"var(--ast-global-color-5)","background-image":"","background-repeat":"repeat","background-position":"center center","background-size":"auto","background-attachment":"scroll","background-type":"","background-media":"","overlay-type":"","overlay-color":"","overlay-opacity":"","overlay-gradient":""},"mobile":{"background-color":"var(--ast-global-color-5)","background-image":"","background-repeat":"repeat","background-position":"center center","background-size":"auto","background-attachment":"scroll","background-type":"","background-media":"","overlay-type":"","overlay-color":"","overlay-opacity":"","overlay-gradient":""}},"footnotes":""},"class_list":["post-2081","page","type-page","status-publish","hentry"],"uagb_featured_image_src":{"full":false,"thumbnail":false,"medium":false,"medium_large":false,"large":false,"1536x1536":false,"2048x2048":false,"trp-custom-language-flag":false},"uagb_author_info":{"display_name":"gemma.mateu","author_link":"https:\/\/windcattraining.com\/fr\/author\/gemma-mateu\/"},"uagb_comment_info":0,"uagb_excerpt":"L&#8217;equip Persones que acompanyen persones. Creiem que el canvi real comen\u00e7a en les relacions. Per aix\u00f2 posem molta cura en qui som i com treballem \u2014 no nom\u00e9s en qu\u00e8 fem. \u00abNo portem el canvi de fora. L&#8217;ajudem a emergir des de dins.\u00bb A Wind Cat Training treballem des de la convicci\u00f3 que cada organitzaci\u00f3\u2026","_links":{"self":[{"href":"https:\/\/windcattraining.com\/fr\/wp-json\/wp\/v2\/pages\/2081","targetHints":{"allow":["GET"]}}],"collection":[{"href":"https:\/\/windcattraining.com\/fr\/wp-json\/wp\/v2\/pages"}],"about":[{"href":"https:\/\/windcattraining.com\/fr\/wp-json\/wp\/v2\/types\/page"}],"author":[{"embeddable":true,"href":"https:\/\/windcattraining.com\/fr\/wp-json\/wp\/v2\/users\/1"}],"replies":[{"embeddable":true,"href":"https:\/\/windcattraining.com\/fr\/wp-json\/wp\/v2\/comments?post=2081"}],"version-history":[{"count":4,"href":"https:\/\/windcattraining.com\/fr\/wp-json\/wp\/v2\/pages\/2081\/revisions"}],"predecessor-version":[{"id":2165,"href":"https:\/\/windcattraining.com\/fr\/wp-json\/wp\/v2\/pages\/2081\/revisions\/2165"}],"wp:attachment":[{"href":"https:\/\/windcattraining.com\/fr\/wp-json\/wp\/v2\/media?parent=2081"}],"curies":[{"name":"wp","href":"https:\/\/api.w.org\/{rel}","templated":true}]}}