{"id":1974,"date":"2026-04-19T19:09:25","date_gmt":"2026-04-19T19:09:25","guid":{"rendered":"https:\/\/windcattraining.com\/?page_id=1974"},"modified":"2026-04-19T19:09:25","modified_gmt":"2026-04-19T19:09:25","slug":"metodologies","status":"publish","type":"page","link":"https:\/\/windcattraining.com\/fr\/metodologies\/","title":{"rendered":"M\u00e9thodologies"},"content":{"rendered":"<div class=\"wp-block-group alignfull wct-met-hero is-layout-constrained wp-block-group-is-layout-constrained\">\n\n<p class=\"wct-met-kicker has-text-align-center\">Notre point de vue<\/p>\n\n\n<h1 class=\"wp-block-heading wct-met-h1 has-text-align-center\">D'abord, nous observons. Ensuite, nous intervenons.<\/h1>\n\n\n<p class=\"wct-met-lead has-text-align-center\">Une m\u00e9thodologie n'est pas un outil : c'est une fa\u00e7on d'aborder les choses. Nous choisissons, combinons et adaptons nos outils pour accompagner chaque organisation \u00e0 son rythme.<\/p>\n\n\n<div class=\"wp-block-buttons wct-met-hero-btn-wrap is-content-justification-center is-layout-flex wp-container-core-buttons-is-layout-a89b3969 wp-block-buttons-is-layout-flex\">\n\n<div class=\"wp-block-button wct-met-btn-primary\"><a class=\"wp-block-button__link wp-element-button\" href=\"\/fr\/contact\/\">Parlons de ce moment \u2192<\/a><\/div>\n\n<\/div>\n\n<\/div>\n\n\n<div id=\"principis\" class=\"wp-block-group alignfull wct-met-principis is-layout-constrained wp-block-group-is-layout-constrained\">\n\n<p class=\"wct-met-kicker-terracota has-text-align-center\">Principes<\/p>\n\n\n<h2 class=\"wp-block-heading wct-met-h2 has-text-align-center\">Notre vision<\/h2>\n\n\n<div class=\"wp-block-columns wct-met-principis-row is-layout-flex wp-container-core-columns-is-layout-28f84493 wp-block-columns-is-layout-flex\">\n\n<div class=\"wp-block-column is-layout-flow wp-block-column-is-layout-flow\">\n\n<div class=\"wp-block-group wct-met-principi is-layout-constrained wp-block-group-is-layout-constrained\">\n\n<p class=\"wct-met-principi-num\">01<\/p>\n\n\n<p class=\"wct-met-principi-text\">Ce n'est pas une organisation en particulier qui pose probl\u00e8me. C'est le syst\u00e8me tout entier qui nous interpelle.<\/p>\n\n<\/div>\n\n<\/div>\n\n\n<div class=\"wp-block-column is-layout-flow wp-block-column-is-layout-flow\">\n\n<div class=\"wp-block-group wct-met-principi is-layout-constrained wp-block-group-is-layout-constrained\">\n\n<p class=\"wct-met-principi-num\">02<\/p>\n\n\n<p class=\"wct-met-principi-text\">Ce sympt\u00f4me est r\u00e9v\u00e9lateur d'un probl\u00e8me plus profond. Allons-y.<\/p>\n\n<\/div>\n\n<\/div>\n<\/div>\n\n\n<div class=\"wp-block-columns wct-met-principis-row is-layout-flex wp-container-core-columns-is-layout-28f84493 wp-block-columns-is-layout-flex\">\n\n<div class=\"wp-block-column is-layout-flow wp-block-column-is-layout-flow\">\n\n<div class=\"wp-block-group wct-met-principi is-layout-constrained wp-block-group-is-layout-constrained\">\n\n<p class=\"wct-met-principi-num\">03<\/p>\n\n\n<p class=\"wct-met-principi-text\">Ce qui n'est pas dit r\u00e9git \u00e9galement l'\u00e9quipe.<\/p>\n\n<\/div>\n\n<\/div>\n\n\n<div class=\"wp-block-column is-layout-flow wp-block-column-is-layout-flow\">\n\n<div class=\"wp-block-group wct-met-principi is-layout-constrained wp-block-group-is-layout-constrained\">\n\n<p class=\"wct-met-principi-num\">04<\/p>\n\n\n<p class=\"wct-met-principi-text\">Ne for\u00e7ons pas le changement : cr\u00e9ons plut\u00f4t les conditions pour qu'il s'enracine.<\/p>\n\n<\/div>\n\n<\/div>\n<\/div>\n\n<\/div>\n\n\n<div id=\"com-treballem\" class=\"wp-block-group alignfull wct-met-proces is-layout-constrained wp-block-group-is-layout-constrained\">\n\n<p class=\"wct-met-kicker-teal has-text-align-center\">Notre m\u00e9thode de travail<\/p>\n\n\n<h2 class=\"wp-block-heading wct-met-h2 has-text-align-center\">De l'\u00e9coute \u00e0 la p\u00e9rennit\u00e9 du changement<\/h2>\n\n\n<div class=\"wp-block-columns wct-met-passos-row is-layout-flex wp-container-core-columns-is-layout-28f84493 wp-block-columns-is-layout-flex\">\n\n<div class=\"wp-block-column is-layout-flow wp-block-column-is-layout-flow\">\n\n<div class=\"wp-block-group wct-met-pas is-layout-constrained wp-block-group-is-layout-constrained\">\n\n<p class=\"wct-met-pas-num\">01<\/p>\n\n\n<h3 class=\"wp-block-heading wct-met-pas-title\">Pour \u00e9couter<\/h3>\n\n\n<p class=\"wct-met-pas-desc\">Freephone, nous savons o\u00f9 vous vous trouvez<\/p>\n\n<\/div>\n\n<\/div>\n\n\n<div class=\"wp-block-column is-layout-flow wp-block-column-is-layout-flow\">\n\n<div class=\"wp-block-group wct-met-pas is-layout-constrained wp-block-group-is-layout-constrained\">\n\n<p class=\"wct-met-pas-num\">02<\/p>\n\n\n<h3 class=\"wp-block-heading wct-met-pas-title\">Pour observer<\/h3>\n\n\n<p class=\"wct-met-pas-desc\">Diagnostic \u00e0 l'aide d'outils valid\u00e9s<\/p>\n\n<\/div>\n\n<\/div>\n\n\n<div class=\"wp-block-column is-layout-flow wp-block-column-is-layout-flow\">\n\n<div class=\"wp-block-group wct-met-pas is-layout-constrained wp-block-group-is-layout-constrained\">\n\n<p class=\"wct-met-pas-num\">03<\/p>\n\n\n<h3 class=\"wp-block-heading wct-met-pas-title\">Conception participative<\/h3>\n\n\n<p class=\"wct-met-pas-desc\">Nous concevons le processus avec vous<\/p>\n\n<\/div>\n\n<\/div>\n\n\n<div class=\"wp-block-column is-layout-flow wp-block-column-is-layout-flow\">\n\n<div class=\"wp-block-group wct-met-pas is-layout-constrained wp-block-group-is-layout-constrained\">\n\n<p class=\"wct-met-pas-num\">04<\/p>\n\n\n<h3 class=\"wp-block-heading wct-met-pas-title\">Intervenir<\/h3>\n\n\n<p class=\"wct-met-pas-desc\">S\u00e9ances, ateliers, accompagnement<\/p>\n\n<\/div>\n\n<\/div>\n\n\n<div class=\"wp-block-column is-layout-flow wp-block-column-is-layout-flow\">\n\n<div class=\"wp-block-group wct-met-pas is-layout-constrained wp-block-group-is-layout-constrained\">\n\n<p class=\"wct-met-pas-num\">05<\/p>\n\n\n<h3 class=\"wp-block-heading wct-met-pas-title\">Pour soutenir<\/h3>\n\n\n<p class=\"wct-met-pas-desc\">Bilan, ajustements, continuit\u00e9<\/p>\n\n<\/div>\n\n<\/div>\n<\/div>\n\n<\/div>\n\n\n<div class=\"wp-block-group alignfull wct-met-kpis is-layout-constrained wp-block-group-is-layout-constrained\">\n\n<div class=\"wp-block-columns wct-met-kpis-row is-layout-flex wp-container-core-columns-is-layout-28f84493 wp-block-columns-is-layout-flex\">\n\n<div class=\"wp-block-column is-layout-flow wp-block-column-is-layout-flow\">\n<div class=\"wp-block-group wct-met-kpi is-layout-constrained wp-block-group-is-layout-constrained\"><p class=\"wct-met-kpi-num\">11<\/p><p class=\"wct-met-kpi-label\">M\u00e9thodologies certifi\u00e9es<\/p><\/div>\n<\/div>\n\n\n<div class=\"wp-block-column is-layout-flow wp-block-column-is-layout-flow\">\n<div class=\"wp-block-group wct-met-kpi is-layout-constrained wp-block-group-is-layout-constrained\"><p class=\"wct-met-kpi-num\">+20<\/p><p class=\"wct-met-kpi-label\">ans de formation continue<\/p><\/div>\n<\/div>\n\n\n<div class=\"wp-block-column is-layout-flow wp-block-column-is-layout-flow\">\n<div class=\"wp-block-group wct-met-kpi is-layout-constrained wp-block-group-is-layout-constrained\"><p class=\"wct-met-kpi-num\">100%<\/p><p class=\"wct-met-kpi-label\">Adapt\u00e9 \u00e0 chaque organisation<\/p><\/div>\n<\/div>\n\n\n<div class=\"wp-block-column is-layout-flow wp-block-column-is-layout-flow\">\n<div class=\"wp-block-group wct-met-kpi-cta is-layout-constrained wp-block-group-is-layout-constrained\"><p class=\"wct-met-kpi-cta-text\">Vous ne savez pas par o\u00f9 commencer ?<\/p><div class=\"wp-block-buttons wct-met-kpi-cta-btn-wrap is-layout-flex wp-block-buttons-is-layout-flex\"><div class=\"wp-block-button wct-met-btn-ghost\"><a class=\"wp-block-button__link wp-element-button\" href=\"\/fr\/contact\/\">Prenez rendez-vous pour un appel gratuit<\/a><\/div><\/div><\/div>\n<\/div>\n\n<\/div>\n\n<\/div>\n\n\n<div id=\"eines\" class=\"wp-block-group alignfull wct-met-eines is-layout-constrained wp-block-group-is-layout-constrained\">\n\n<p class=\"wct-met-kicker-terracota has-text-align-center\">Les outils que nous utilisons<\/p>\n\n\n<h2 class=\"wp-block-heading wct-met-h2 has-text-align-center\">Des trios con\u00e7us sur mesure, et non issus d'un catalogue<\/h2>\n\n\n<p class=\"wct-met-eines-sub has-text-align-center\">Nous les classons en fonction de ce qu'ils font au syst\u00e8me : observer, apprendre ou transformer.<\/p>\n\n\n<div class=\"wp-block-group wct-met-grup wct-met-grup-a is-layout-constrained wp-block-group-is-layout-constrained\">\n\n<div class=\"wp-block-group wct-met-grup-header is-layout-constrained wp-block-group-is-layout-constrained\">\n\n<p class=\"wct-met-grup-letra\">R\u00e9ponse.<\/p>\n\n\n<h3 class=\"wp-block-heading wct-met-grup-title\">Diagnostic<\/h3>\n\n\n<p class=\"wct-met-grup-sub\">Voir, mesurer, rendre visible ce qui est d\u00e9j\u00e0 l\u00e0.<\/p>\n\n<\/div>\n\n\n<div class=\"wp-block-columns wct-met-cards-row is-layout-flex wp-container-core-columns-is-layout-28f84493 wp-block-columns-is-layout-flex\">\n\n<div class=\"wp-block-column is-layout-flow wp-block-column-is-layout-flow\">\n\n<div class=\"wp-block-group wct-met-card is-layout-constrained wp-block-group-is-layout-constrained\">\n\n<h3 class=\"wp-block-heading wct-met-card-title\">Pont\u00ae<\/h3>\n\n\n<p class=\"wct-met-card-desc\">Diagnostic des styles relationnels et de communication.<\/p>\n\n\n<div class=\"wp-block-group wct-met-card-tag is-layout-constrained wp-block-group-is-layout-constrained\">\n\n<p class=\"wct-met-card-tag-label\">Indiqu\u00e9 pour<\/p>\n\n\n<p class=\"wct-met-card-tag-text\">Les \u00e9quipes qui souhaitent se d\u00e9velopper en misant sur l'authenticit\u00e9<\/p>\n\n<\/div>\n\n<\/div>\n\n<\/div>\n\n\n<div class=\"wp-block-column is-layout-flow wp-block-column-is-layout-flow\">\n\n<div class=\"wp-block-group wct-met-card is-layout-constrained wp-block-group-is-layout-constrained\">\n\n<h3 class=\"wp-block-heading wct-met-card-title\">Sikkhona\u00ae<\/h3>\n\n\n<p class=\"wct-met-card-desc\">\u00c9valuez le sentiment de s\u00e9curit\u00e9 psychologique au sein d'une \u00e9quipe et lancez le d\u00e9bat.<\/p>\n\n\n<div class=\"wp-block-group wct-met-card-tag is-layout-constrained wp-block-group-is-layout-constrained\">\n\n<p class=\"wct-met-card-tag-label\">Indiqu\u00e9 pour<\/p>\n\n\n<p class=\"wct-met-card-tag-text\">Un leadership conscient et une culture de confiance<\/p>\n\n<\/div>\n\n<\/div>\n\n<\/div>\n\n\n<div class=\"wp-block-column is-layout-flow wp-block-column-is-layout-flow\">\n\n<div class=\"wp-block-group wct-met-card is-layout-constrained wp-block-group-is-layout-constrained\">\n\n<h3 class=\"wp-block-heading wct-met-card-title\">EQi 2.0\u00ae<\/h3>\n\n\n<p class=\"wct-met-card-desc\">\u00c9value l'intelligence \u00e9motionnelle des individus et des \u00e9quipes.<\/p>\n\n\n<div class=\"wp-block-group wct-met-card-tag is-layout-constrained wp-block-group-is-layout-constrained\">\n\n<p class=\"wct-met-card-tag-label\">Indiqu\u00e9 pour<\/p>\n\n\n<p class=\"wct-met-card-tag-text\">Diriger en s'appuyant sur la conscience et am\u00e9liorer les performances<\/p>\n\n<\/div>\n\n<\/div>\n\n<\/div>\n\n\n<div class=\"wp-block-column is-layout-flow wp-block-column-is-layout-flow\">\n\n<div class=\"wp-block-group wct-met-card is-layout-constrained wp-block-group-is-layout-constrained\">\n\n<h3 class=\"wp-block-heading wct-met-card-title\">Leadership Circle\u00ae<\/h3>\n\n\n<p class=\"wct-met-card-desc\">Un diagnostic \u00e0 360\u00b0 qui \u00e9tablit un lien entre les influences externes et la motivation interne.<\/p>\n\n\n<div class=\"wp-block-group wct-met-card-tag is-layout-constrained wp-block-group-is-layout-constrained\">\n\n<p class=\"wct-met-card-tag-label\">Indiqu\u00e9 pour<\/p>\n\n\n<p class=\"wct-met-card-tag-text\">Des dirigeants dans des environnements complexes<\/p>\n\n<\/div>\n\n<\/div>\n\n<\/div>\n<\/div>\n\n<\/div>\n\n\n<div class=\"wp-block-group wct-met-grup wct-met-grup-b is-layout-constrained wp-block-group-is-layout-constrained\">\n\n<div class=\"wp-block-group wct-met-grup-header is-layout-constrained wp-block-group-is-layout-constrained\">\n\n<p class=\"wct-met-grup-letra\">B.<\/p>\n\n\n<h3 class=\"wp-block-heading wct-met-grup-title\">D\u00e9veloppement<\/h3>\n\n\n<p class=\"wct-met-grup-sub\">Former, former, faire \u00e9voluer les personnes et les \u00e9quipes.<\/p>\n\n<\/div>\n\n\n<div class=\"wp-block-columns wct-met-cards-row is-layout-flex wp-container-core-columns-is-layout-28f84493 wp-block-columns-is-layout-flex\">\n\n<div class=\"wp-block-column is-layout-flow wp-block-column-is-layout-flow\">\n\n<div class=\"wp-block-group wct-met-card is-layout-constrained wp-block-group-is-layout-constrained\">\n\n<h3 class=\"wp-block-heading wct-met-card-title\">Co-Active Coaching\u00ae<\/h3>\n\n\n<p class=\"wct-met-card-desc\">Une approche centr\u00e9e sur la personne et sa capacit\u00e9 d'action.<\/p>\n\n\n<div class=\"wp-block-group wct-met-card-tag is-layout-constrained wp-block-group-is-layout-constrained\">\n\n<p class=\"wct-met-card-tag-label\">Indiqu\u00e9 pour<\/p>\n\n\n<p class=\"wct-met-card-tag-text\">Des dirigeants unis par une cause commune<\/p>\n\n<\/div>\n\n<\/div>\n\n<\/div>\n\n\n<div class=\"wp-block-column is-layout-flow wp-block-column-is-layout-flow\">\n\n<div class=\"wp-block-group wct-met-card is-layout-constrained wp-block-group-is-layout-constrained\">\n\n<h3 class=\"wp-block-heading wct-met-card-title\">Outils de formation Metalog\u00ae<\/h3>\n\n\n<p class=\"wct-met-card-desc\">Apprentissage par l'exp\u00e9rience : apprendre en faisant, en mobilisant son corps et ses \u00e9motions.<\/p>\n\n\n<div class=\"wp-block-group wct-met-card-tag is-layout-constrained wp-block-group-is-layout-constrained\">\n\n<p class=\"wct-met-card-tag-label\">Indiqu\u00e9 pour<\/p>\n\n\n<p class=\"wct-met-card-tag-text\">R\u00f4les, leadership et prise de d\u00e9cision<\/p>\n\n<\/div>\n\n<\/div>\n\n<\/div>\n\n\n<div class=\"wp-block-column is-layout-flow wp-block-column-is-layout-flow\">\n\n<div class=\"wp-block-group wct-met-card is-layout-constrained wp-block-group-is-layout-constrained\">\n\n<h3 class=\"wp-block-heading wct-met-card-title\">Lego Serious Play\u00ae<\/h3>\n\n\n<p class=\"wct-met-card-desc\">Des conversations profondes gr\u00e2ce \u00e0 la construction avec des LEGO.<\/p>\n\n\n<div class=\"wp-block-group wct-met-card-tag is-layout-constrained wp-block-group-is-layout-constrained\">\n\n<p class=\"wct-met-card-tag-label\">Indiqu\u00e9 pour<\/p>\n\n\n<p class=\"wct-met-card-tag-text\">Innovation, d\u00e9cisions et coh\u00e9sion<\/p>\n\n<\/div>\n\n<\/div>\n\n<\/div>\n\n\n<div class=\"wp-block-column is-layout-flow wp-block-column-is-layout-flow\">\n\n<div class=\"wp-block-group wct-met-card is-layout-constrained wp-block-group-is-layout-constrained\">\n\n<h3 class=\"wp-block-heading wct-met-card-title\">PNL\u00ae<\/h3>\n\n\n<p class=\"wct-met-card-desc\">Comment nous pensons, ressentons et communiquons pour changer nos habitudes.<\/p>\n\n\n<div class=\"wp-block-group wct-met-card-tag is-layout-constrained wp-block-group-is-layout-constrained\">\n\n<p class=\"wct-met-card-tag-label\">Indiqu\u00e9 pour<\/p>\n\n\n<p class=\"wct-met-card-tag-text\">Communication, comp\u00e9tences et changement de comportement<\/p>\n\n<\/div>\n\n<\/div>\n\n<\/div>\n<\/div>\n\n<\/div>\n\n\n<div class=\"wp-block-group wct-met-grup wct-met-grup-c is-layout-constrained wp-block-group-is-layout-constrained\">\n\n<div class=\"wp-block-group wct-met-grup-header is-layout-constrained wp-block-group-is-layout-constrained\">\n\n<p class=\"wct-met-grup-letra\">C.<\/p>\n\n\n<h3 class=\"wp-block-heading wct-met-grup-title\">Intervention syst\u00e9mique<\/h3>\n\n\n<p class=\"wct-met-grup-sub\">Transformer le syst\u00e8me en un tout vivant<\/p>\n\n<\/div>\n\n\n<div class=\"wp-block-columns wct-met-cards-row wct-met-cards-row-3 is-layout-flex wp-container-core-columns-is-layout-28f84493 wp-block-columns-is-layout-flex\">\n\n<div class=\"wp-block-column is-layout-flow wp-block-column-is-layout-flow\">\n\n<div class=\"wp-block-group wct-met-card is-layout-constrained wp-block-group-is-layout-constrained\">\n\n<h3 class=\"wp-block-heading wct-met-card-title\">ORSC\u00ae<\/h3>\n\n\n<p class=\"wct-met-card-desc\">Consid\u00e9rez les \u00e9quipes et les relations dans leur globalit\u00e9 : r\u00f4les, limites, \u00e9motions.<\/p>\n\n\n<div class=\"wp-block-group wct-met-card-tag is-layout-constrained wp-block-group-is-layout-constrained\">\n\n<p class=\"wct-met-card-tag-label\">Indiqu\u00e9 pour<\/p>\n\n\n<p class=\"wct-met-card-tag-text\">\u00c9volution culturelle et coh\u00e9sion d'\u00e9quipe<\/p>\n\n<\/div>\n\n<\/div>\n\n<\/div>\n\n\n<div class=\"wp-block-column is-layout-flow wp-block-column-is-layout-flow\">\n\n<div class=\"wp-block-group wct-met-card is-layout-constrained wp-block-group-is-layout-constrained\">\n\n<h3 class=\"wp-block-heading wct-met-card-title\">Facilitation syst\u00e9mique\u00ae<\/h3>\n\n\n<p class=\"wct-met-card-desc\">Nous observons des sch\u00e9mas inconscients, des \u00e9motions et des possibilit\u00e9s latentes.<\/p>\n\n\n<div class=\"wp-block-group wct-met-card-tag is-layout-constrained wp-block-group-is-layout-constrained\">\n\n<p class=\"wct-met-card-tag-label\">Indiqu\u00e9 pour<\/p>\n\n\n<p class=\"wct-met-card-tag-text\">Processus de changement et de transformation collectifs<\/p>\n\n<\/div>\n\n<\/div>\n\n<\/div>\n\n\n<div class=\"wp-block-column is-layout-flow wp-block-column-is-layout-flow\">\n\n<div class=\"wp-block-group wct-met-card is-layout-constrained wp-block-group-is-layout-constrained\">\n\n<h3 class=\"wp-block-heading wct-met-card-title\">Process Work\u00ae<\/h3>\n\n\n<p class=\"wct-met-card-desc\">Rationnel, \u00e9motionnel et physique, dans l'instant pr\u00e9sent.<\/p>\n\n\n<div class=\"wp-block-group wct-met-card-tag is-layout-constrained wp-block-group-is-layout-constrained\">\n\n<p class=\"wct-met-card-tag-label\">Indiqu\u00e9 pour<\/p>\n\n\n<p class=\"wct-met-card-tag-text\">Tensions, clivages et blocages au sein des \u00e9quipes<\/p>\n\n<\/div>\n\n<\/div>\n\n<\/div>\n<\/div>\n\n<\/div>\n\n<\/div>\n\n\n<div class=\"wp-block-group alignfull wct-met-certif is-layout-constrained wp-block-group-is-layout-constrained\">\n\n<p class=\"wct-met-certif-tagline has-text-align-center\">Depuis plus de 20 ans, nous nous perfectionnons dans l'utilisation des meilleurs outils disponibles sur le march\u00e9.<\/p>\n\n\n<div class=\"wp-block-group wct-met-certif-pills is-layout-constrained wp-block-group-is-layout-constrained\">\n\n<p class=\"wct-met-pill\">Coll\u00e8ge communautaire de Central Piedmont<\/p>\n\n\n<p class=\"wct-met-pill\">Convention internationale sur le droit de la mer<\/p>\n\n\n<p class=\"wct-met-pill\">CRR Global (ORSC\u00ae)<\/p>\n\n\n<p class=\"wct-met-pill\">Leadership Circle\u00ae<\/p>\n\n\n<p class=\"wct-met-pill\">MHS (EQ-i 2.0\u00ae)<\/p>\n\n\n<p class=\"wct-met-pill\">Pont\u00ae<\/p>\n\n\n<p class=\"wct-met-pill\">Outils de formation Metalog\u00ae<\/p>\n\n\n<p class=\"wct-met-pill\">Sikkhona\u00ae<\/p>\n\n\n<p class=\"wct-met-pill\">Institut de Process Work<\/p>\n\n\n<p class=\"wct-met-pill\">Facilitation des syst\u00e8mes<\/p>\n\n\n<p class=\"wct-met-pill\">Association de PNL<\/p>\n\n\n<p class=\"wct-met-pill\">LEGO\u00ae Serious Play\u00ae<\/p>\n<\/div>\n\n<\/div>\n\n\n<div class=\"wp-block-group alignfull wct-met-cta-final is-layout-constrained wp-block-group-is-layout-constrained\">\n\n<h2 class=\"wp-block-heading wct-met-cta-final-h2 has-text-align-center\">Vous voulez savoir quels outils sont adapt\u00e9s \u00e0 votre situation ?<\/h2>\n\n\n<p class=\"wct-met-cta-final-text has-text-align-center\">Tous les outils ne conviennent pas \u00e0 toutes les situations. Au cours d'un entretien de 30 minutes, nous vous aiderons \u00e0 d\u00e9terminer ceux qui conviennent le mieux \u00e0 votre \u00e9quipe ou \u00e0 votre organisation.<\/p>\n\n\n<div class=\"wp-block-buttons wct-met-cta-final-btn-wrap is-content-justification-center is-layout-flex wp-container-core-buttons-is-layout-a89b3969 wp-block-buttons-is-layout-flex\">\n\n<div class=\"wp-block-button wct-met-btn-primary\"><a class=\"wp-block-button__link wp-element-button\" href=\"\/fr\/contact\/\">R\u00e9servez un appel gratuit \u2192<\/a><\/div>\n\n<\/div>\n\n<\/div>","protected":false},"excerpt":{"rendered":"<p>LA NOSTRA MIRADA Primer mirem. Despr\u00e9s intervenim. Una metodologia no \u00e9s una eina: \u00e9s una manera de mirar. Les nostres eines s&#8217;escullen, es combinen i s&#8217;adapten per acompanyar cada organitzaci\u00f3 en el seu moment. PRINCIPIS La nostra manera de mirar 01 Cap organitzaci\u00f3 \u00e9s el problema. \u00c9s un sistema que ens est\u00e0 parlant. 02 El [&hellip;]<\/p>\n","protected":false},"author":1,"featured_media":0,"parent":0,"menu_order":0,"comment_status":"closed","ping_status":"closed","template":"","meta":{"_uag_custom_page_level_css":"","site-sidebar-layout":"no-sidebar","site-content-layout":"page-builder","ast-site-content-layout":"full-width-container","site-content-style":"unboxed","site-sidebar-style":"unboxed","ast-global-header-display":"","ast-banner-title-visibility":"","ast-main-header-display":"","ast-hfb-above-header-display":"","ast-hfb-below-header-display":"","ast-hfb-mobile-header-display":"","site-post-title":"disabled","ast-breadcrumbs-content":"","ast-featured-img":"disabled","footer-sml-layout":"","theme-transparent-header-meta":"enabled","adv-header-id-meta":"","stick-header-meta":"","header-above-stick-meta":"","header-main-stick-meta":"","header-below-stick-meta":"","astra-migrate-meta-layouts":"set","ast-page-background-enabled":"default","ast-page-background-meta":{"desktop":{"background-color":"","background-image":"","background-repeat":"repeat","background-position":"center center","background-size":"auto","background-attachment":"scroll","background-type":"","background-media":"","overlay-type":"","overlay-color":"","overlay-opacity":"","overlay-gradient":""},"tablet":{"background-color":"","background-image":"","background-repeat":"repeat","background-position":"center center","background-size":"auto","background-attachment":"scroll","background-type":"","background-media":"","overlay-type":"","overlay-color":"","overlay-opacity":"","overlay-gradient":""},"mobile":{"background-color":"","background-image":"","background-repeat":"repeat","background-position":"center center","background-size":"auto","background-attachment":"scroll","background-type":"","background-media":"","overlay-type":"","overlay-color":"","overlay-opacity":"","overlay-gradient":""}},"ast-content-background-meta":{"desktop":{"background-color":"var(--ast-global-color-5)","background-image":"","background-repeat":"repeat","background-position":"center center","background-size":"auto","background-attachment":"scroll","background-type":"","background-media":"","overlay-type":"","overlay-color":"","overlay-opacity":"","overlay-gradient":""},"tablet":{"background-color":"var(--ast-global-color-5)","background-image":"","background-repeat":"repeat","background-position":"center center","background-size":"auto","background-attachment":"scroll","background-type":"","background-media":"","overlay-type":"","overlay-color":"","overlay-opacity":"","overlay-gradient":""},"mobile":{"background-color":"var(--ast-global-color-5)","background-image":"","background-repeat":"repeat","background-position":"center center","background-size":"auto","background-attachment":"scroll","background-type":"","background-media":"","overlay-type":"","overlay-color":"","overlay-opacity":"","overlay-gradient":""}},"footnotes":""},"class_list":["post-1974","page","type-page","status-publish","hentry"],"uagb_featured_image_src":{"full":false,"thumbnail":false,"medium":false,"medium_large":false,"large":false,"1536x1536":false,"2048x2048":false,"trp-custom-language-flag":false},"uagb_author_info":{"display_name":"gemma.mateu","author_link":"https:\/\/windcattraining.com\/fr\/author\/gemma-mateu\/"},"uagb_comment_info":0,"uagb_excerpt":"LA NOSTRA MIRADA Primer mirem. Despr\u00e9s intervenim. Una metodologia no \u00e9s una eina: \u00e9s una manera de mirar. Les nostres eines s&#8217;escullen, es combinen i s&#8217;adapten per acompanyar cada organitzaci\u00f3 en el seu moment. PRINCIPIS La nostra manera de mirar 01 Cap organitzaci\u00f3 \u00e9s el problema. \u00c9s un sistema que ens est\u00e0 parlant. 02 El\u2026","_links":{"self":[{"href":"https:\/\/windcattraining.com\/fr\/wp-json\/wp\/v2\/pages\/1974","targetHints":{"allow":["GET"]}}],"collection":[{"href":"https:\/\/windcattraining.com\/fr\/wp-json\/wp\/v2\/pages"}],"about":[{"href":"https:\/\/windcattraining.com\/fr\/wp-json\/wp\/v2\/types\/page"}],"author":[{"embeddable":true,"href":"https:\/\/windcattraining.com\/fr\/wp-json\/wp\/v2\/users\/1"}],"replies":[{"embeddable":true,"href":"https:\/\/windcattraining.com\/fr\/wp-json\/wp\/v2\/comments?post=1974"}],"version-history":[{"count":4,"href":"https:\/\/windcattraining.com\/fr\/wp-json\/wp\/v2\/pages\/1974\/revisions"}],"predecessor-version":[{"id":2003,"href":"https:\/\/windcattraining.com\/fr\/wp-json\/wp\/v2\/pages\/1974\/revisions\/2003"}],"wp:attachment":[{"href":"https:\/\/windcattraining.com\/fr\/wp-json\/wp\/v2\/media?parent=1974"}],"curies":[{"name":"wp","href":"https:\/\/api.w.org\/{rel}","templated":true}]}}