{"id":1734,"date":"2026-03-29T14:14:56","date_gmt":"2026-03-29T14:14:56","guid":{"rendered":"https:\/\/windcattraining.com\/politica-de-cookies\/"},"modified":"2026-04-18T10:09:26","modified_gmt":"2026-04-18T10:09:26","slug":"politica-de-cookies","status":"publish","type":"page","link":"https:\/\/windcattraining.com\/fr\/politica-de-cookies\/","title":{"rendered":"Politique en mati\u00e8re de cookies"},"content":{"rendered":"<div style=\"max-width:800px;margin:0 auto;padding:60px 32px;font-family:Poppins,sans-serif;color:#444;line-height:1.8;\">\n<h1 style=\"font-family:'DM Serif Display',serif;font-size:42px;color:#1a4a4f;margin:0 0 40px;\">Politique en mati\u00e8re de cookies<\/h1>\n<p style=\"font-size:14px;color:#888;margin:0 0 40px;\">Derni\u00e8re mise \u00e0 jour : mars 2026<\/p>\n<h2 style=\"font-family:'DM Serif Display',serif;font-size:24px;color:#1a4a4f;margin:40px 0 16px;\">Que sont les cookies ?<\/h2>\n<p>Les cookies sont de petits fichiers qui sont enregistr\u00e9s sur votre appareil lorsque vous consultez un site web. Ils permettent au site web de m\u00e9moriser vos pr\u00e9f\u00e9rences et d'am\u00e9liorer votre exp\u00e9rience de navigation.<\/p>\n<h2 style=\"font-family:'DM Serif Display',serif;font-size:24px;color:#1a4a4f;margin:40px 0 16px;\">Quels cookies utilisons-nous ?<\/h2>\n<h3 style=\"font-size:18px;color:#1a4a4f;margin:24px 0 8px;\">Cookies techniques (indispensables)<\/h3>\n<p>Ils sont indispensables au bon fonctionnement du site web. Sans eux, le site ne fonctionnerait pas correctement. Ils ne n\u00e9cessitent pas votre consentement.<\/p>\n<h3 style=\"font-size:18px;color:#1a4a4f;margin:24px 0 8px;\">Cookies d'analyse<\/h3>\n<p>Ils nous permettent de voir comment les utilisateurs interagissent avec le site web afin de l'am\u00e9liorer. Ils n\u00e9cessitent votre consentement pr\u00e9alable.<\/p>\n<h2 style=\"font-family:'DM Serif Display',serif;font-size:24px;color:#1a4a4f;margin:40px 0 16px;\">Comment g\u00e9rer les cookies ?<\/h2>\n<p>Vous pouvez configurer votre navigateur pour bloquer ou supprimer les cookies. Veuillez noter que cela peut affecter le fonctionnement de certaines parties du site web.<\/p>\n<h2 style=\"font-family:'DM Serif Display',serif;font-size:24px;color:#1a4a4f;margin:40px 0 16px;\">Plus d'informations<\/h2>\n<p>Pour toute question concernant l'utilisation des cookies, veuillez nous contacter \u00e0 l'adresse suivante : <a href=\"mailto:gemma@windcattraining.com\" style=\"color:#2d6b7a;\">gemma@windcattraining.com<\/a>.<\/p>\n<\/div>","protected":false},"excerpt":{"rendered":"<p>Pol\u00edtica de Cookies \u00daltima actualitzaci\u00f3: mar\u00e7 2026 Qu\u00e8 s\u00f3n les cookies? Les cookies s\u00f3n fitxers petits que s&#8217;emmagatzemen al vostre dispositiu quan visiteu un lloc web. Permeten que el lloc web recordi les vostres prefer\u00e8ncies i millorin la vostra experi\u00e8ncia de navegaci\u00f3. Quines cookies utilitzem? Cookies t\u00e8cniques (necess\u00e0ries) S\u00f3n imprescindibles per al funcionament del lloc [&hellip;]<\/p>\n","protected":false},"author":1,"featured_media":0,"parent":0,"menu_order":0,"comment_status":"closed","ping_status":"closed","template":"","meta":{"_uag_custom_page_level_css":"","site-sidebar-layout":"default","site-content-layout":"","ast-site-content-layout":"default","site-content-style":"default","site-sidebar-style":"default","ast-global-header-display":"","ast-banner-title-visibility":"","ast-main-header-display":"","ast-hfb-above-header-display":"","ast-hfb-below-header-display":"","ast-hfb-mobile-header-display":"","site-post-title":"","ast-breadcrumbs-content":"","ast-featured-img":"","footer-sml-layout":"","ast-disable-related-posts":"","theme-transparent-header-meta":"","adv-header-id-meta":"","stick-header-meta":"","header-above-stick-meta":"","header-main-stick-meta":"","header-below-stick-meta":"","astra-migrate-meta-layouts":"set","ast-page-background-enabled":"default","ast-page-background-meta":{"desktop":{"background-color":"","background-image":"","background-repeat":"repeat","background-position":"center center","background-size":"auto","background-attachment":"scroll","background-type":"","background-media":"","overlay-type":"","overlay-color":"","overlay-opacity":"","overlay-gradient":""},"tablet":{"background-color":"","background-image":"","background-repeat":"repeat","background-position":"center center","background-size":"auto","background-attachment":"scroll","background-type":"","background-media":"","overlay-type":"","overlay-color":"","overlay-opacity":"","overlay-gradient":""},"mobile":{"background-color":"","background-image":"","background-repeat":"repeat","background-position":"center center","background-size":"auto","background-attachment":"scroll","background-type":"","background-media":"","overlay-type":"","overlay-color":"","overlay-opacity":"","overlay-gradient":""}},"ast-content-background-meta":{"desktop":{"background-color":"var(--ast-global-color-5)","background-image":"","background-repeat":"repeat","background-position":"center center","background-size":"auto","background-attachment":"scroll","background-type":"","background-media":"","overlay-type":"","overlay-color":"","overlay-opacity":"","overlay-gradient":""},"tablet":{"background-color":"var(--ast-global-color-5)","background-image":"","background-repeat":"repeat","background-position":"center center","background-size":"auto","background-attachment":"scroll","background-type":"","background-media":"","overlay-type":"","overlay-color":"","overlay-opacity":"","overlay-gradient":""},"mobile":{"background-color":"var(--ast-global-color-5)","background-image":"","background-repeat":"repeat","background-position":"center center","background-size":"auto","background-attachment":"scroll","background-type":"","background-media":"","overlay-type":"","overlay-color":"","overlay-opacity":"","overlay-gradient":""}},"footnotes":""},"class_list":["post-1734","page","type-page","status-publish","hentry"],"uagb_featured_image_src":{"full":false,"thumbnail":false,"medium":false,"medium_large":false,"large":false,"1536x1536":false,"2048x2048":false,"trp-custom-language-flag":false},"uagb_author_info":{"display_name":"gemma.mateu","author_link":"https:\/\/windcattraining.com\/fr\/author\/gemma-mateu\/"},"uagb_comment_info":0,"uagb_excerpt":"Pol\u00edtica de Cookies \u00daltima actualitzaci\u00f3: mar\u00e7 2026 Qu\u00e8 s\u00f3n les cookies? Les cookies s\u00f3n fitxers petits que s&#8217;emmagatzemen al vostre dispositiu quan visiteu un lloc web. Permeten que el lloc web recordi les vostres prefer\u00e8ncies i millorin la vostra experi\u00e8ncia de navegaci\u00f3. Quines cookies utilitzem? Cookies t\u00e8cniques (necess\u00e0ries) S\u00f3n imprescindibles per al funcionament del lloc\u2026","_links":{"self":[{"href":"https:\/\/windcattraining.com\/fr\/wp-json\/wp\/v2\/pages\/1734","targetHints":{"allow":["GET"]}}],"collection":[{"href":"https:\/\/windcattraining.com\/fr\/wp-json\/wp\/v2\/pages"}],"about":[{"href":"https:\/\/windcattraining.com\/fr\/wp-json\/wp\/v2\/types\/page"}],"author":[{"embeddable":true,"href":"https:\/\/windcattraining.com\/fr\/wp-json\/wp\/v2\/users\/1"}],"replies":[{"embeddable":true,"href":"https:\/\/windcattraining.com\/fr\/wp-json\/wp\/v2\/comments?post=1734"}],"version-history":[{"count":1,"href":"https:\/\/windcattraining.com\/fr\/wp-json\/wp\/v2\/pages\/1734\/revisions"}],"predecessor-version":[{"id":1899,"href":"https:\/\/windcattraining.com\/fr\/wp-json\/wp\/v2\/pages\/1734\/revisions\/1899"}],"wp:attachment":[{"href":"https:\/\/windcattraining.com\/fr\/wp-json\/wp\/v2\/media?parent=1734"}],"curies":[{"name":"wp","href":"https:\/\/api.w.org\/{rel}","templated":true}]}}