{"id":1733,"date":"2026-03-29T14:14:56","date_gmt":"2026-03-29T14:14:56","guid":{"rendered":"https:\/\/windcattraining.com\/politica-de-privacitat\/"},"modified":"2026-04-18T10:05:53","modified_gmt":"2026-04-18T10:05:53","slug":"politica-de-privacitat","status":"publish","type":"page","link":"https:\/\/windcattraining.com\/fr\/politica-de-privacitat\/","title":{"rendered":"Politique de confidentialit\u00e9"},"content":{"rendered":"<div style=\"max-width:800px;margin:0 auto;padding:60px 32px;font-family:Poppins,sans-serif;color:#444;line-height:1.8;\">\n<h1 style=\"font-family:'DM Serif Display',serif;font-size:42px;color:#1a4a4f;margin:0 0 40px;\">Politique de confidentialit\u00e9<\/h1>\n<p style=\"font-size:14px;color:#888;margin:0 0 40px;\">Derni\u00e8re mise \u00e0 jour : mars 2026<\/p>\n<h2 style=\"font-family:'DM Serif Display',serif;font-size:24px;color:#1a4a4f;margin:40px 0 16px;\">1. Responsable du traitement<\/h2>\n<p>Le responsable du traitement est :<br \/>\n<strong>Formation Wind Cat<\/strong><br \/>\n161, rue Calabria, 08015 Barcelone<br \/>\nE-mail : gemma@windcattraining.com<br \/>\nT\u00e9l. : 00 34 663 981 631<\/p>\n<h2 style=\"font-family:'DM Serif Display',serif;font-size:24px;color:#1a4a4f;margin:40px 0 16px;\">2. Les donn\u00e9es que nous collectons<\/h2>\n<p>Nous recueillons les donn\u00e9es que vous nous fournissez volontairement via le formulaire de contact :<\/p>\n<ul>\n<li>Pr\u00e9nom et nom<\/li>\n<li>Adresse e-mail<\/li>\n<li>Num\u00e9ro de t\u00e9l\u00e9phone (facultatif)<\/li>\n<li>Message ou demande de renseignements<\/li>\n<\/ul>\n<h2 style=\"font-family:'DM Serif Display',serif;font-size:24px;color:#1a4a4f;margin:40px 0 16px;\">3. Finalit\u00e9 du traitement<\/h2>\n<p>Les donn\u00e9es collect\u00e9es sont utilis\u00e9es exclusivement pour :<\/p>\n<ul>\n<li>Pour r\u00e9pondre \u00e0 vos questions et demandes<\/li>\n<li>G\u00e9rer les relations commerciales et professionnelles<\/li>\n<li>Pour vous envoyer des informations sur nos services, si vous nous y avez autoris\u00e9s.<\/li>\n<\/ul>\n<h2 style=\"font-family:'DM Serif Display',serif;font-size:24px;color:#1a4a4f;margin:40px 0 16px;\">4. Base juridique<\/h2>\n<p>Le traitement de vos donn\u00e9es repose sur votre consentement explicite (article 6, paragraphe 1, point a), du RGPD) et sur l'ex\u00e9cution d'un contrat ou d'une relation pr\u00e9contractuelle (article 6, paragraphe 1, point b), du RGPD).<\/p>\n<h2 style=\"font-family:'DM Serif Display',serif;font-size:24px;color:#1a4a4f;margin:40px 0 16px;\">5. Conservation des donn\u00e9es<\/h2>\n<p>Nous conservons vos donn\u00e9es aussi longtemps que n\u00e9cessaire pour atteindre l'objectif pour lequel elles ont \u00e9t\u00e9 collect\u00e9es et, dans tous les cas, pendant les dur\u00e9es pr\u00e9vues par la loi.<\/p>\n<h2 style=\"font-family:'DM Serif Display',serif;font-size:24px;color:#1a4a4f;margin:40px 0 16px;\">6. Droits des utilisateurs<\/h2>\n<p>Vous pouvez exercer vos droits d'acc\u00e8s, de rectification, d'effacement, d'opposition, de limitation et de portabilit\u00e9 de vos donn\u00e9es en envoyant un e-mail \u00e0 <a href=\"mailto:gemma@windcattraining.com\" style=\"color:#2d6b7a;\">gemma@windcattraining.com<\/a>.<\/p>\n<p>Si vous estimez que le traitement de vos donn\u00e9es n'est pas conforme \u00e0 la l\u00e9gislation en vigueur, vous pouvez d\u00e9poser une r\u00e9clamation aupr\u00e8s de l'Agence espagnole de protection des donn\u00e9es (www.aepd.es).<\/p>\n<h2 style=\"font-family:'DM Serif Display',serif;font-size:24px;color:#1a4a4f;margin:40px 0 16px;\">7. Cookies<\/h2>\n<p>Ce site web utilise des cookies techniques indispensables \u00e0 son fonctionnement. Pour plus d'informations, veuillez consulter notre <a href=\"\/fr\/politica-de-cookies\/\" style=\"color:#2d6b7a;\">Politique en mati\u00e8re de cookies<\/a>.<\/p>\n<h2 style=\"font-family:'DM Serif Display',serif;font-size:24px;color:#1a4a4f;margin:40px 0 16px;\">8. S\u00e9curit\u00e9<\/h2>\n<p>Nous mettons en \u0153uvre les mesures techniques et organisationnelles appropri\u00e9es pour prot\u00e9ger vos donn\u00e9es \u00e0 caract\u00e8re personnel contre tout acc\u00e8s non autoris\u00e9, toute perte ou toute destruction.<\/p>\n<\/div>","protected":false},"excerpt":{"rendered":"<p>Pol\u00edtica de Privacitat \u00daltima actualitzaci\u00f3: mar\u00e7 2026 1. Responsable del tractament El responsable del tractament de les dades personals \u00e9s: Wind Cat Training Carrer de Cal\u00e0bria 161, 08015 Barcelona Email: gemma@windcattraining.com Tel: 00 34 663 981 631 2. Dades que recollim Recollim les dades que ens proporcioneu volunt\u00e0riament a trav\u00e9s del formulari de contacte: Nom [&hellip;]<\/p>\n","protected":false},"author":1,"featured_media":0,"parent":0,"menu_order":0,"comment_status":"closed","ping_status":"closed","template":"","meta":{"_uag_custom_page_level_css":"","site-sidebar-layout":"default","site-content-layout":"","ast-site-content-layout":"default","site-content-style":"default","site-sidebar-style":"default","ast-global-header-display":"","ast-banner-title-visibility":"","ast-main-header-display":"","ast-hfb-above-header-display":"","ast-hfb-below-header-display":"","ast-hfb-mobile-header-display":"","site-post-title":"","ast-breadcrumbs-content":"","ast-featured-img":"","footer-sml-layout":"","ast-disable-related-posts":"","theme-transparent-header-meta":"","adv-header-id-meta":"","stick-header-meta":"","header-above-stick-meta":"","header-main-stick-meta":"","header-below-stick-meta":"","astra-migrate-meta-layouts":"set","ast-page-background-enabled":"default","ast-page-background-meta":{"desktop":{"background-color":"","background-image":"","background-repeat":"repeat","background-position":"center center","background-size":"auto","background-attachment":"scroll","background-type":"","background-media":"","overlay-type":"","overlay-color":"","overlay-opacity":"","overlay-gradient":""},"tablet":{"background-color":"","background-image":"","background-repeat":"repeat","background-position":"center center","background-size":"auto","background-attachment":"scroll","background-type":"","background-media":"","overlay-type":"","overlay-color":"","overlay-opacity":"","overlay-gradient":""},"mobile":{"background-color":"","background-image":"","background-repeat":"repeat","background-position":"center center","background-size":"auto","background-attachment":"scroll","background-type":"","background-media":"","overlay-type":"","overlay-color":"","overlay-opacity":"","overlay-gradient":""}},"ast-content-background-meta":{"desktop":{"background-color":"var(--ast-global-color-5)","background-image":"","background-repeat":"repeat","background-position":"center center","background-size":"auto","background-attachment":"scroll","background-type":"","background-media":"","overlay-type":"","overlay-color":"","overlay-opacity":"","overlay-gradient":""},"tablet":{"background-color":"var(--ast-global-color-5)","background-image":"","background-repeat":"repeat","background-position":"center center","background-size":"auto","background-attachment":"scroll","background-type":"","background-media":"","overlay-type":"","overlay-color":"","overlay-opacity":"","overlay-gradient":""},"mobile":{"background-color":"var(--ast-global-color-5)","background-image":"","background-repeat":"repeat","background-position":"center center","background-size":"auto","background-attachment":"scroll","background-type":"","background-media":"","overlay-type":"","overlay-color":"","overlay-opacity":"","overlay-gradient":""}},"footnotes":""},"class_list":["post-1733","page","type-page","status-publish","hentry"],"uagb_featured_image_src":{"full":false,"thumbnail":false,"medium":false,"medium_large":false,"large":false,"1536x1536":false,"2048x2048":false,"trp-custom-language-flag":false},"uagb_author_info":{"display_name":"gemma.mateu","author_link":"https:\/\/windcattraining.com\/fr\/author\/gemma-mateu\/"},"uagb_comment_info":0,"uagb_excerpt":"Pol\u00edtica de Privacitat \u00daltima actualitzaci\u00f3: mar\u00e7 2026 1. Responsable del tractament El responsable del tractament de les dades personals \u00e9s: Wind Cat Training Carrer de Cal\u00e0bria 161, 08015 Barcelona Email: gemma@windcattraining.com Tel: 00 34 663 981 631 2. Dades que recollim Recollim les dades que ens proporcioneu volunt\u00e0riament a trav\u00e9s del formulari de contacte: Nom\u2026","_links":{"self":[{"href":"https:\/\/windcattraining.com\/fr\/wp-json\/wp\/v2\/pages\/1733","targetHints":{"allow":["GET"]}}],"collection":[{"href":"https:\/\/windcattraining.com\/fr\/wp-json\/wp\/v2\/pages"}],"about":[{"href":"https:\/\/windcattraining.com\/fr\/wp-json\/wp\/v2\/types\/page"}],"author":[{"embeddable":true,"href":"https:\/\/windcattraining.com\/fr\/wp-json\/wp\/v2\/users\/1"}],"replies":[{"embeddable":true,"href":"https:\/\/windcattraining.com\/fr\/wp-json\/wp\/v2\/comments?post=1733"}],"version-history":[{"count":2,"href":"https:\/\/windcattraining.com\/fr\/wp-json\/wp\/v2\/pages\/1733\/revisions"}],"predecessor-version":[{"id":1898,"href":"https:\/\/windcattraining.com\/fr\/wp-json\/wp\/v2\/pages\/1733\/revisions\/1898"}],"wp:attachment":[{"href":"https:\/\/windcattraining.com\/fr\/wp-json\/wp\/v2\/media?parent=1733"}],"curies":[{"name":"wp","href":"https:\/\/api.w.org\/{rel}","templated":true}]}}