{"id":135,"date":"2025-03-28T20:47:59","date_gmt":"2025-03-28T20:47:59","guid":{"rendered":"https:\/\/windcattraining.com\/home\/"},"modified":"2026-03-29T16:28:54","modified_gmt":"2026-03-29T16:28:54","slug":"home","status":"publish","type":"page","link":"https:\/\/windcattraining.com\/fr\/","title":{"rendered":"Accueil"},"content":{"rendered":"<div class=\"wp-block-uagb-container uagb-block-5fe6a32d alignfull uagb-is-root-container\"><div class=\"uagb-container-inner-blocks-wrap\">\n<div class=\"wp-block-uagb-advanced-heading uagb-block-739ef4ec\"><p class=\"uagb-desc-text\">Depuis plus de 20 ans, nous accompagnons les dirigeants et les \u00e9quipes<\/p><h1 class=\"uagb-heading-text\">C'est vous qui serez \u00e0 l'origine d'un v\u00e9ritable changement. Nous vous aidons \u00e0 percevoir ce qui est invisible et \u00e0 aller de l'avant \u00e0 partir de l\u00e0.<\/h1><\/div>\n\n\n\n<p class=\"has-ast-global-color-5-color has-text-color has-link-color wp-elements-966a25c457d951c5acec696d95f0b902\">Nous cr\u00e9ons des espaces de r\u00e9flexion afin que les personnes et les \u00e9quipes puissent d\u00e9cider de la voie qu'elles souhaitent suivre. Nous sommes un compagnon de route, pas une solution impos\u00e9e de l'ext\u00e9rieur.<\/p>\n\n\n\n<div class=\"wp-block-uagb-buttons uagb-buttons__outer-wrap uagb-btn__default-btn uagb-btn-tablet__default-btn uagb-btn-mobile__default-btn uagb-block-969bbd22\"><div class=\"uagb-buttons__wrap uagb-buttons-layout-wrap\">\n<div class=\"wp-block-uagb-buttons-child uagb-buttons__outer-wrap uagb-block-887a5985 wp-block-button\"><div class=\"uagb-button__wrapper\"><a class=\"uagb-buttons-repeater wp-block-button__link\" aria-label=\"\" href=\"https:\/\/windcattraining.com\/fr\/contact\/\" rel=\"follow noopener\" target=\"_self\" role=\"button\"><div class=\"uagb-button__link\">Prenez rendez-vous pour un entretien de diagnostic gratuit<\/div><\/a><\/div><\/div>\n<\/div><\/div>\n<\/div><\/div>\n\n\n\n<div style=\"height:34px\" aria-hidden=\"true\" class=\"wp-block-spacer\"><\/div>\n\n\n\n<div class=\"wp-block-uagb-container uagb-block-16705ced alignfull uagb-is-root-container\"><div class=\"uagb-container-inner-blocks-wrap\">\n<div class=\"wp-block-uagb-container uagb-block-24c0c3c8\">\n<div class=\"wp-block-uagb-counter uagb-block-d64091dc wp-block-uagb-counter--number\"><div class=\"wp-block-uagb-counter__number\"><span class=\"uagb-counter-block-prefix\">+<\/span><span class=\"uagb-counter-block-number\" data-duration=\"2\" data-to-value=\"200\" data-from-value=\"0\" data-delimiter=\",\"><\/span><\/div><div class=\"wp-block-uagb-counter__title\">\u00e9quipes encadr\u00e9es<\/div><\/div>\n<\/div>\n\n\n\n<div class=\"wp-block-uagb-container uagb-block-1149ac54\">\n<div class=\"wp-block-uagb-counter uagb-block-72cb5e7c wp-block-uagb-counter--number\"><div class=\"wp-block-uagb-counter__number\"><span class=\"uagb-counter-block-number\" data-duration=\"2\" data-to-value=\"20\" data-from-value=\"15\" data-delimiter=\",\"><\/span><\/div><div class=\"wp-block-uagb-counter__title\">ans d'exp\u00e9rience<\/div><\/div>\n<\/div>\n\n\n\n<div class=\"wp-block-uagb-container uagb-block-83682f73\">\n<div class=\"wp-block-uagb-counter uagb-block-9c86c2b9 wp-block-uagb-counter--number\"><div class=\"wp-block-uagb-counter__number\"><span class=\"uagb-counter-block-number\" data-duration=\"2\" data-to-value=\"4\" data-from-value=\"0\" data-delimiter=\",\"><\/span><\/div><div class=\"wp-block-uagb-counter__title\">Langues de travail<\/div><\/div>\n<\/div>\n\n\n\n<div class=\"wp-block-uagb-container uagb-block-7d3c9af6\">\n<div class=\"wp-block-uagb-counter uagb-block-b7103459 wp-block-uagb-counter--number\"><div class=\"wp-block-uagb-counter__number\"><span class=\"uagb-counter-block-number\" data-duration=\"2\" data-to-value=\"92\" data-from-value=\"0\" data-delimiter=\",\"><\/span><span class=\"uagb-counter-block-suffix\">%<\/span><\/div><div class=\"wp-block-uagb-counter__title\">Les clients reviennent<\/div><\/div>\n<\/div>\n<\/div><\/div>\n\n\n\n<hr class=\"wp-block-separator has-alpha-channel-opacity\"\/>\n\n\n\n<h2 class=\"wp-block-heading has-text-align-center\">Nous travaillons avec des organisations dans des secteurs tels que<\/h2>\n\n\n\n<p class=\"has-text-align-center\">Secteur bancaire \u00b7 Industrie pharmaceutique \u00b7 Assurances \u00b7 Immobilier \u00b7 H\u00f4tellerie et restauration \u00b7 Entreprises familiales \u00b7 Industrie \u00b7 Organisations \u00e0 vocation sociale \u00b7 Administration publique  <\/p>\n\n\n\n<hr class=\"wp-block-separator has-alpha-channel-opacity\"\/>\n\n\n\n<div class=\"wp-block-uagb-container uagb-block-36ef4283 alignfull uagb-is-root-container\"><div class=\"uagb-container-inner-blocks-wrap\">\n<div style=\"height:53px\" aria-hidden=\"true\" class=\"wp-block-spacer\"><\/div>\n<\/div><\/div>\n\n\n\n<div class=\"wp-block-uagb-container uagb-block-ed81858a alignfull uagb-is-root-container\"><div class=\"uagb-container-inner-blocks-wrap\">\n<h2 class=\"wp-block-heading has-text-align-center\">L'une de ces situations vous semble-t-elle famili\u00e8re ?<\/h2>\n<\/div><\/div>\n\n\n\n<div class=\"wp-block-uagb-container uagb-block-58a67bf6 alignfull uagb-is-root-container\"><div class=\"uagb-container-inner-blocks-wrap\">\n<div class=\"wp-block-uagb-container uagb-block-a8de8cd1\">\n<div class=\"wp-block-uagb-info-box uagb-block-b5e31add uagb-infobox__content-wrap  uagb-infobox-icon-above-title uagb-infobox-image-valign-top\"><div class=\"uagb-ifb-content\"><div class=\"uagb-ifb-title-wrap\"><h3 class=\"uagb-ifb-title\">01<strong><br><\/strong>\u00c9quipe verrouill\u00e9e<\/h3><\/div><p class=\"uagb-ifb-desc\">Des r\u00e9unions qui s'\u00e9ternisent, des d\u00e9cisions qui ne se concr\u00e9tisent jamais et des tensions qui deviennent chroniques.<\/p><\/div><\/div>\n<\/div>\n\n\n\n<div class=\"wp-block-uagb-container uagb-block-cb649237\">\n<div class=\"wp-block-uagb-info-box uagb-block-0f5c6a25 uagb-infobox__content-wrap  uagb-infobox-icon-above-title uagb-infobox-image-valign-top\"><div class=\"uagb-ifb-content\"><div class=\"uagb-ifb-title-wrap\"><h3 class=\"uagb-ifb-title\">02<strong><br><\/strong>Des dirigeants \u00e9puis\u00e9s<\/h3><\/div><p class=\"uagb-ifb-desc\">Les cadres et les responsables qui ont trop de pouvoir et qui trouvent peu de v\u00e9ritables alli\u00e9s au sein de leur \u00e9quipe.<\/p><\/div><\/div>\n<\/div>\n\n\n\n<div class=\"wp-block-uagb-container uagb-block-37be5d46\">\n<div class=\"wp-block-uagb-info-box uagb-block-ed6ad93a uagb-infobox__content-wrap  uagb-infobox-icon-above-title uagb-infobox-image-valign-top\"><div class=\"uagb-ifb-content\"><div class=\"uagb-ifb-title-wrap\"><h3 class=\"uagb-ifb-title\">03<strong><br><\/strong>Fuite des talents <\/h3><\/div><p class=\"uagb-ifb-desc\">Des collaborateurs pr\u00e9cieux qui se d\u00e9sengagent, s'\u00e9puisent ou finissent par partir.<\/p><\/div><\/div>\n<\/div>\n\n\n\n<div class=\"wp-block-uagb-container uagb-block-7fc4a584\">\n<div class=\"wp-block-uagb-info-box uagb-block-72608e1d uagb-infobox__content-wrap  uagb-infobox-icon-above-title uagb-infobox-image-valign-top wp-block-uagb-info-box--has-margin\"><div class=\"uagb-infobox-margin-wrapper\"><div class=\"uagb-ifb-content\"><div class=\"uagb-ifb-title-wrap\"><h3 class=\"uagb-ifb-title\">04<br>R\u00e9sistance au changement<\/h3><\/div><p class=\"uagb-ifb-desc\">Des processus de transformation qui semblent logiques sur le papier, mais qui, dans la pratique, n'avancent pas.<\/p><\/div><\/div><\/div>\n<\/div>\n<\/div><\/div>\n\n\n\n<div style=\"background:#f5f0e8;padding:32px 40px;text-align:center;border-top:1px solid #e0d8c8;\">\n  <p style=\"font-family:Poppins,sans-serif;font-size:16px;font-style:italic;color:#2d6b7a;max-width:700px;margin:0 auto;line-height:1.8;\">\n    Vous n'\u00eates pas seul dans cette situation. De nombreuses organisations passent par l\u00e0 avant de franchir le pas. Nous vous aiderons \u00e0 comprendre ce qui se passe. C'est vous qui d\u00e9ciderez jusqu'o\u00f9 vous souhaitez aller et quels changements vous souhaitez mettre en \u0153uvre.\n  <\/p>\n<\/div>\n\n\n\n<div style=\"height:53px\" aria-hidden=\"true\" class=\"wp-block-spacer\"><\/div>\n\n\n\n<h2 class=\"wp-block-heading has-text-align-center\">Comment pouvons-nous vous aider ?<\/h2>\n\n\n\n<div class=\"wp-block-uagb-container uagb-block-2e8a1cac alignfull uagb-is-root-container\"><div class=\"uagb-container-inner-blocks-wrap\">\n<div class=\"wp-block-uagb-container uagb-block-b5a07519\">\n<div class=\"wp-block-uagb-info-box uagb-block-314dc728 uagb-infobox__content-wrap  uagb-infobox-icon-above-title uagb-infobox-image-valign-top\"><div class=\"uagb-ifb-content\"><div class=\"uagb-ifb-title-wrap\"><h3 class=\"uagb-ifb-title\">Changement organisationnel<\/h3><\/div><p class=\"uagb-ifb-desc\">Gestion du changement et de la culture d'entreprise : nous accompagnons votre transformation pour veiller \u00e0 ce que personne ne soit laiss\u00e9 pour compte. Nous nous adaptons \u00e0 votre calendrier et \u00e0 votre situation ; nous n'imposons pas de m\u00e9thodes rigides.<br><br>Pour les organisations qui traversent des moments d\u00e9cisifs : restructurations, changement de direction ou \u00e9volution culturelle.<\/p><div class=\"uagb-ifb-button-wrapper wp-block-button\"><a href=\"\/fr\/services\/#canvi-organitzatiu\" target=\"_self\" onclick=\"return true;\" class=\"uagb-infobox-cta-link\" rel=\"noopener noreferrer\"><span class=\"uagb-inline-editing\">Apprendre encore plus<\/span><svg xmlns=\"https:\/\/www.w3.org\/2000\/svg\" viewbox=\"0 0 448 512\"><path d=\"M438.6 278.6l-160 160C272.4 444.9 264.2 448 256 448s-16.38-3.125-22.62-9.375c-12.5-12.5-12.5-32.75 0-45.25L338.8 288H32C14.33 288 .0016 273.7 .0016 256S14.33 224 32 224h306.8l-105.4-105.4c-12.5-12.5-12.5-32.75 0-45.25s32.75-12.5 45.25 0l160 160C451.1 245.9 451.1 266.1 438.6 278.6z\"><\/path><\/svg><\/a><\/div><\/div><\/div>\n<\/div>\n\n\n\n<div class=\"wp-block-uagb-container uagb-block-0acbc969\">\n<div class=\"wp-block-uagb-info-box uagb-block-46ffa5f1 uagb-infobox__content-wrap  uagb-infobox-icon-above-title uagb-infobox-image-valign-top\"><div class=\"uagb-ifb-content\"><div class=\"uagb-ifb-title-wrap\"><h3 class=\"uagb-ifb-title\">Coaching de cadres<\/h3><\/div><p class=\"uagb-ifb-desc\">Un espace de r\u00e9flexion et d'action destin\u00e9 aux dirigeants qui souhaitent \u00e9voluer en toute int\u00e9grit\u00e9. Sans engagement : nous sommes simplement l\u00e0 pour vous \u00e9couter et voir si nous correspondons \u00e0 vos besoins.<br><br>Pour les cadres qui souhaitent diriger en adoptant une approche plus r\u00e9fl\u00e9chie et plus durable.<\/p><div class=\"uagb-ifb-button-wrapper wp-block-button\"><a href=\"\/fr\/services\/#coaching-executiu\" target=\"_self\" onclick=\"return true;\" class=\"uagb-infobox-cta-link\" rel=\"noopener noreferrer\"><span class=\"uagb-inline-editing\">Apprendre encore plus<\/span><svg xmlns=\"https:\/\/www.w3.org\/2000\/svg\" viewbox=\"0 0 448 512\"><path d=\"M438.6 278.6l-160 160C272.4 444.9 264.2 448 256 448s-16.38-3.125-22.62-9.375c-12.5-12.5-12.5-32.75 0-45.25L338.8 288H32C14.33 288 .0016 273.7 .0016 256S14.33 224 32 224h306.8l-105.4-105.4c-12.5-12.5-12.5-32.75 0-45.25s32.75-12.5 45.25 0l160 160C451.1 245.9 451.1 266.1 438.6 278.6z\"><\/path><\/svg><\/a><\/div><\/div><\/div>\n<\/div>\n\n\n\n<div class=\"wp-block-uagb-container uagb-block-0b101709\">\n<div class=\"wp-block-uagb-info-box uagb-block-c3e2d6fd uagb-infobox__content-wrap  uagb-infobox-icon-above-title uagb-infobox-image-valign-top\"><div class=\"uagb-ifb-content\"><div class=\"uagb-ifb-title-wrap\"><h3 class=\"uagb-ifb-title\">Coaching d'\u00e9quipe<\/h3><\/div><p class=\"uagb-ifb-desc\">Nous transformons les tensions en collaboration cr\u00e9ative. Nous am\u00e9liorons la communication, clarifions les r\u00f4les et renfor\u00e7ons la confiance au sein des \u00e9quipes de direction ou des \u00e9quipes de projet.<br><br>Pour les \u00e9quipes qui souhaitent am\u00e9liorer leurs relations, leur processus d\u00e9cisionnel et leur collaboration.<\/p><div class=\"uagb-ifb-button-wrapper wp-block-button\"><a href=\"\/fr\/services\/#coaching-equips\" target=\"_self\" onclick=\"return true;\" class=\"uagb-infobox-cta-link\" rel=\"noopener noreferrer\"><span class=\"uagb-inline-editing\">Apprendre encore plus<\/span><svg xmlns=\"https:\/\/www.w3.org\/2000\/svg\" viewbox=\"0 0 448 512\"><path d=\"M438.6 278.6l-160 160C272.4 444.9 264.2 448 256 448s-16.38-3.125-22.62-9.375c-12.5-12.5-12.5-32.75 0-45.25L338.8 288H32C14.33 288 .0016 273.7 .0016 256S14.33 224 32 224h306.8l-105.4-105.4c-12.5-12.5-12.5-32.75 0-45.25s32.75-12.5 45.25 0l160 160C451.1 245.9 451.1 266.1 438.6 278.6z\"><\/path><\/svg><\/a><\/div><\/div><\/div>\n<\/div>\n\n\n\n<div class=\"wp-block-uagb-container uagb-block-a8ca2086\">\n<div class=\"wp-block-uagb-info-box uagb-block-a541b2a0 uagb-infobox__content-wrap  uagb-infobox-icon-above-title uagb-infobox-image-valign-top\"><div class=\"uagb-ifb-content\"><div class=\"uagb-ifb-title-wrap\"><h3 class=\"uagb-ifb-title\">Formation en interne<\/h3><\/div><p class=\"uagb-ifb-desc\">Ateliers pratiques sur le leadership, la communication et la gestion des conflits. Nous consid\u00e9rons l'entreprise comme un tout o\u00f9 tout est interconnect\u00e9 (perspective syst\u00e9mique).<br><br>Pour les organisations qui souhaitent d\u00e9velopper leurs capacit\u00e9s de leadership en interne.<\/p><div class=\"uagb-ifb-button-wrapper wp-block-button\"><a href=\"\/fr\/services\/#formacio-lideratge\" target=\"_self\" onclick=\"return true;\" class=\"uagb-infobox-cta-link\" rel=\"noopener noreferrer\"><span class=\"uagb-inline-editing\">Apprendre encore plus<\/span><svg xmlns=\"https:\/\/www.w3.org\/2000\/svg\" viewbox=\"0 0 448 512\"><path d=\"M438.6 278.6l-160 160C272.4 444.9 264.2 448 256 448s-16.38-3.125-22.62-9.375c-12.5-12.5-12.5-32.75 0-45.25L338.8 288H32C14.33 288 .0016 273.7 .0016 256S14.33 224 32 224h306.8l-105.4-105.4c-12.5-12.5-12.5-32.75 0-45.25s32.75-12.5 45.25 0l160 160C451.1 245.9 451.1 266.1 438.6 278.6z\"><\/path><\/svg><\/a><\/div><\/div><\/div>\n<\/div>\n<\/div><\/div>\n\n\n\n<div style=\"height:53px\" aria-hidden=\"true\" class=\"wp-block-spacer\"><\/div>\n\n\n\n<h2 class=\"wp-block-heading has-text-align-center\">Ce que disent nos clients<\/h2>\n\n\n\n<div class=\"wp-block-columns is-layout-flex wp-container-core-columns-is-layout-28f84493 wp-block-columns-is-layout-flex\">\n<div class=\"wp-block-column is-layout-flow wp-block-column-is-layout-flow\">\n<p><strong>Changement organisationnel \/ entreprise familiale<\/strong><\/p>\n\n\n\n<blockquote class=\"wp-block-quote is-layout-flow wp-block-quote-is-layout-flow\">\n<p class=\"has-small-font-size\"><em>\u201cNous \u00e9tions enlis\u00e9s dans la m\u00eame dynamique depuis des ann\u00e9es, sans savoir comment en sortir. Gemma nous a aid\u00e9s \u00e0 comprendre ce dont nous avions besoin. D\u00e9sormais, le conseil d'administration communique diff\u00e9remment.\u201d<\/em> \u2014 Directeur g\u00e9n\u00e9ral d'une entreprise familiale du secteur industriel<\/p>\n<\/blockquote>\n<\/div>\n\n\n\n<div class=\"wp-block-column is-layout-flow wp-block-column-is-layout-flow\">\n<p><strong>Coaching de cadres<\/strong><\/p>\n\n\n\n<blockquote class=\"wp-block-quote has-small-font-size is-layout-flow wp-block-quote-is-layout-flow\">\n<p><em>\u201cPour la premi\u00e8re fois, j'ai eu l'espace n\u00e9cessaire pour r\u00e9fl\u00e9chir sans \u00eatre press\u00e9. Ce processus m'a aid\u00e9 \u00e0 diriger avec plus de clart\u00e9 et \u00e0 ne plus passer mon temps \u00e0 \u00e9teindre des incendies.\u201d<\/em> \u2014 Directeur des op\u00e9rations, entreprise m\u00e9tallurgique<\/p>\n<\/blockquote>\n<\/div>\n\n\n\n<div class=\"wp-block-column is-layout-flow wp-block-column-is-layout-flow\">\n<p><strong>Coaching d'\u00e9quipe \/ Ressources humaines<\/strong><\/p>\n\n\n\n<blockquote class=\"wp-block-quote has-small-font-size is-layout-flow wp-block-quote-is-layout-flow\">\n<p><em>\u201cCe qui nous a surpris, c'est que ce n'\u00e9tait pas simplement une formation de plus. C'\u00e9tait une exp\u00e9rience dont l'\u00e9quipe se souvient et qui a chang\u00e9 la fa\u00e7on dont ses membres interagissent entre eux.\u201d<\/em> \u2014 Responsable des ressources humaines, laboratoire pharmaceutique<\/p>\n<\/blockquote>\n<\/div>\n<\/div>\n\n\n\n<div class=\"wp-block-uagb-container uagb-block-3b3456dd alignfull uagb-is-root-container\"><div class=\"uagb-container-inner-blocks-wrap\">\n<h2 class=\"wp-block-heading has-text-align-center\"><strong>Voici ce que signifie travailler avec nous.<\/strong><\/h2>\n\n\n\n<section class=\"wp-block-uagb-columns uagb-columns__wrap uagb-columns__background-none uagb-columns__stack-mobile uagb-columns__valign- uagb-columns__gap-10 align uagb-block-897e78af uagb-columns__columns-4 uagb-columns__max_width-theme\"><div class=\"uagb-columns__overlay\"><\/div><div class=\"uagb-columns__inner-wrap uagb-columns__columns-4\">\n<div class=\"wp-block-uagb-column uagb-column__wrap uagb-column__background-undefined uagb-block-0b2669a5\"><div class=\"uagb-column__overlay\"><\/div>\n<p class=\"has-ast-global-color-5-color has-text-color has-link-color has-medium-font-size wp-elements-99ee7ab40b83c4ebd0112280fd27bfdd\">Appel de diagnostic \u2192<\/p>\n\n\n\n<p class=\"has-ast-global-color-5-color has-text-color has-link-color wp-elements-61b224e31582f7f76c065e64f0ca6070\" style=\"font-size:15px\">30 min \u00b7 gratuit <\/p>\n<\/div>\n\n\n\n<div class=\"wp-block-uagb-column uagb-column__wrap uagb-column__background-undefined uagb-block-862ef4e4\"><div class=\"uagb-column__overlay\"><\/div>\n<p class=\"has-ast-global-color-5-color has-text-color has-link-color has-medium-font-size wp-elements-87dc3b6e1f0cc34c311f72df216d5b38\">Devis sur mesure \u2192<\/p>\n\n\n\n<p class=\"has-ast-global-color-5-color has-text-color has-link-color wp-elements-a2c759f3b75e382e6a9378099d345d2a\" style=\"font-size:15px\">Plan pr\u00e9cis dans les 72 heures<\/p>\n<\/div>\n\n\n\n<div class=\"wp-block-uagb-column uagb-column__wrap uagb-column__background-undefined uagb-block-6362fedc\"><div class=\"uagb-column__overlay\"><\/div>\n<p class=\"has-ast-global-color-5-color has-text-color has-link-color has-medium-font-size wp-elements-1e026da65b19b4c75b92725996357998\">Intervention \u2192<\/p>\n\n\n\n<p class=\"has-ast-global-color-5-color has-text-color has-link-color wp-elements-095cb9cbc2fc79fd2397230a5b5f07e3\" style=\"font-size:15px\">Adapt\u00e9 \u00e0 la r\u00e9alit\u00e9 de votre \u00e9quipe<\/p>\n<\/div>\n\n\n\n<div class=\"wp-block-uagb-column uagb-column__wrap uagb-column__background-undefined uagb-block-c7e86ccc\"><div class=\"uagb-column__overlay\"><\/div>\n<p class=\"has-ast-global-color-5-color has-text-color has-link-color has-medium-font-size wp-elements-7031ba8f2dcfb61b2659c13ed542e5b8\">Rapports et suivi<\/p>\n\n\n\n<p class=\"has-ast-global-color-5-color has-text-color has-link-color wp-elements-dfd3a7f11e00e58afa33d9b92549cd66\" style=\"font-size:15px\">Nous mesurons l'impact r\u00e9el.<\/p>\n<\/div>\n<\/div><\/section>\n<\/div><\/div>\n\n\n\n<div class=\"wp-block-group has-contrast-background-color has-background is-layout-constrained wp-container-core-group-is-layout-b57a10d7 wp-block-group-is-layout-constrained\" style=\"padding-top:3rem;padding-right:2rem;padding-bottom:3rem;padding-left:2rem\">\n<h2 class=\"wp-block-heading has-text-align-center has-base-color has-text-color\">Parlons un peu de ce qui se passe dans ta vie.<\/h2>\n\n\n\n<p class=\"has-text-align-center has-base-color has-text-color\">Un premier entretien de 30 minutes pour mieux cerner votre situation. Sans engagement, juste pour vous \u00e9couter et voir si nous sommes la solution qu'il vous faut.<\/p>\n\n\n\n<div class=\"wp-block-buttons is-content-justification-center is-layout-flex wp-container-core-buttons-is-layout-a89b3969 wp-block-buttons-is-layout-flex\">\n<div class=\"wp-block-button\"><a class=\"wp-block-button__link has-contrast-color has-base-background-color has-text-color has-background wp-element-button\" href=\"\/fr\/contact\/\" style=\"border-radius:4px;padding-top:1rem;padding-right:2rem;padding-bottom:1rem;padding-left:2rem\">Prenez rendez-vous pour un appel gratuit<\/a><\/div>\n<\/div>\n<\/div>\n\n\n\n<p><\/p>","protected":false},"excerpt":{"rendered":"<p>+20 anys acompanyant l\u00edders i equips El canvi real el lidereu vosaltres. Nosaltres us acompanyem a veure el que no es veu i a avan\u00e7ar des d&#8217;all\u00e0. Generem espais de consci\u00e8ncia perqu\u00e8 les persones i els equips puguin decidir com volen avan\u00e7ar. Som un company de viatge, no una soluci\u00f3 externa. Treballem amb organitzacions de [&hellip;]<\/p>\n","protected":false},"author":1,"featured_media":823,"parent":0,"menu_order":0,"comment_status":"closed","ping_status":"closed","template":"","meta":{"_uag_custom_page_level_css":"","site-sidebar-layout":"no-sidebar","site-content-layout":"page-builder","ast-site-content-layout":"full-width-container","site-content-style":"unboxed","site-sidebar-style":"unboxed","ast-global-header-display":"","ast-banner-title-visibility":"","ast-main-header-display":"","ast-hfb-above-header-display":"","ast-hfb-below-header-display":"","ast-hfb-mobile-header-display":"","site-post-title":"disabled","ast-breadcrumbs-content":"","ast-featured-img":"disabled","footer-sml-layout":"","theme-transparent-header-meta":"enabled","adv-header-id-meta":"","stick-header-meta":"","header-above-stick-meta":"","header-main-stick-meta":"","header-below-stick-meta":"","astra-migrate-meta-layouts":"set","ast-page-background-enabled":"default","ast-page-background-meta":{"desktop":{"background-color":"","background-image":"","background-repeat":"repeat","background-position":"center center","background-size":"auto","background-attachment":"scroll","background-type":"","background-media":"","overlay-type":"","overlay-color":"","overlay-opacity":"","overlay-gradient":""},"tablet":{"background-color":"","background-image":"","background-repeat":"repeat","background-position":"center center","background-size":"auto","background-attachment":"scroll","background-type":"","background-media":"","overlay-type":"","overlay-color":"","overlay-opacity":"","overlay-gradient":""},"mobile":{"background-color":"","background-image":"","background-repeat":"repeat","background-position":"center center","background-size":"auto","background-attachment":"scroll","background-type":"","background-media":"","overlay-type":"","overlay-color":"","overlay-opacity":"","overlay-gradient":""}},"ast-content-background-meta":{"desktop":{"background-color":"var(--ast-global-color-5)","background-image":"","background-repeat":"repeat","background-position":"center center","background-size":"auto","background-attachment":"scroll","background-type":"","background-media":"","overlay-type":"","overlay-color":"","overlay-opacity":"","overlay-gradient":""},"tablet":{"background-color":"var(--ast-global-color-5)","background-image":"","background-repeat":"repeat","background-position":"center center","background-size":"auto","background-attachment":"scroll","background-type":"","background-media":"","overlay-type":"","overlay-color":"","overlay-opacity":"","overlay-gradient":""},"mobile":{"background-color":"var(--ast-global-color-5)","background-image":"","background-repeat":"repeat","background-position":"center center","background-size":"auto","background-attachment":"scroll","background-type":"","background-media":"","overlay-type":"","overlay-color":"","overlay-opacity":"","overlay-gradient":""}},"footnotes":""},"class_list":["post-135","page","type-page","status-publish","has-post-thumbnail","hentry"],"uagb_featured_image_src":{"full":["https:\/\/windcattraining.com\/wp-content\/uploads\/2025\/04\/WCT-Vectorizado-blau-e1744144740561.png",90,48,false],"thumbnail":["https:\/\/windcattraining.com\/wp-content\/uploads\/2025\/04\/WCT-Vectorizado-blau-150x150.png",150,150,true],"medium":["https:\/\/windcattraining.com\/wp-content\/uploads\/2025\/04\/WCT-Vectorizado-blau-300x158.png",300,158,true],"medium_large":["https:\/\/windcattraining.com\/wp-content\/uploads\/2025\/04\/WCT-Vectorizado-blau-768x404.png",768,404,true],"large":["https:\/\/windcattraining.com\/wp-content\/uploads\/2025\/04\/WCT-Vectorizado-blau-1024x539.png",1024,539,true],"1536x1536":["https:\/\/windcattraining.com\/wp-content\/uploads\/2025\/04\/WCT-Vectorizado-blau-1536x808.png",1536,808,true],"2048x2048":["https:\/\/windcattraining.com\/wp-content\/uploads\/2025\/04\/WCT-Vectorizado-blau-e1744144740561.png",90,48,false],"trp-custom-language-flag":["https:\/\/windcattraining.com\/wp-content\/uploads\/2025\/04\/WCT-Vectorizado-blau-e1744144740561.png",18,10,false]},"uagb_author_info":{"display_name":"gemma.mateu","author_link":"https:\/\/windcattraining.com\/fr\/author\/gemma-mateu\/"},"uagb_comment_info":0,"uagb_excerpt":"+20 anys acompanyant l\u00edders i equips El canvi real el lidereu vosaltres. Nosaltres us acompanyem a veure el que no es veu i a avan\u00e7ar des d&#8217;all\u00e0. Generem espais de consci\u00e8ncia perqu\u00e8 les persones i els equips puguin decidir com volen avan\u00e7ar. Som un company de viatge, no una soluci\u00f3 externa. Treballem amb organitzacions de\u2026","_links":{"self":[{"href":"https:\/\/windcattraining.com\/fr\/wp-json\/wp\/v2\/pages\/135","targetHints":{"allow":["GET"]}}],"collection":[{"href":"https:\/\/windcattraining.com\/fr\/wp-json\/wp\/v2\/pages"}],"about":[{"href":"https:\/\/windcattraining.com\/fr\/wp-json\/wp\/v2\/types\/page"}],"author":[{"embeddable":true,"href":"https:\/\/windcattraining.com\/fr\/wp-json\/wp\/v2\/users\/1"}],"replies":[{"embeddable":true,"href":"https:\/\/windcattraining.com\/fr\/wp-json\/wp\/v2\/comments?post=135"}],"version-history":[{"count":268,"href":"https:\/\/windcattraining.com\/fr\/wp-json\/wp\/v2\/pages\/135\/revisions"}],"predecessor-version":[{"id":1740,"href":"https:\/\/windcattraining.com\/fr\/wp-json\/wp\/v2\/pages\/135\/revisions\/1740"}],"wp:featuredmedia":[{"embeddable":true,"href":"https:\/\/windcattraining.com\/fr\/wp-json\/wp\/v2\/media\/823"}],"wp:attachment":[{"href":"https:\/\/windcattraining.com\/fr\/wp-json\/wp\/v2\/media?parent=135"}],"curies":[{"name":"wp","href":"https:\/\/api.w.org\/{rel}","templated":true}]}}