{"id":2058,"date":"2026-04-22T20:33:47","date_gmt":"2026-04-22T20:33:47","guid":{"rendered":"https:\/\/windcattraining.com\/?page_id=2058"},"modified":"2026-04-23T03:23:34","modified_gmt":"2026-04-23T03:23:34","slug":"contacte","status":"publish","type":"page","link":"https:\/\/windcattraining.com\/es\/contacte\/","title":{"rendered":"Contacto"},"content":{"rendered":"\n<section class=\"wp-block-group alignfull wct-contact-hero is-layout-flow wp-block-group-is-layout-flow\">\n<p class=\"has-text-align-center wct-contact-kicker\">PARLEM<\/p>\n\n\n\n<h1 class=\"wp-block-heading has-text-align-center wct-contact-hero-title\">Parlem sense comprom\u00eds.<\/h1>\n\n\n\n<p class=\"has-text-align-center wct-contact-hero-lead\">Una conversa de 30 minuts \u00e9s suficient per entendre on sou i veure si podem ajudar-vos. Sense pressi\u00f3, sense vendes. Nom\u00e9s una conversa honesta.<\/p>\n<\/section>\n\n\n\n<section class=\"wp-block-group alignfull wct-contact-cards is-layout-flow wp-block-group-is-layout-flow\">\n<div class=\"wp-block-columns wct-contact-cards-row is-layout-flex wp-container-core-columns-is-layout-28f84493 wp-block-columns-is-layout-flex\">\n<div class=\"wp-block-column wct-contact-card is-layout-flow wp-block-column-is-layout-flow\">\n<div class=\"wct-contact-icon-wrap\"><svg class=\"wct-contact-icon\" width=\"28\" height=\"28\" viewBox=\"0 0 24 24\" fill=\"none\" stroke=\"#D96B3A\" stroke-width=\"1.6\" stroke-linecap=\"round\" stroke-linejoin=\"round\"><path d=\"M22 16.92v3a2 2 0 0 1-2.18 2 19.79 19.79 0 0 1-8.63-3.07 19.5 19.5 0 0 1-6-6 19.79 19.79 0 0 1-3.07-8.67A2 2 0 0 1 4.11 2h3a2 2 0 0 1 2 1.72 12.84 12.84 0 0 0 .7 2.81 2 2 0 0 1-.45 2.11L8.09 9.91a16 16 0 0 0 6 6l1.27-1.27a2 2 0 0 1 2.11-.45 12.84 12.84 0 0 0 2.81.7A2 2 0 0 1 22 16.92z\"\/><\/svg><\/div>\n\n\n\n<p class=\"has-text-align-center wct-contact-card-label\">TEL\u00c8FON<\/p>\n\n\n\n<h4 class=\"wp-block-heading has-text-align-center wct-contact-card-title\">Truca&#8217;ns directament<\/h4>\n\n\n\n<p class=\"has-text-align-center wct-contact-card-data\">00 34 663 981 631<\/p>\n<\/div>\n\n\n\n<div class=\"wp-block-column wct-contact-card is-layout-flow wp-block-column-is-layout-flow\">\n<div class=\"wct-contact-icon-wrap\"><svg class=\"wct-contact-icon\" width=\"28\" height=\"28\" viewBox=\"0 0 24 24\" fill=\"none\" stroke=\"#D96B3A\" stroke-width=\"1.6\" stroke-linecap=\"round\" stroke-linejoin=\"round\"><path d=\"M4 4h16c1.1 0 2 .9 2 2v12c0 1.1-.9 2-2 2H4c-1.1 0-2-.9-2-2V6c0-1.1.9-2 2-2z\"\/><polyline points=\"22,6 12,13 2,6\"\/><\/svg><\/div>\n\n\n\n<p class=\"has-text-align-center wct-contact-card-label\">EMAIL<\/p>\n\n\n\n<h4 class=\"wp-block-heading has-text-align-center wct-contact-card-title\">Escriu-nos<\/h4>\n\n\n\n<p class=\"has-text-align-center wct-contact-card-data\">gemma@windcattraining.com<\/p>\n<\/div>\n\n\n\n<div class=\"wp-block-column wct-contact-card is-layout-flow wp-block-column-is-layout-flow\">\n<div class=\"wct-contact-icon-wrap\"><svg class=\"wct-contact-icon\" width=\"28\" height=\"28\" viewBox=\"0 0 24 24\" fill=\"none\" stroke=\"#D96B3A\" stroke-width=\"1.6\" stroke-linecap=\"round\" stroke-linejoin=\"round\"><path d=\"M21 10c0 7-9 13-9 13s-9-6-9-13a9 9 0 0 1 18 0z\"\/><circle cx=\"12\" cy=\"10\" r=\"3\"\/><\/svg><\/div>\n\n\n\n<p class=\"has-text-align-center wct-contact-card-label\">OFICINA<\/p>\n\n\n\n<h4 class=\"wp-block-heading has-text-align-center wct-contact-card-title\">Vine a veure&#8217;ns<\/h4>\n\n\n\n<p class=\"has-text-align-center wct-contact-card-data\">C\/ Cal\u00e0bria 161 \u00b7 Barcelona<\/p>\n<\/div>\n<\/div>\n<\/section>\n\n\n\n<section class=\"wp-block-group alignfull wct-contact-process is-layout-flow wp-block-group-is-layout-flow\">\n<div class=\"wp-block-columns wct-contact-process-row is-layout-flex wp-container-core-columns-is-layout-28f84493 wp-block-columns-is-layout-flex\">\n<div class=\"wp-block-column wct-contact-process-left is-layout-flow wp-block-column-is-layout-flow\">\n<p class=\"wct-contact-kicker\">COM FUNCIONA<\/p>\n\n\n\n<h2 class=\"wp-block-heading wct-contact-process-title\">La trucada de diagn\u00f2stic<\/h2>\n\n\n\n<p class=\"wct-contact-process-intro\">En 30 minuts ens expliqueu la situaci\u00f3. Nosaltres escoltarem i, si veiem que podem ajudar, us proposarem un punt d&#8217;entrada concret.<\/p>\n\n\n\n<div class=\"wp-block-group wct-contact-step is-layout-flow wp-block-group-is-layout-flow\">\n<p class=\"wct-contact-step-num\">01<\/p>\n\n\n\n<div class=\"wp-block-group wct-contact-step-body is-layout-flow wp-block-group-is-layout-flow\">\n<h3 class=\"wp-block-heading wct-contact-step-title\">Ens escriviu o truqueu<\/h3>\n\n\n\n<p class=\"wct-contact-step-desc\">Useu el formulari o el tel\u00e8fon. Respondrem en menys de 24h.<\/p>\n<\/div>\n<\/div>\n\n\n\n<div class=\"wp-block-group wct-contact-step is-layout-flow wp-block-group-is-layout-flow\">\n<p class=\"wct-contact-step-num\">02<\/p>\n\n\n\n<div class=\"wp-block-group wct-contact-step-body is-layout-flow wp-block-group-is-layout-flow\">\n<h3 class=\"wp-block-heading wct-contact-step-title\">Fem la trucada (30 min)<\/h3>\n\n\n\n<p class=\"wct-contact-step-desc\">Sense cost, sense comprom\u00eds. Escoltarem el vostre moment.<\/p>\n<\/div>\n<\/div>\n\n\n\n<div class=\"wp-block-group wct-contact-step is-layout-flow wp-block-group-is-layout-flow\">\n<p class=\"wct-contact-step-num\">03<\/p>\n\n\n\n<div class=\"wp-block-group wct-contact-step-body is-layout-flow wp-block-group-is-layout-flow\">\n<h3 class=\"wp-block-heading wct-contact-step-title\">Proposta en 72h<\/h3>\n\n\n\n<p class=\"wct-contact-step-desc\">Si t\u00e9 sentit treballar junts, us enviarem una proposta a mida.<\/p>\n<\/div>\n<\/div>\n<\/div>\n\n\n\n<div class=\"wp-block-column wct-contact-form-card is-layout-flow wp-block-column-is-layout-flow\" id=\"escriu-nos\">\n<h3 class=\"wp-block-heading wct-contact-form-title\">Escriu-nos<\/h3>\n\n\n\n<p class=\"wct-contact-form-req\">Camps marcats amb * s\u00f3n obligatoris.<\/p>\n\n\n<div class=\"wpforms-container \" id=\"wpforms-2041\"><form id=\"wpforms-form-2041\" class=\"wpforms-validate wpforms-form wpforms-ajax-form\" data-formid=\"2041\" method=\"post\" enctype=\"multipart\/form-data\" action=\"\/es\/wp-json\/wp\/v2\/pages\/2058\" data-token=\"f70d52b8e6789df3c8667bcb7c84e2ef\" data-token-time=\"1776956825\"><noscript class=\"wpforms-error-noscript\">Por favor, activa JavaScript en tu navegador para completar este formulario.<\/noscript><div class=\"wpforms-field-container\"><div id=\"wpforms-2041-field_1-container\" class=\"wpforms-field wpforms-field-name\" data-field-id=\"1\"><label class=\"wpforms-field-label\" for=\"wpforms-2041-field_1\">Nom <span class=\"wpforms-required-label\">*<\/span><\/label><div class=\"wpforms-field-row wpforms-field-medium\"><div class=\"wpforms-field-row-block wpforms-first wpforms-one-half\"><input type=\"text\" id=\"wpforms-2041-field_1\" class=\"wpforms-field-name-first wpforms-field-required\" name=\"wpforms[fields][1][first]\" placeholder=\"Nom\" required><label for=\"wpforms-2041-field_1\" class=\"wpforms-field-sublabel after wpforms-sublabel-hide\">Nombre<\/label><\/div><div class=\"wpforms-field-row-block wpforms-one-half\"><input type=\"text\" id=\"wpforms-2041-field_1-last\" class=\"wpforms-field-name-last wpforms-field-required\" name=\"wpforms[fields][1][last]\" placeholder=\"Cognom\" required><label for=\"wpforms-2041-field_1-last\" class=\"wpforms-field-sublabel after wpforms-sublabel-hide\">Apellidos<\/label><\/div><\/div><\/div>\t\t<div id=\"wpforms-2041-field_6-container\"\n\t\t\tclass=\"wpforms-field wpforms-field-text\"\n\t\t\tdata-field-type=\"text\"\n\t\t\tdata-field-id=\"6\"\n\t\t\t>\n\t\t\t<label class=\"wpforms-field-label\" for=\"wpforms-2041-field_6\" >\u00e9s equip Nom<\/label>\n\t\t\t<input type=\"text\" id=\"wpforms-2041-field_6\" class=\"wpforms-field-medium\" name=\"wpforms[fields][6]\" >\n\t\t<\/div>\n\t\t<div id=\"wpforms-2041-field_2-container\" class=\"wpforms-field wpforms-field-email\" data-field-id=\"2\"><label class=\"wpforms-field-label\" for=\"wpforms-2041-field_2\">Correu electr\u00f2nic <span class=\"wpforms-required-label\">*<\/span><\/label><input type=\"email\" id=\"wpforms-2041-field_2\" class=\"wpforms-field-medium wpforms-field-required\" name=\"wpforms[fields][2]\" spellcheck=\"false\" required><\/div><div id=\"wpforms-2041-field_3-container\" class=\"wpforms-field wpforms-field-text\" data-field-id=\"3\"><label class=\"wpforms-field-label\" for=\"wpforms-2041-field_3\">Tel\u00e8fon<\/label><input type=\"text\" id=\"wpforms-2041-field_3\" class=\"wpforms-field-medium\" name=\"wpforms[fields][3]\" ><\/div><div id=\"wpforms-2041-field_4-container\" class=\"wpforms-field wpforms-field-text\" data-field-id=\"4\"><label class=\"wpforms-field-label\" for=\"wpforms-2041-field_4\">Organitzaci\u00f3<\/label><input type=\"text\" id=\"wpforms-2041-field_4\" class=\"wpforms-field-medium\" name=\"wpforms[fields][4]\" ><\/div><div id=\"wpforms-2041-field_5-container\" class=\"wpforms-field wpforms-field-textarea\" data-field-id=\"5\"><label class=\"wpforms-field-label\" for=\"wpforms-2041-field_5\">Quin \u00e9s el moment que viu el vostre equip o organitzaci\u00f3?<\/label><textarea id=\"wpforms-2041-field_5\" class=\"wpforms-field-medium\" name=\"wpforms[fields][5]\" ><\/textarea><\/div><script>\n\t\t\t\t( function() {\n\t\t\t\t\tconst style = document.createElement( 'style' );\n\t\t\t\t\tstyle.appendChild( document.createTextNode( '#wpforms-2041-field_6-container { position: absolute !important; overflow: hidden !important; display: inline !important; height: 1px !important; width: 1px !important; z-index: -1000 !important; padding: 0 !important; } #wpforms-2041-field_6-container input { visibility: hidden; } #wpforms-conversational-form-page #wpforms-2041-field_6-container label { counter-increment: none; }' ) );\n\t\t\t\t\tdocument.head.appendChild( style );\n\t\t\t\t\tdocument.currentScript?.remove();\n\t\t\t\t} )();\n\t\t\t<\/script><\/div><!-- .wpforms-field-container --><div class=\"wpforms-submit-container\" ><input type=\"hidden\" name=\"wpforms[id]\" value=\"2041\"><input type=\"hidden\" name=\"page_title\" value=\"\"><input type=\"hidden\" name=\"page_url\" value=\"https:\/\/windcattraining.com\/es\/wp-json\/wp\/v2\/pages\/2058\"><input type=\"hidden\" name=\"url_referer\" value=\"\"><button type=\"submit\" name=\"wpforms[submit]\" id=\"wpforms-submit-2041\" class=\"wpforms-submit\" data-alt-text=\"Enviant...\" data-submit-text=\"Comencem la conversa \u2192\" aria-live=\"assertive\" value=\"wpforms-submit\">Comencem la conversa \u2192<\/button><img loading=\"lazy\" decoding=\"async\" src=\"https:\/\/windcattraining.com\/wp-content\/plugins\/wpforms-lite\/assets\/images\/submit-spin.svg\" class=\"wpforms-submit-spinner\" style=\"display: none;\" width=\"26\" height=\"26\" alt=\"Cargando\"><\/div><\/form><\/div>  <!-- .wpforms-container -->\n\n\n\n<p class=\"has-text-align-center wct-contact-form-privacy\">Les vostres dades s\u00f3n confidencials. Nom\u00e9s les utilitzem per contactar-vos.<\/p>\n<\/div>\n<\/div>\n<\/section>\n\n\n\n<section class=\"wp-block-group alignfull wct-contact-cta-final is-layout-flow wp-block-group-is-layout-flow\">\n<h2 class=\"wp-block-heading has-text-align-center wct-contact-cta-title\">No saps per on comen\u00e7ar? Normal.<\/h2>\n\n\n\n<p class=\"has-text-align-center wct-contact-cta-text\">La majoria dels clients arriben amb una sensaci\u00f3, no amb un diagn\u00f2stic. La trucada de 30 minuts ens ajuda a tots dos a entendre on sou i quin \u00e9s el millor punt d&#8217;entrada.<\/p>\n\n\n\n<div class=\"wp-block-buttons wct-contact-cta-buttons is-content-justification-center is-layout-flex wp-container-core-buttons-is-layout-a89b3969 wp-block-buttons-is-layout-flex\">\n<div class=\"wp-block-button is-style-outline wct-contact-cta-btn is-style-outline--1\"><a class=\"wp-block-button__link wp-element-button\" href=\"#escriu-nos\">Reserva la trucada gratu\u00efta \u2192<\/a><\/div>\n<\/div>\n<\/section>\n","protected":false},"excerpt":{"rendered":"<p>PARLEM Parlem sense comprom\u00eds. Una conversa de 30 minuts \u00e9s suficient per entendre on sou i veure si podem ajudar-vos. Sense pressi\u00f3, sense vendes. Nom\u00e9s una conversa honesta. TEL\u00c8FON Truca&#8217;ns directament 00 34 663 981 631 EMAIL Escriu-nos gemma@windcattraining.com OFICINA Vine a veure&#8217;ns C\/ Cal\u00e0bria 161 \u00b7 Barcelona COM FUNCIONA La trucada de diagn\u00f2stic En [&hellip;]<\/p>\n","protected":false},"author":1,"featured_media":0,"parent":0,"menu_order":0,"comment_status":"closed","ping_status":"closed","template":"","meta":{"_uag_custom_page_level_css":"","site-sidebar-layout":"no-sidebar","site-content-layout":"page-builder","ast-site-content-layout":"full-width-container","site-content-style":"unboxed","site-sidebar-style":"unboxed","ast-global-header-display":"","ast-banner-title-visibility":"","ast-main-header-display":"","ast-hfb-above-header-display":"","ast-hfb-below-header-display":"","ast-hfb-mobile-header-display":"","site-post-title":"disabled","ast-breadcrumbs-content":"","ast-featured-img":"disabled","footer-sml-layout":"","theme-transparent-header-meta":"enabled","adv-header-id-meta":"","stick-header-meta":"","header-above-stick-meta":"","header-main-stick-meta":"","header-below-stick-meta":"","astra-migrate-meta-layouts":"set","ast-page-background-enabled":"default","ast-page-background-meta":{"desktop":{"background-color":"","background-image":"","background-repeat":"repeat","background-position":"center center","background-size":"auto","background-attachment":"scroll","background-type":"","background-media":"","overlay-type":"","overlay-color":"","overlay-opacity":"","overlay-gradient":""},"tablet":{"background-color":"","background-image":"","background-repeat":"repeat","background-position":"center center","background-size":"auto","background-attachment":"scroll","background-type":"","background-media":"","overlay-type":"","overlay-color":"","overlay-opacity":"","overlay-gradient":""},"mobile":{"background-color":"","background-image":"","background-repeat":"repeat","background-position":"center center","background-size":"auto","background-attachment":"scroll","background-type":"","background-media":"","overlay-type":"","overlay-color":"","overlay-opacity":"","overlay-gradient":""}},"ast-content-background-meta":{"desktop":{"background-color":"var(--ast-global-color-5)","background-image":"","background-repeat":"repeat","background-position":"center center","background-size":"auto","background-attachment":"scroll","background-type":"","background-media":"","overlay-type":"","overlay-color":"","overlay-opacity":"","overlay-gradient":""},"tablet":{"background-color":"var(--ast-global-color-5)","background-image":"","background-repeat":"repeat","background-position":"center center","background-size":"auto","background-attachment":"scroll","background-type":"","background-media":"","overlay-type":"","overlay-color":"","overlay-opacity":"","overlay-gradient":""},"mobile":{"background-color":"var(--ast-global-color-5)","background-image":"","background-repeat":"repeat","background-position":"center center","background-size":"auto","background-attachment":"scroll","background-type":"","background-media":"","overlay-type":"","overlay-color":"","overlay-opacity":"","overlay-gradient":""}},"footnotes":""},"class_list":["post-2058","page","type-page","status-publish","hentry"],"uagb_featured_image_src":{"full":false,"thumbnail":false,"medium":false,"medium_large":false,"large":false,"1536x1536":false,"2048x2048":false,"trp-custom-language-flag":false},"uagb_author_info":{"display_name":"gemma.mateu","author_link":"https:\/\/windcattraining.com\/es\/author\/gemma-mateu\/"},"uagb_comment_info":0,"uagb_excerpt":"PARLEM Parlem sense comprom\u00eds. Una conversa de 30 minuts \u00e9s suficient per entendre on sou i veure si podem ajudar-vos. Sense pressi\u00f3, sense vendes. Nom\u00e9s una conversa honesta. TEL\u00c8FON Truca&#8217;ns directament 00 34 663 981 631 EMAIL Escriu-nos gemma@windcattraining.com OFICINA Vine a veure&#8217;ns C\/ Cal\u00e0bria 161 \u00b7 Barcelona COM FUNCIONA La trucada de diagn\u00f2stic En&hellip;","_links":{"self":[{"href":"https:\/\/windcattraining.com\/es\/wp-json\/wp\/v2\/pages\/2058","targetHints":{"allow":["GET"]}}],"collection":[{"href":"https:\/\/windcattraining.com\/es\/wp-json\/wp\/v2\/pages"}],"about":[{"href":"https:\/\/windcattraining.com\/es\/wp-json\/wp\/v2\/types\/page"}],"author":[{"embeddable":true,"href":"https:\/\/windcattraining.com\/es\/wp-json\/wp\/v2\/users\/1"}],"replies":[{"embeddable":true,"href":"https:\/\/windcattraining.com\/es\/wp-json\/wp\/v2\/comments?post=2058"}],"version-history":[{"count":2,"href":"https:\/\/windcattraining.com\/es\/wp-json\/wp\/v2\/pages\/2058\/revisions"}],"predecessor-version":[{"id":2066,"href":"https:\/\/windcattraining.com\/es\/wp-json\/wp\/v2\/pages\/2058\/revisions\/2066"}],"wp:attachment":[{"href":"https:\/\/windcattraining.com\/es\/wp-json\/wp\/v2\/media?parent=2058"}],"curies":[{"name":"wp","href":"https:\/\/api.w.org\/{rel}","templated":true}]}}