{"id":1974,"date":"2026-04-19T19:09:25","date_gmt":"2026-04-19T19:09:25","guid":{"rendered":"https:\/\/windcattraining.com\/?page_id=1974"},"modified":"2026-04-19T19:09:25","modified_gmt":"2026-04-19T19:09:25","slug":"metodologies","status":"publish","type":"page","link":"https:\/\/windcattraining.com\/es\/metodologies\/","title":{"rendered":"Metodolog\u00edas"},"content":{"rendered":"<div class=\"wp-block-group alignfull wct-met-hero is-layout-constrained wp-block-group-is-layout-constrained\">\n\n<p class=\"wct-met-kicker has-text-align-center\">Nuestra mirada<\/p>\n\n\n<h1 class=\"wp-block-heading wct-met-h1 has-text-align-center\">Primero miremos. Luego intervenimos.<\/h1>\n\n\n<p class=\"wct-met-lead has-text-align-center\">Una metodolog\u00eda no es una herramienta: es una forma de mirar. Nuestras herramientas se eligen, se combinan y se adaptan para acompa\u00f1ar a cada organizaci\u00f3n en su momento.<\/p>\n\n\n<div class=\"wp-block-buttons wct-met-hero-btn-wrap is-content-justification-center is-layout-flex wp-container-core-buttons-is-layout-a89b3969 wp-block-buttons-is-layout-flex\">\n\n<div class=\"wp-block-button wct-met-btn-primary\"><a class=\"wp-block-button__link wp-element-button\" href=\"\/es\/contact\/\">Hablemos de tu momento \u2192<\/a><\/div>\n\n<\/div>\n\n<\/div>\n\n\n<div id=\"principis\" class=\"wp-block-group alignfull wct-met-principis is-layout-constrained wp-block-group-is-layout-constrained\">\n\n<p class=\"wct-met-kicker-terracota has-text-align-center\">Principios<\/p>\n\n\n<h2 class=\"wp-block-heading wct-met-h2 has-text-align-center\">Nuestra forma de mirar<\/h2>\n\n\n<div class=\"wp-block-columns wct-met-principis-row is-layout-flex wp-container-core-columns-is-layout-28f84493 wp-block-columns-is-layout-flex\">\n\n<div class=\"wp-block-column is-layout-flow wp-block-column-is-layout-flow\">\n\n<div class=\"wp-block-group wct-met-principi is-layout-constrained wp-block-group-is-layout-constrained\">\n\n<p class=\"wct-met-principi-num\">01<\/p>\n\n\n<p class=\"wct-met-principi-text\">El problema es la organizaci\u00f3n. Es un sistema que nos est\u00e1 hablando.<\/p>\n\n<\/div>\n\n<\/div>\n\n\n<div class=\"wp-block-column is-layout-flow wp-block-column-is-layout-flow\">\n\n<div class=\"wp-block-group wct-met-principi is-layout-constrained wp-block-group-is-layout-constrained\">\n\n<p class=\"wct-met-principi-num\">02<\/p>\n\n\n<p class=\"wct-met-principi-text\">El s\u00edntoma habla de algo m\u00e1s profundo. Vamos all\u00e1.<\/p>\n\n<\/div>\n\n<\/div>\n<\/div>\n\n\n<div class=\"wp-block-columns wct-met-principis-row is-layout-flex wp-container-core-columns-is-layout-28f84493 wp-block-columns-is-layout-flex\">\n\n<div class=\"wp-block-column is-layout-flow wp-block-column-is-layout-flow\">\n\n<div class=\"wp-block-group wct-met-principi is-layout-constrained wp-block-group-is-layout-constrained\">\n\n<p class=\"wct-met-principi-num\">03<\/p>\n\n\n<p class=\"wct-met-principi-text\">Lo que no se dice tambi\u00e9n gobierna al equipo.<\/p>\n\n<\/div>\n\n<\/div>\n\n\n<div class=\"wp-block-column is-layout-flow wp-block-column-is-layout-flow\">\n\n<div class=\"wp-block-group wct-met-principi is-layout-constrained wp-block-group-is-layout-constrained\">\n\n<p class=\"wct-met-principi-num\">04<\/p>\n\n\n<p class=\"wct-met-principi-text\">No forcemos el cambio: creemos las condiciones para que pueda arraigar.<\/p>\n\n<\/div>\n\n<\/div>\n<\/div>\n\n<\/div>\n\n\n<div id=\"com-treballem\" class=\"wp-block-group alignfull wct-met-proces is-layout-constrained wp-block-group-is-layout-constrained\">\n\n<p class=\"wct-met-kicker-teal has-text-align-center\">C\u00d3MO TRABAJAMOS<\/p>\n\n\n<h2 class=\"wp-block-heading wct-met-h2 has-text-align-center\">De la vigilancia a la sostenibilidad del cambio<\/h2>\n\n\n<div class=\"wp-block-columns wct-met-passos-row is-layout-flex wp-container-core-columns-is-layout-28f84493 wp-block-columns-is-layout-flex\">\n\n<div class=\"wp-block-column is-layout-flow wp-block-column-is-layout-flow\">\n\n<div class=\"wp-block-group wct-met-pas is-layout-constrained wp-block-group-is-layout-constrained\">\n\n<p class=\"wct-met-pas-num\">01<\/p>\n\n\n<h3 class=\"wp-block-heading wct-met-pas-title\">Escortar<\/h3>\n\n\n<p class=\"wct-met-pas-desc\">Llamada gratuita, entiendo d\u00f3nde est\u00e1s<\/p>\n\n<\/div>\n\n<\/div>\n\n\n<div class=\"wp-block-column is-layout-flow wp-block-column-is-layout-flow\">\n\n<div class=\"wp-block-group wct-met-pas is-layout-constrained wp-block-group-is-layout-constrained\">\n\n<p class=\"wct-met-pas-num\">02<\/p>\n\n\n<h3 class=\"wp-block-heading wct-met-pas-title\">Observar<\/h3>\n\n\n<p class=\"wct-met-pas-desc\">Diagn\u00f3stico con herramientas contrastadas<\/p>\n\n<\/div>\n\n<\/div>\n\n\n<div class=\"wp-block-column is-layout-flow wp-block-column-is-layout-flow\">\n\n<div class=\"wp-block-group wct-met-pas is-layout-constrained wp-block-group-is-layout-constrained\">\n\n<p class=\"wct-met-pas-num\">03<\/p>\n\n\n<h3 class=\"wp-block-heading wct-met-pas-title\">Co-dise\u00f1ar<\/h3>\n\n\n<p class=\"wct-met-pas-desc\">Dise\u00f1amos el proceso con usted<\/p>\n\n<\/div>\n\n<\/div>\n\n\n<div class=\"wp-block-column is-layout-flow wp-block-column-is-layout-flow\">\n\n<div class=\"wp-block-group wct-met-pas is-layout-constrained wp-block-group-is-layout-constrained\">\n\n<p class=\"wct-met-pas-num\">04<\/p>\n\n\n<h3 class=\"wp-block-heading wct-met-pas-title\">Intervenir<\/h3>\n\n\n<p class=\"wct-met-pas-desc\">Sesiones, talleres, acompa\u00f1amiento<\/p>\n\n<\/div>\n\n<\/div>\n\n\n<div class=\"wp-block-column is-layout-flow wp-block-column-is-layout-flow\">\n\n<div class=\"wp-block-group wct-met-pas is-layout-constrained wp-block-group-is-layout-constrained\">\n\n<p class=\"wct-met-pas-num\">05<\/p>\n\n\n<h3 class=\"wp-block-heading wct-met-pas-title\">Sostener<\/h3>\n\n\n<p class=\"wct-met-pas-desc\">Revisi\u00f3n, ajustes, continuidad<\/p>\n\n<\/div>\n\n<\/div>\n<\/div>\n\n<\/div>\n\n\n<div class=\"wp-block-group alignfull wct-met-kpis is-layout-constrained wp-block-group-is-layout-constrained\">\n\n<div class=\"wp-block-columns wct-met-kpis-row is-layout-flex wp-container-core-columns-is-layout-28f84493 wp-block-columns-is-layout-flex\">\n\n<div class=\"wp-block-column is-layout-flow wp-block-column-is-layout-flow\">\n<div class=\"wp-block-group wct-met-kpi is-layout-constrained wp-block-group-is-layout-constrained\"><p class=\"wct-met-kpi-num\">11<\/p><p class=\"wct-met-kpi-label\">Metodolog\u00edas certificadas<\/p><\/div>\n<\/div>\n\n\n<div class=\"wp-block-column is-layout-flow wp-block-column-is-layout-flow\">\n<div class=\"wp-block-group wct-met-kpi is-layout-constrained wp-block-group-is-layout-constrained\"><p class=\"wct-met-kpi-num\">+20<\/p><p class=\"wct-met-kpi-label\">a\u00f1os de formaci\u00f3n continua<\/p><\/div>\n<\/div>\n\n\n<div class=\"wp-block-column is-layout-flow wp-block-column-is-layout-flow\">\n<div class=\"wp-block-group wct-met-kpi is-layout-constrained wp-block-group-is-layout-constrained\"><p class=\"wct-met-kpi-num\">100%<\/p><p class=\"wct-met-kpi-label\">Adaptado a cada organizaci\u00f3n<\/p><\/div>\n<\/div>\n\n\n<div class=\"wp-block-column is-layout-flow wp-block-column-is-layout-flow\">\n<div class=\"wp-block-group wct-met-kpi-cta is-layout-constrained wp-block-group-is-layout-constrained\"><p class=\"wct-met-kpi-cta-text\">\u00bfNo sab\u00e9is por d\u00f3nde empezar?<\/p><div class=\"wp-block-buttons wct-met-kpi-cta-btn-wrap is-layout-flex wp-block-buttons-is-layout-flex\"><div class=\"wp-block-button wct-met-btn-ghost\"><a class=\"wp-block-button__link wp-element-button\" href=\"\/es\/contact\/\">Reserva trucada gratuita<\/a><\/div><\/div><\/div>\n<\/div>\n\n<\/div>\n\n<\/div>\n\n\n<div id=\"eines\" class=\"wp-block-group alignfull wct-met-eines is-layout-constrained wp-block-group-is-layout-constrained\">\n\n<p class=\"wct-met-kicker-terracota has-text-align-center\">COSAS QUE USAMOS<\/p>\n\n\n<h2 class=\"wp-block-heading wct-met-h2 has-text-align-center\">Tr\u00edades con prop\u00f3sito, no por cat\u00e1logo<\/h2>\n\n\n<p class=\"wct-met-eines-sub has-text-align-center\">Los clasificamos seg\u00fan lo que hacen en el sistema: ver, entrenar o transformar.<\/p>\n\n\n<div class=\"wp-block-group wct-met-grup wct-met-grup-a is-layout-constrained wp-block-group-is-layout-constrained\">\n\n<div class=\"wp-block-group wct-met-grup-header is-layout-constrained wp-block-group-is-layout-constrained\">\n\n<p class=\"wct-met-grup-letra\">A.<\/p>\n\n\n<h3 class=\"wp-block-heading wct-met-grup-title\">Diagn\u00f3stico<\/h3>\n\n\n<p class=\"wct-met-grup-sub\">Ver, medir, hacer visible lo que ya est\u00e1<\/p>\n\n<\/div>\n\n\n<div class=\"wp-block-columns wct-met-cards-row is-layout-flex wp-container-core-columns-is-layout-28f84493 wp-block-columns-is-layout-flex\">\n\n<div class=\"wp-block-column is-layout-flow wp-block-column-is-layout-flow\">\n\n<div class=\"wp-block-group wct-met-card is-layout-constrained wp-block-group-is-layout-constrained\">\n\n<h3 class=\"wp-block-heading wct-met-card-title\">Bridge\u00ae<\/h3>\n\n\n<p class=\"wct-met-card-desc\">Diagn\u00f3stico de estilos relacionales y de comunicaci\u00f3n.<\/p>\n\n\n<div class=\"wp-block-group wct-met-card-tag is-layout-constrained wp-block-group-is-layout-constrained\">\n\n<p class=\"wct-met-card-tag-label\">INDICAR PARA<\/p>\n\n\n<p class=\"wct-met-card-tag-text\">Equipos que quieren crecer desde la autenticidad<\/p>\n\n<\/div>\n\n<\/div>\n\n<\/div>\n\n\n<div class=\"wp-block-column is-layout-flow wp-block-column-is-layout-flow\">\n\n<div class=\"wp-block-group wct-met-card is-layout-constrained wp-block-group-is-layout-constrained\">\n\n<h3 class=\"wp-block-heading wct-met-card-title\">Sikkhona\u00ae<\/h3>\n\n\n<p class=\"wct-met-card-desc\">Mide la seguridad psicol\u00f3gica de un equipo y activa la conversaci\u00f3n.<\/p>\n\n\n<div class=\"wp-block-group wct-met-card-tag is-layout-constrained wp-block-group-is-layout-constrained\">\n\n<p class=\"wct-met-card-tag-label\">INDICAR PARA<\/p>\n\n\n<p class=\"wct-met-card-tag-text\">Liderazgo consciente y cultura de confianza<\/p>\n\n<\/div>\n\n<\/div>\n\n<\/div>\n\n\n<div class=\"wp-block-column is-layout-flow wp-block-column-is-layout-flow\">\n\n<div class=\"wp-block-group wct-met-card is-layout-constrained wp-block-group-is-layout-constrained\">\n\n<h3 class=\"wp-block-heading wct-met-card-title\">EQi 2.0\u00ae<\/h3>\n\n\n<p class=\"wct-met-card-desc\">Mide la inteligencia emocional individual y de equipo.<\/p>\n\n\n<div class=\"wp-block-group wct-met-card-tag is-layout-constrained wp-block-group-is-layout-constrained\">\n\n<p class=\"wct-met-card-tag-label\">INDICAR PARA<\/p>\n\n\n<p class=\"wct-met-card-tag-text\">Liderar desde la consciencia y mejorar el rendimiento<\/p>\n\n<\/div>\n\n<\/div>\n\n<\/div>\n\n\n<div class=\"wp-block-column is-layout-flow wp-block-column-is-layout-flow\">\n\n<div class=\"wp-block-group wct-met-card is-layout-constrained wp-block-group-is-layout-constrained\">\n\n<h3 class=\"wp-block-heading wct-met-card-title\">C\u00edrculo de Liderazgo\u00ae<\/h3>\n\n\n<p class=\"wct-met-card-desc\">Diagn\u00f3stico 360\u00b0 que conecta el impacto externo con la motivaci\u00f3n interna.<\/p>\n\n\n<div class=\"wp-block-group wct-met-card-tag is-layout-constrained wp-block-group-is-layout-constrained\">\n\n<p class=\"wct-met-card-tag-label\">INDICAR PARA<\/p>\n\n\n<p class=\"wct-met-card-tag-text\">L\u00edderes en entornos complejos<\/p>\n\n<\/div>\n\n<\/div>\n\n<\/div>\n<\/div>\n\n<\/div>\n\n\n<div class=\"wp-block-group wct-met-grup wct-met-grup-b is-layout-constrained wp-block-group-is-layout-constrained\">\n\n<div class=\"wp-block-group wct-met-grup-header is-layout-constrained wp-block-group-is-layout-constrained\">\n\n<p class=\"wct-met-grup-letra\">B.<\/p>\n\n\n<h3 class=\"wp-block-heading wct-met-grup-title\">Desarrollo<\/h3>\n\n\n<p class=\"wct-met-grup-sub\">Entrenar, aprender, hacer crecer personas y equipos<\/p>\n\n<\/div>\n\n\n<div class=\"wp-block-columns wct-met-cards-row is-layout-flex wp-container-core-columns-is-layout-28f84493 wp-block-columns-is-layout-flex\">\n\n<div class=\"wp-block-column is-layout-flow wp-block-column-is-layout-flow\">\n\n<div class=\"wp-block-group wct-met-card is-layout-constrained wp-block-group-is-layout-constrained\">\n\n<h3 class=\"wp-block-heading wct-met-card-title\">Coaching Co-Actiu\u00ae<\/h3>\n\n\n<p class=\"wct-met-card-desc\">Enfoque centrado en la persona y su capacidad de acci\u00f3n.<\/p>\n\n\n<div class=\"wp-block-group wct-met-card-tag is-layout-constrained wp-block-group-is-layout-constrained\">\n\n<p class=\"wct-met-card-tag-label\">INDICAR PARA<\/p>\n\n\n<p class=\"wct-met-card-tag-text\">L\u00edderes conectados con el prop\u00f3sito<\/p>\n\n<\/div>\n\n<\/div>\n\n<\/div>\n\n\n<div class=\"wp-block-column is-layout-flow wp-block-column-is-layout-flow\">\n\n<div class=\"wp-block-group wct-met-card is-layout-constrained wp-block-group-is-layout-constrained\">\n\n<h3 class=\"wp-block-heading wct-met-card-title\">Metalog Training Tools\u00ae<\/h3>\n\n\n<p class=\"wct-met-card-desc\">Formaci\u00f3n vivencial: aprender haciendo, con el cuerpo y la emoci\u00f3n.<\/p>\n\n\n<div class=\"wp-block-group wct-met-card-tag is-layout-constrained wp-block-group-is-layout-constrained\">\n\n<p class=\"wct-met-card-tag-label\">INDICAR PARA<\/p>\n\n\n<p class=\"wct-met-card-tag-text\">Roles, liderazgo y toma de decisiones<\/p>\n\n<\/div>\n\n<\/div>\n\n<\/div>\n\n\n<div class=\"wp-block-column is-layout-flow wp-block-column-is-layout-flow\">\n\n<div class=\"wp-block-group wct-met-card is-layout-constrained wp-block-group-is-layout-constrained\">\n\n<h3 class=\"wp-block-heading wct-met-card-title\">Lego Serious Play\u00ae<\/h3>\n\n\n<p class=\"wct-met-card-desc\">Deep conversations through LEGO construction.<\/p>\n\n\n<div class=\"wp-block-group wct-met-card-tag is-layout-constrained wp-block-group-is-layout-constrained\">\n\n<p class=\"wct-met-card-tag-label\">INDICAR PARA<\/p>\n\n\n<p class=\"wct-met-card-tag-text\">Innovaci\u00f3n, decisiones y cohesi\u00f3n<\/p>\n\n<\/div>\n\n<\/div>\n\n<\/div>\n\n\n<div class=\"wp-block-column is-layout-flow wp-block-column-is-layout-flow\">\n\n<div class=\"wp-block-group wct-met-card is-layout-constrained wp-block-group-is-layout-constrained\">\n\n<h3 class=\"wp-block-heading wct-met-card-title\">PNL\u00ae<\/h3>\n\n\n<p class=\"wct-met-card-desc\">Pensamos, sentimos y nos comunicamos para cambiar patrones.<\/p>\n\n\n<div class=\"wp-block-group wct-met-card-tag is-layout-constrained wp-block-group-is-layout-constrained\">\n\n<p class=\"wct-met-card-tag-label\">INDICAR PARA<\/p>\n\n\n<p class=\"wct-met-card-tag-text\">Comunicaci\u00f3n, habilidades y cambio de patrones<\/p>\n\n<\/div>\n\n<\/div>\n\n<\/div>\n<\/div>\n\n<\/div>\n\n\n<div class=\"wp-block-group wct-met-grup wct-met-grup-c is-layout-constrained wp-block-group-is-layout-constrained\">\n\n<div class=\"wp-block-group wct-met-grup-header is-layout-constrained wp-block-group-is-layout-constrained\">\n\n<p class=\"wct-met-grup-letra\">C.<\/p>\n\n\n<h3 class=\"wp-block-heading wct-met-grup-title\">Intervenci\u00f3n sist\u00e9mica<\/h3>\n\n\n<p class=\"wct-met-grup-sub\">Transformar el sistema como un todo vivo<\/p>\n\n<\/div>\n\n\n<div class=\"wp-block-columns wct-met-cards-row wct-met-cards-row-3 is-layout-flex wp-container-core-columns-is-layout-28f84493 wp-block-columns-is-layout-flex\">\n\n<div class=\"wp-block-column is-layout-flow wp-block-column-is-layout-flow\">\n\n<div class=\"wp-block-group wct-met-card is-layout-constrained wp-block-group-is-layout-constrained\">\n\n<h3 class=\"wp-block-heading wct-met-card-title\">ORSC\u00ae<\/h3>\n\n\n<p class=\"wct-met-card-desc\">Trabaja equipos y relaciones como un todo: roles, l\u00edmites, emociones.<\/p>\n\n\n<div class=\"wp-block-group wct-met-card-tag is-layout-constrained wp-block-group-is-layout-constrained\">\n\n<p class=\"wct-met-card-tag-label\">INDICAR PARA<\/p>\n\n\n<p class=\"wct-met-card-tag-text\">Cambio cultural y cohesi\u00f3n de equipos<\/p>\n\n<\/div>\n\n<\/div>\n\n<\/div>\n\n\n<div class=\"wp-block-column is-layout-flow wp-block-column-is-layout-flow\">\n\n<div class=\"wp-block-group wct-met-card is-layout-constrained wp-block-group-is-layout-constrained\">\n\n<h3 class=\"wp-block-heading wct-met-card-title\">Facilitaci\u00f3n Sist\u00e9mica\u00ae<\/h3>\n\n\n<p class=\"wct-met-card-desc\">Observamos patrones inconscientes, emociones y posibilidades latentes.<\/p>\n\n\n<div class=\"wp-block-group wct-met-card-tag is-layout-constrained wp-block-group-is-layout-constrained\">\n\n<p class=\"wct-met-card-tag-label\">INDICAR PARA<\/p>\n\n\n<p class=\"wct-met-card-tag-text\">Procesos de cambio y transformaci\u00f3n colectiva<\/p>\n\n<\/div>\n\n<\/div>\n\n<\/div>\n\n\n<div class=\"wp-block-column is-layout-flow wp-block-column-is-layout-flow\">\n\n<div class=\"wp-block-group wct-met-card is-layout-constrained wp-block-group-is-layout-constrained\">\n\n<h3 class=\"wp-block-heading wct-met-card-title\">Treball de Processos\u00ae<\/h3>\n\n\n<p class=\"wct-met-card-desc\">Racional, emocional y som\u00e1tico, en el momento presente.<\/p>\n\n\n<div class=\"wp-block-group wct-met-card-tag is-layout-constrained wp-block-group-is-layout-constrained\">\n\n<p class=\"wct-met-card-tag-label\">INDICAR PARA<\/p>\n\n\n<p class=\"wct-met-card-tag-text\">Tensiones, polaridades y bloqueos en equipos<\/p>\n\n<\/div>\n\n<\/div>\n\n<\/div>\n<\/div>\n\n<\/div>\n\n<\/div>\n\n\n<div class=\"wp-block-group alignfull wct-met-certif is-layout-constrained wp-block-group-is-layout-constrained\">\n\n<p class=\"wct-met-certif-tagline has-text-align-center\">+20 a\u00f1os certific\u00e1ndonos en las mejores herramientas del mercado.<\/p>\n\n\n<div class=\"wp-block-group wct-met-certif-pills is-layout-constrained wp-block-group-is-layout-constrained\">\n\n<p class=\"wct-met-pill\">CPCC<\/p>\n\n\n<p class=\"wct-met-pill\">FI C<\/p>\n\n\n<p class=\"wct-met-pill\">CRR Global (ORSC\u00ae)<\/p>\n\n\n<p class=\"wct-met-pill\">C\u00edrculo de Liderazgo\u00ae<\/p>\n\n\n<p class=\"wct-met-pill\">MHS (EQ-i 2.0\u00ae)<\/p>\n\n\n<p class=\"wct-met-pill\">Bridge\u00ae<\/p>\n\n\n<p class=\"wct-met-pill\">Metalog Training Tools\u00ae<\/p>\n\n\n<p class=\"wct-met-pill\">Sikkhona\u00ae<\/p>\n\n\n<p class=\"wct-met-pill\">Inst. Trabajo de Procesos<\/p>\n\n\n<p class=\"wct-met-pill\">Facilitaci\u00f3n Sist\u00e9mica<\/p>\n\n\n<p class=\"wct-met-pill\">Sociedad de NLP<\/p>\n\n\n<p class=\"wct-met-pill\">LEGO\u00ae Serious Play\u00ae<\/p>\n<\/div>\n\n<\/div>\n\n\n<div class=\"wp-block-group alignfull wct-met-cta-final is-layout-constrained wp-block-group-is-layout-constrained\">\n\n<h2 class=\"wp-block-heading wct-met-cta-final-h2 has-text-align-center\">\u00bfQuieres saber qu\u00e9 herramientas encajan con tu momento?<\/h2>\n\n\n<p class=\"wct-met-cta-final-text has-text-align-center\">No todas las herramientas sirven para todos los momentos. En una conversaci\u00f3n de 30 minutos te ayudamos a ver cu\u00e1les encajan con tu equipo u organizaci\u00f3n.<\/p>\n\n\n<div class=\"wp-block-buttons wct-met-cta-final-btn-wrap is-content-justification-center is-layout-flex wp-container-core-buttons-is-layout-a89b3969 wp-block-buttons-is-layout-flex\">\n\n<div class=\"wp-block-button wct-met-btn-primary\"><a class=\"wp-block-button__link wp-element-button\" href=\"\/es\/contact\/\">Reserva una llamada gratuita \u2192<\/a><\/div>\n\n<\/div>\n\n<\/div>","protected":false},"excerpt":{"rendered":"<p>LA NOSTRA MIRADA Primer mirem. Despr\u00e9s intervenim. Una metodologia no \u00e9s una eina: \u00e9s una manera de mirar. Les nostres eines s&#8217;escullen, es combinen i s&#8217;adapten per acompanyar cada organitzaci\u00f3 en el seu moment. PRINCIPIS La nostra manera de mirar 01 Cap organitzaci\u00f3 \u00e9s el problema. \u00c9s un sistema que ens est\u00e0 parlant. 02 El [&hellip;]<\/p>\n","protected":false},"author":1,"featured_media":0,"parent":0,"menu_order":0,"comment_status":"closed","ping_status":"closed","template":"","meta":{"_uag_custom_page_level_css":"","site-sidebar-layout":"no-sidebar","site-content-layout":"page-builder","ast-site-content-layout":"full-width-container","site-content-style":"unboxed","site-sidebar-style":"unboxed","ast-global-header-display":"","ast-banner-title-visibility":"","ast-main-header-display":"","ast-hfb-above-header-display":"","ast-hfb-below-header-display":"","ast-hfb-mobile-header-display":"","site-post-title":"disabled","ast-breadcrumbs-content":"","ast-featured-img":"disabled","footer-sml-layout":"","theme-transparent-header-meta":"enabled","adv-header-id-meta":"","stick-header-meta":"","header-above-stick-meta":"","header-main-stick-meta":"","header-below-stick-meta":"","astra-migrate-meta-layouts":"set","ast-page-background-enabled":"default","ast-page-background-meta":{"desktop":{"background-color":"","background-image":"","background-repeat":"repeat","background-position":"center center","background-size":"auto","background-attachment":"scroll","background-type":"","background-media":"","overlay-type":"","overlay-color":"","overlay-opacity":"","overlay-gradient":""},"tablet":{"background-color":"","background-image":"","background-repeat":"repeat","background-position":"center center","background-size":"auto","background-attachment":"scroll","background-type":"","background-media":"","overlay-type":"","overlay-color":"","overlay-opacity":"","overlay-gradient":""},"mobile":{"background-color":"","background-image":"","background-repeat":"repeat","background-position":"center center","background-size":"auto","background-attachment":"scroll","background-type":"","background-media":"","overlay-type":"","overlay-color":"","overlay-opacity":"","overlay-gradient":""}},"ast-content-background-meta":{"desktop":{"background-color":"var(--ast-global-color-5)","background-image":"","background-repeat":"repeat","background-position":"center center","background-size":"auto","background-attachment":"scroll","background-type":"","background-media":"","overlay-type":"","overlay-color":"","overlay-opacity":"","overlay-gradient":""},"tablet":{"background-color":"var(--ast-global-color-5)","background-image":"","background-repeat":"repeat","background-position":"center center","background-size":"auto","background-attachment":"scroll","background-type":"","background-media":"","overlay-type":"","overlay-color":"","overlay-opacity":"","overlay-gradient":""},"mobile":{"background-color":"var(--ast-global-color-5)","background-image":"","background-repeat":"repeat","background-position":"center center","background-size":"auto","background-attachment":"scroll","background-type":"","background-media":"","overlay-type":"","overlay-color":"","overlay-opacity":"","overlay-gradient":""}},"footnotes":""},"class_list":["post-1974","page","type-page","status-publish","hentry"],"uagb_featured_image_src":{"full":false,"thumbnail":false,"medium":false,"medium_large":false,"large":false,"1536x1536":false,"2048x2048":false,"trp-custom-language-flag":false},"uagb_author_info":{"display_name":"gemma.mateu","author_link":"https:\/\/windcattraining.com\/es\/author\/gemma-mateu\/"},"uagb_comment_info":0,"uagb_excerpt":"LA NOSTRA MIRADA Primer mirem. Despr\u00e9s intervenim. Una metodologia no \u00e9s una eina: \u00e9s una manera de mirar. Les nostres eines s&#8217;escullen, es combinen i s&#8217;adapten per acompanyar cada organitzaci\u00f3 en el seu moment. PRINCIPIS La nostra manera de mirar 01 Cap organitzaci\u00f3 \u00e9s el problema. \u00c9s un sistema que ens est\u00e0 parlant. 02 El&hellip;","_links":{"self":[{"href":"https:\/\/windcattraining.com\/es\/wp-json\/wp\/v2\/pages\/1974","targetHints":{"allow":["GET"]}}],"collection":[{"href":"https:\/\/windcattraining.com\/es\/wp-json\/wp\/v2\/pages"}],"about":[{"href":"https:\/\/windcattraining.com\/es\/wp-json\/wp\/v2\/types\/page"}],"author":[{"embeddable":true,"href":"https:\/\/windcattraining.com\/es\/wp-json\/wp\/v2\/users\/1"}],"replies":[{"embeddable":true,"href":"https:\/\/windcattraining.com\/es\/wp-json\/wp\/v2\/comments?post=1974"}],"version-history":[{"count":4,"href":"https:\/\/windcattraining.com\/es\/wp-json\/wp\/v2\/pages\/1974\/revisions"}],"predecessor-version":[{"id":2003,"href":"https:\/\/windcattraining.com\/es\/wp-json\/wp\/v2\/pages\/1974\/revisions\/2003"}],"wp:attachment":[{"href":"https:\/\/windcattraining.com\/es\/wp-json\/wp\/v2\/media?parent=1974"}],"curies":[{"name":"wp","href":"https:\/\/api.w.org\/{rel}","templated":true}]}}