{"id":135,"date":"2025-03-28T20:47:59","date_gmt":"2025-03-28T20:47:59","guid":{"rendered":"https:\/\/windcattraining.com\/home\/"},"modified":"2026-03-29T16:28:54","modified_gmt":"2026-03-29T16:28:54","slug":"home","status":"publish","type":"page","link":"https:\/\/windcattraining.com\/es\/","title":{"rendered":"Inicio"},"content":{"rendered":"<div class=\"wp-block-uagb-container uagb-block-5fe6a32d alignfull uagb-is-root-container\"><div class=\"uagb-container-inner-blocks-wrap\">\n<div class=\"wp-block-uagb-advanced-heading uagb-block-739ef4ec\"><p class=\"uagb-desc-text\">M\u00e1s de 20 a\u00f1os apoyando a l\u00edderes y equipos<\/p><h1 class=\"uagb-heading-text\">T\u00fa ser\u00e1s quien impulse el cambio real. Te ayudamos a ver lo que no se ve y a avanzar a partir de ah\u00ed.<\/h1><\/div>\n\n\n\n<p class=\"has-ast-global-color-5-color has-text-color has-link-color wp-elements-966a25c457d951c5acec696d95f0b902\">Creamos espacios de reflexi\u00f3n para que las personas y los equipos puedan decidir c\u00f3mo quieren avanzar. Somos un compa\u00f1ero de viaje, no una soluci\u00f3n externa.<\/p>\n\n\n\n<div class=\"wp-block-uagb-buttons uagb-buttons__outer-wrap uagb-btn__default-btn uagb-btn-tablet__default-btn uagb-btn-mobile__default-btn uagb-block-969bbd22\"><div class=\"uagb-buttons__wrap uagb-buttons-layout-wrap\">\n<div class=\"wp-block-uagb-buttons-child uagb-buttons__outer-wrap uagb-block-887a5985 wp-block-button\"><div class=\"uagb-button__wrapper\"><a class=\"uagb-buttons-repeater wp-block-button__link\" aria-label=\"\" href=\"https:\/\/windcattraining.com\/es\/contact\/\" rel=\"follow noopener\" target=\"_self\" role=\"button\"><div class=\"uagb-button__link\">Reserva una llamada de diagn\u00f3stico gratuita<\/div><\/a><\/div><\/div>\n<\/div><\/div>\n<\/div><\/div>\n\n\n\n<div style=\"height:34px\" aria-hidden=\"true\" class=\"wp-block-spacer\"><\/div>\n\n\n\n<div class=\"wp-block-uagb-container uagb-block-16705ced alignfull uagb-is-root-container\"><div class=\"uagb-container-inner-blocks-wrap\">\n<div class=\"wp-block-uagb-container uagb-block-24c0c3c8\">\n<div class=\"wp-block-uagb-counter uagb-block-d64091dc wp-block-uagb-counter--number\"><div class=\"wp-block-uagb-counter__number\"><span class=\"uagb-counter-block-prefix\">+<\/span><span class=\"uagb-counter-block-number\" data-duration=\"2\" data-to-value=\"200\" data-from-value=\"0\" data-delimiter=\",\"><\/span><\/div><div class=\"wp-block-uagb-counter__title\">equipos acompa\u00f1ados<\/div><\/div>\n<\/div>\n\n\n\n<div class=\"wp-block-uagb-container uagb-block-1149ac54\">\n<div class=\"wp-block-uagb-counter uagb-block-72cb5e7c wp-block-uagb-counter--number\"><div class=\"wp-block-uagb-counter__number\"><span class=\"uagb-counter-block-number\" data-duration=\"2\" data-to-value=\"20\" data-from-value=\"15\" data-delimiter=\",\"><\/span><\/div><div class=\"wp-block-uagb-counter__title\">a\u00f1os de experiencia<\/div><\/div>\n<\/div>\n\n\n\n<div class=\"wp-block-uagb-container uagb-block-83682f73\">\n<div class=\"wp-block-uagb-counter uagb-block-9c86c2b9 wp-block-uagb-counter--number\"><div class=\"wp-block-uagb-counter__number\"><span class=\"uagb-counter-block-number\" data-duration=\"2\" data-to-value=\"4\" data-from-value=\"0\" data-delimiter=\",\"><\/span><\/div><div class=\"wp-block-uagb-counter__title\">Idiomas de trabajo<\/div><\/div>\n<\/div>\n\n\n\n<div class=\"wp-block-uagb-container uagb-block-7d3c9af6\">\n<div class=\"wp-block-uagb-counter uagb-block-b7103459 wp-block-uagb-counter--number\"><div class=\"wp-block-uagb-counter__number\"><span class=\"uagb-counter-block-number\" data-duration=\"2\" data-to-value=\"92\" data-from-value=\"0\" data-delimiter=\",\"><\/span><span class=\"uagb-counter-block-suffix\">%<\/span><\/div><div class=\"wp-block-uagb-counter__title\">Los clientes vuelven<\/div><\/div>\n<\/div>\n<\/div><\/div>\n\n\n\n<hr class=\"wp-block-separator has-alpha-channel-opacity\"\/>\n\n\n\n<h2 class=\"wp-block-heading has-text-align-center\">Colaboramos con organizaciones de sectores como<\/h2>\n\n\n\n<p class=\"has-text-align-center\">Banca \u00b7 Sector farmac\u00e9utico \u00b7 Compa\u00f1\u00edas de seguros \u00b7 Sector inmobiliario \u00b7 Hosteler\u00eda \u00b7 Empresas familiares \u00b7 Industria \u00b7 Organizaciones sociales \u00b7 Administraci\u00f3n p\u00fablica  <\/p>\n\n\n\n<hr class=\"wp-block-separator has-alpha-channel-opacity\"\/>\n\n\n\n<div class=\"wp-block-uagb-container uagb-block-36ef4283 alignfull uagb-is-root-container\"><div class=\"uagb-container-inner-blocks-wrap\">\n<div style=\"height:53px\" aria-hidden=\"true\" class=\"wp-block-spacer\"><\/div>\n<\/div><\/div>\n\n\n\n<div class=\"wp-block-uagb-container uagb-block-ed81858a alignfull uagb-is-root-container\"><div class=\"uagb-container-inner-blocks-wrap\">\n<h2 class=\"wp-block-heading has-text-align-center\">\u00bfTe suena alguna de estas situaciones?<\/h2>\n<\/div><\/div>\n\n\n\n<div class=\"wp-block-uagb-container uagb-block-58a67bf6 alignfull uagb-is-root-container\"><div class=\"uagb-container-inner-blocks-wrap\">\n<div class=\"wp-block-uagb-container uagb-block-a8de8cd1\">\n<div class=\"wp-block-uagb-info-box uagb-block-b5e31add uagb-infobox__content-wrap  uagb-infobox-icon-above-title uagb-infobox-image-valign-top\"><div class=\"uagb-ifb-content\"><div class=\"uagb-ifb-title-wrap\"><h3 class=\"uagb-ifb-title\">01<strong><br><\/strong>Equipo bloqueado<\/h3><\/div><p class=\"uagb-ifb-desc\">Reuniones que se alargan, decisiones que nunca se concretan y tensiones que se est\u00e1n volviendo cr\u00f3nicas.<\/p><\/div><\/div>\n<\/div>\n\n\n\n<div class=\"wp-block-uagb-container uagb-block-cb649237\">\n<div class=\"wp-block-uagb-info-box uagb-block-0f5c6a25 uagb-infobox__content-wrap  uagb-infobox-icon-above-title uagb-infobox-image-valign-top\"><div class=\"uagb-ifb-content\"><div class=\"uagb-ifb-title-wrap\"><h3 class=\"uagb-ifb-title\">02<strong><br><\/strong>Un liderazgo agotado<\/h3><\/div><p class=\"uagb-ifb-desc\">Los directivos y supervisores que tienen demasiado poder y cuentan con pocos aliados de verdad dentro del equipo.<\/p><\/div><\/div>\n<\/div>\n\n\n\n<div class=\"wp-block-uagb-container uagb-block-37be5d46\">\n<div class=\"wp-block-uagb-info-box uagb-block-ed6ad93a uagb-infobox__content-wrap  uagb-infobox-icon-above-title uagb-infobox-image-valign-top\"><div class=\"uagb-ifb-content\"><div class=\"uagb-ifb-title-wrap\"><h3 class=\"uagb-ifb-title\">03<strong><br><\/strong>P\u00e9rdida de talento <\/h3><\/div><p class=\"uagb-ifb-desc\">Personas valiosas que se distancian, se agotan o acaban march\u00e1ndose.<\/p><\/div><\/div>\n<\/div>\n\n\n\n<div class=\"wp-block-uagb-container uagb-block-7fc4a584\">\n<div class=\"wp-block-uagb-info-box uagb-block-72608e1d uagb-infobox__content-wrap  uagb-infobox-icon-above-title uagb-infobox-image-valign-top wp-block-uagb-info-box--has-margin\"><div class=\"uagb-infobox-margin-wrapper\"><div class=\"uagb-ifb-content\"><div class=\"uagb-ifb-title-wrap\"><h3 class=\"uagb-ifb-title\">04<br>Resistencia al cambio<\/h3><\/div><p class=\"uagb-ifb-desc\">Procesos de transformaci\u00f3n que parecen l\u00f3gicos sobre el papel, pero que, en la pr\u00e1ctica, no logran avanzar.<\/p><\/div><\/div><\/div>\n<\/div>\n<\/div><\/div>\n\n\n\n<div style=\"background:#f5f0e8;padding:32px 40px;text-align:center;border-top:1px solid #e0d8c8;\">\n  <p style=\"font-family:Poppins,sans-serif;font-size:16px;font-style:italic;color:#2d6b7a;max-width:700px;margin:0 auto;line-height:1.8;\">\n    No est\u00e1s solo en esto. Muchas organizaciones pasan por lo mismo antes de dar un paso adelante. Te ayudaremos a comprender lo que est\u00e1 sucediendo. T\u00fa decidir\u00e1s hasta d\u00f3nde quieres llegar y qu\u00e9 cambios quieres introducir.\n  <\/p>\n<\/div>\n\n\n\n<div style=\"height:53px\" aria-hidden=\"true\" class=\"wp-block-spacer\"><\/div>\n\n\n\n<h2 class=\"wp-block-heading has-text-align-center\">\u00bfEn qu\u00e9 podemos ayudarte?<\/h2>\n\n\n\n<div class=\"wp-block-uagb-container uagb-block-2e8a1cac alignfull uagb-is-root-container\"><div class=\"uagb-container-inner-blocks-wrap\">\n<div class=\"wp-block-uagb-container uagb-block-b5a07519\">\n<div class=\"wp-block-uagb-info-box uagb-block-314dc728 uagb-infobox__content-wrap  uagb-infobox-icon-above-title uagb-infobox-image-valign-top\"><div class=\"uagb-ifb-content\"><div class=\"uagb-ifb-title-wrap\"><h3 class=\"uagb-ifb-title\">Cambio organizativo<\/h3><\/div><p class=\"uagb-ifb-desc\">Gesti\u00f3n del cambio y de la cultura: apoyamos la transformaci\u00f3n para garantizar que nadie se quede atr\u00e1s. Nos adaptamos a tus objetivos y circunstancias; no imponemos m\u00e9todos r\u00edgidos.<br><br>Para organizaciones que se encuentran en momentos decisivos: reestructuraciones, cambios en la direcci\u00f3n o transformaciones culturales.<\/p><div class=\"uagb-ifb-button-wrapper wp-block-button\"><a href=\"\/es\/services\/#canvi-organitzatiu\" target=\"_self\" onclick=\"return true;\" class=\"uagb-infobox-cta-link\" rel=\"noopener noreferrer\"><span class=\"uagb-inline-editing\">Saber m\u00e1s<\/span><svg xmlns=\"https:\/\/www.w3.org\/2000\/svg\" viewbox=\"0 0 448 512\"><path d=\"M438.6 278.6l-160 160C272.4 444.9 264.2 448 256 448s-16.38-3.125-22.62-9.375c-12.5-12.5-12.5-32.75 0-45.25L338.8 288H32C14.33 288 .0016 273.7 .0016 256S14.33 224 32 224h306.8l-105.4-105.4c-12.5-12.5-12.5-32.75 0-45.25s32.75-12.5 45.25 0l160 160C451.1 245.9 451.1 266.1 438.6 278.6z\"><\/path><\/svg><\/a><\/div><\/div><\/div>\n<\/div>\n\n\n\n<div class=\"wp-block-uagb-container uagb-block-0acbc969\">\n<div class=\"wp-block-uagb-info-box uagb-block-46ffa5f1 uagb-infobox__content-wrap  uagb-infobox-icon-above-title uagb-infobox-image-valign-top\"><div class=\"uagb-ifb-content\"><div class=\"uagb-ifb-title-wrap\"><h3 class=\"uagb-ifb-title\">Coaching ejecutivo<\/h3><\/div><p class=\"uagb-ifb-desc\">Un espacio para la reflexi\u00f3n y la acci\u00f3n dirigido a l\u00edderes que desean crecer con integridad. Sin compromiso alguno: solo queremos escucharte y ver si somos lo que necesitas.<br><br>Para ejecutivos que desean liderar desde una perspectiva m\u00e1s consciente y sostenible.<\/p><div class=\"uagb-ifb-button-wrapper wp-block-button\"><a href=\"\/es\/services\/#coaching-executiu\" target=\"_self\" onclick=\"return true;\" class=\"uagb-infobox-cta-link\" rel=\"noopener noreferrer\"><span class=\"uagb-inline-editing\">Saber m\u00e1s<\/span><svg xmlns=\"https:\/\/www.w3.org\/2000\/svg\" viewbox=\"0 0 448 512\"><path d=\"M438.6 278.6l-160 160C272.4 444.9 264.2 448 256 448s-16.38-3.125-22.62-9.375c-12.5-12.5-12.5-32.75 0-45.25L338.8 288H32C14.33 288 .0016 273.7 .0016 256S14.33 224 32 224h306.8l-105.4-105.4c-12.5-12.5-12.5-32.75 0-45.25s32.75-12.5 45.25 0l160 160C451.1 245.9 451.1 266.1 438.6 278.6z\"><\/path><\/svg><\/a><\/div><\/div><\/div>\n<\/div>\n\n\n\n<div class=\"wp-block-uagb-container uagb-block-0b101709\">\n<div class=\"wp-block-uagb-info-box uagb-block-c3e2d6fd uagb-infobox__content-wrap  uagb-infobox-icon-above-title uagb-infobox-image-valign-top\"><div class=\"uagb-ifb-content\"><div class=\"uagb-ifb-title-wrap\"><h3 class=\"uagb-ifb-title\">Coaching de equipos<\/h3><\/div><p class=\"uagb-ifb-desc\">Convertimos la tensi\u00f3n en colaboraci\u00f3n creativa. Mejoramos la comunicaci\u00f3n, aclaramos las funciones y reforzamos la confianza dentro de los equipos directivos o de proyecto.<br><br>Para equipos que desean mejorar su forma de relacionarse, tomar decisiones y trabajar juntos.<\/p><div class=\"uagb-ifb-button-wrapper wp-block-button\"><a href=\"\/es\/services\/#coaching-equips\" target=\"_self\" onclick=\"return true;\" class=\"uagb-infobox-cta-link\" rel=\"noopener noreferrer\"><span class=\"uagb-inline-editing\">Saber m\u00e1s<\/span><svg xmlns=\"https:\/\/www.w3.org\/2000\/svg\" viewbox=\"0 0 448 512\"><path d=\"M438.6 278.6l-160 160C272.4 444.9 264.2 448 256 448s-16.38-3.125-22.62-9.375c-12.5-12.5-12.5-32.75 0-45.25L338.8 288H32C14.33 288 .0016 273.7 .0016 256S14.33 224 32 224h306.8l-105.4-105.4c-12.5-12.5-12.5-32.75 0-45.25s32.75-12.5 45.25 0l160 160C451.1 245.9 451.1 266.1 438.6 278.6z\"><\/path><\/svg><\/a><\/div><\/div><\/div>\n<\/div>\n\n\n\n<div class=\"wp-block-uagb-container uagb-block-a8ca2086\">\n<div class=\"wp-block-uagb-info-box uagb-block-a541b2a0 uagb-infobox__content-wrap  uagb-infobox-icon-above-title uagb-infobox-image-valign-top\"><div class=\"uagb-ifb-content\"><div class=\"uagb-ifb-title-wrap\"><h3 class=\"uagb-ifb-title\">Formaci\u00f3n interna<\/h3><\/div><p class=\"uagb-ifb-desc\">Talleres pr\u00e1cticos sobre liderazgo, comunicaci\u00f3n y gesti\u00f3n de conflictos. Consideramos la empresa como un todo en el que todo est\u00e1 interrelacionado (perspectiva sist\u00e9mica).<br><br>Para organizaciones que desean desarrollar capacidades de liderazgo desde dentro.<\/p><div class=\"uagb-ifb-button-wrapper wp-block-button\"><a href=\"\/es\/services\/#formacio-lideratge\" target=\"_self\" onclick=\"return true;\" class=\"uagb-infobox-cta-link\" rel=\"noopener noreferrer\"><span class=\"uagb-inline-editing\">Saber m\u00e1s<\/span><svg xmlns=\"https:\/\/www.w3.org\/2000\/svg\" viewbox=\"0 0 448 512\"><path d=\"M438.6 278.6l-160 160C272.4 444.9 264.2 448 256 448s-16.38-3.125-22.62-9.375c-12.5-12.5-12.5-32.75 0-45.25L338.8 288H32C14.33 288 .0016 273.7 .0016 256S14.33 224 32 224h306.8l-105.4-105.4c-12.5-12.5-12.5-32.75 0-45.25s32.75-12.5 45.25 0l160 160C451.1 245.9 451.1 266.1 438.6 278.6z\"><\/path><\/svg><\/a><\/div><\/div><\/div>\n<\/div>\n<\/div><\/div>\n\n\n\n<div style=\"height:53px\" aria-hidden=\"true\" class=\"wp-block-spacer\"><\/div>\n\n\n\n<h2 class=\"wp-block-heading has-text-align-center\">Lo que dicen nuestros clientes<\/h2>\n\n\n\n<div class=\"wp-block-columns is-layout-flex wp-container-core-columns-is-layout-28f84493 wp-block-columns-is-layout-flex\">\n<div class=\"wp-block-column is-layout-flow wp-block-column-is-layout-flow\">\n<p><strong>Cambio organizativo \/ empresa familiar<\/strong><\/p>\n\n\n\n<blockquote class=\"wp-block-quote is-layout-flow wp-block-quote-is-layout-flow\">\n<p class=\"has-small-font-size\"><em>\u201cLlev\u00e1bamos a\u00f1os atrapados en la misma din\u00e1mica, sin saber c\u00f3mo salir de ella. Gemma nos ayud\u00f3 a ver lo que necesit\u00e1bamos. Ahora, la junta directiva se comunica de otra manera.\u201d<\/em> \u2014 Director general de una empresa familiar del sector industrial<\/p>\n<\/blockquote>\n<\/div>\n\n\n\n<div class=\"wp-block-column is-layout-flow wp-block-column-is-layout-flow\">\n<p><strong>Coaching ejecutivo<\/strong><\/p>\n\n\n\n<blockquote class=\"wp-block-quote has-small-font-size is-layout-flow wp-block-quote-is-layout-flow\">\n<p><em>\u201cPor primera vez, tuve un espacio para pensar sin prisas. El proceso me ayud\u00f3 a liderar con mayor claridad y a dejar de estar constantemente apagando incendios.\u201d<\/em> \u2014 Director de Operaciones, Empresa Metal\u00fargica<\/p>\n<\/blockquote>\n<\/div>\n\n\n\n<div class=\"wp-block-column is-layout-flow wp-block-column-is-layout-flow\">\n<p><strong>Coaching de equipos \/ Recursos Humanos<\/strong><\/p>\n\n\n\n<blockquote class=\"wp-block-quote has-small-font-size is-layout-flow wp-block-quote-is-layout-flow\">\n<p><em>\u201cLo que nos sorprendi\u00f3 fue que no se trataba de una sesi\u00f3n de formaci\u00f3n m\u00e1s. Fue una experiencia que el equipo recuerda y que ha cambiado la forma en que se relacionan entre s\u00ed.\u201d<\/em> \u2014 Director de Recursos Humanos, empresa farmac\u00e9utica<\/p>\n<\/blockquote>\n<\/div>\n<\/div>\n\n\n\n<div class=\"wp-block-uagb-container uagb-block-3b3456dd alignfull uagb-is-root-container\"><div class=\"uagb-container-inner-blocks-wrap\">\n<h2 class=\"wp-block-heading has-text-align-center\"><strong>As\u00ed es trabajar con nosotros<\/strong><\/h2>\n\n\n\n<section class=\"wp-block-uagb-columns uagb-columns__wrap uagb-columns__background-none uagb-columns__stack-mobile uagb-columns__valign- uagb-columns__gap-10 align uagb-block-897e78af uagb-columns__columns-4 uagb-columns__max_width-theme\"><div class=\"uagb-columns__overlay\"><\/div><div class=\"uagb-columns__inner-wrap uagb-columns__columns-4\">\n<div class=\"wp-block-uagb-column uagb-column__wrap uagb-column__background-undefined uagb-block-0b2669a5\"><div class=\"uagb-column__overlay\"><\/div>\n<p class=\"has-ast-global-color-5-color has-text-color has-link-color has-medium-font-size wp-elements-99ee7ab40b83c4ebd0112280fd27bfdd\">Llamada de diagn\u00f3stico \u2192<\/p>\n\n\n\n<p class=\"has-ast-global-color-5-color has-text-color has-link-color wp-elements-61b224e31582f7f76c065e64f0ca6070\" style=\"font-size:15px\">30 min \u00b7 gratis <\/p>\n<\/div>\n\n\n\n<div class=\"wp-block-uagb-column uagb-column__wrap uagb-column__background-undefined uagb-block-862ef4e4\"><div class=\"uagb-column__overlay\"><\/div>\n<p class=\"has-ast-global-color-5-color has-text-color has-link-color has-medium-font-size wp-elements-87dc3b6e1f0cc34c311f72df216d5b38\">Propuesta personalizada \u2192<\/p>\n\n\n\n<p class=\"has-ast-global-color-5-color has-text-color has-link-color wp-elements-a2c759f3b75e382e6a9378099d345d2a\" style=\"font-size:15px\">Plan concreto en un plazo de 72 horas<\/p>\n<\/div>\n\n\n\n<div class=\"wp-block-uagb-column uagb-column__wrap uagb-column__background-undefined uagb-block-6362fedc\"><div class=\"uagb-column__overlay\"><\/div>\n<p class=\"has-ast-global-color-5-color has-text-color has-link-color has-medium-font-size wp-elements-1e026da65b19b4c75b92725996357998\">Intervenci\u00f3n \u2192<\/p>\n\n\n\n<p class=\"has-ast-global-color-5-color has-text-color has-link-color wp-elements-095cb9cbc2fc79fd2397230a5b5f07e3\" style=\"font-size:15px\">Adaptado a la realidad de tu equipo<\/p>\n<\/div>\n\n\n\n<div class=\"wp-block-uagb-column uagb-column__wrap uagb-column__background-undefined uagb-block-c7e86ccc\"><div class=\"uagb-column__overlay\"><\/div>\n<p class=\"has-ast-global-color-5-color has-text-color has-link-color has-medium-font-size wp-elements-7031ba8f2dcfb61b2659c13ed542e5b8\">Informes y seguimiento<\/p>\n\n\n\n<p class=\"has-ast-global-color-5-color has-text-color has-link-color wp-elements-dfd3a7f11e00e58afa33d9b92549cd66\" style=\"font-size:15px\">Medimos el impacto real<\/p>\n<\/div>\n<\/div><\/section>\n<\/div><\/div>\n\n\n\n<div class=\"wp-block-group has-contrast-background-color has-background is-layout-constrained wp-container-core-group-is-layout-b57a10d7 wp-block-group-is-layout-constrained\" style=\"padding-top:3rem;padding-right:2rem;padding-bottom:3rem;padding-left:2rem\">\n<h2 class=\"wp-block-heading has-text-align-center has-base-color has-text-color\">Hablemos de lo que te pasa.<\/h2>\n\n\n\n<p class=\"has-text-align-center has-base-color has-text-color\">Una conversaci\u00f3n inicial de 30 minutos para conocer tu situaci\u00f3n. Sin compromiso alguno, solo para escucharte y ver si somos lo que necesitas.<\/p>\n\n\n\n<div class=\"wp-block-buttons is-content-justification-center is-layout-flex wp-container-core-buttons-is-layout-a89b3969 wp-block-buttons-is-layout-flex\">\n<div class=\"wp-block-button\"><a class=\"wp-block-button__link has-contrast-color has-base-background-color has-text-color has-background wp-element-button\" href=\"\/es\/contact\/\" style=\"border-radius:4px;padding-top:1rem;padding-right:2rem;padding-bottom:1rem;padding-left:2rem\">Reserva una llamada gratuita<\/a><\/div>\n<\/div>\n<\/div>\n\n\n\n<p><\/p>","protected":false},"excerpt":{"rendered":"<p>+20 anys acompanyant l\u00edders i equips El canvi real el lidereu vosaltres. Nosaltres us acompanyem a veure el que no es veu i a avan\u00e7ar des d&#8217;all\u00e0. Generem espais de consci\u00e8ncia perqu\u00e8 les persones i els equips puguin decidir com volen avan\u00e7ar. Som un company de viatge, no una soluci\u00f3 externa. Treballem amb organitzacions de [&hellip;]<\/p>\n","protected":false},"author":1,"featured_media":823,"parent":0,"menu_order":0,"comment_status":"closed","ping_status":"closed","template":"","meta":{"_uag_custom_page_level_css":"","site-sidebar-layout":"no-sidebar","site-content-layout":"page-builder","ast-site-content-layout":"full-width-container","site-content-style":"unboxed","site-sidebar-style":"unboxed","ast-global-header-display":"","ast-banner-title-visibility":"","ast-main-header-display":"","ast-hfb-above-header-display":"","ast-hfb-below-header-display":"","ast-hfb-mobile-header-display":"","site-post-title":"disabled","ast-breadcrumbs-content":"","ast-featured-img":"disabled","footer-sml-layout":"","theme-transparent-header-meta":"enabled","adv-header-id-meta":"","stick-header-meta":"","header-above-stick-meta":"","header-main-stick-meta":"","header-below-stick-meta":"","astra-migrate-meta-layouts":"set","ast-page-background-enabled":"default","ast-page-background-meta":{"desktop":{"background-color":"","background-image":"","background-repeat":"repeat","background-position":"center center","background-size":"auto","background-attachment":"scroll","background-type":"","background-media":"","overlay-type":"","overlay-color":"","overlay-opacity":"","overlay-gradient":""},"tablet":{"background-color":"","background-image":"","background-repeat":"repeat","background-position":"center center","background-size":"auto","background-attachment":"scroll","background-type":"","background-media":"","overlay-type":"","overlay-color":"","overlay-opacity":"","overlay-gradient":""},"mobile":{"background-color":"","background-image":"","background-repeat":"repeat","background-position":"center center","background-size":"auto","background-attachment":"scroll","background-type":"","background-media":"","overlay-type":"","overlay-color":"","overlay-opacity":"","overlay-gradient":""}},"ast-content-background-meta":{"desktop":{"background-color":"var(--ast-global-color-5)","background-image":"","background-repeat":"repeat","background-position":"center center","background-size":"auto","background-attachment":"scroll","background-type":"","background-media":"","overlay-type":"","overlay-color":"","overlay-opacity":"","overlay-gradient":""},"tablet":{"background-color":"var(--ast-global-color-5)","background-image":"","background-repeat":"repeat","background-position":"center center","background-size":"auto","background-attachment":"scroll","background-type":"","background-media":"","overlay-type":"","overlay-color":"","overlay-opacity":"","overlay-gradient":""},"mobile":{"background-color":"var(--ast-global-color-5)","background-image":"","background-repeat":"repeat","background-position":"center center","background-size":"auto","background-attachment":"scroll","background-type":"","background-media":"","overlay-type":"","overlay-color":"","overlay-opacity":"","overlay-gradient":""}},"footnotes":""},"class_list":["post-135","page","type-page","status-publish","has-post-thumbnail","hentry"],"uagb_featured_image_src":{"full":["https:\/\/windcattraining.com\/wp-content\/uploads\/2025\/04\/WCT-Vectorizado-blau-e1744144740561.png",90,48,false],"thumbnail":["https:\/\/windcattraining.com\/wp-content\/uploads\/2025\/04\/WCT-Vectorizado-blau-150x150.png",150,150,true],"medium":["https:\/\/windcattraining.com\/wp-content\/uploads\/2025\/04\/WCT-Vectorizado-blau-300x158.png",300,158,true],"medium_large":["https:\/\/windcattraining.com\/wp-content\/uploads\/2025\/04\/WCT-Vectorizado-blau-768x404.png",768,404,true],"large":["https:\/\/windcattraining.com\/wp-content\/uploads\/2025\/04\/WCT-Vectorizado-blau-1024x539.png",1024,539,true],"1536x1536":["https:\/\/windcattraining.com\/wp-content\/uploads\/2025\/04\/WCT-Vectorizado-blau-1536x808.png",1536,808,true],"2048x2048":["https:\/\/windcattraining.com\/wp-content\/uploads\/2025\/04\/WCT-Vectorizado-blau-e1744144740561.png",90,48,false],"trp-custom-language-flag":["https:\/\/windcattraining.com\/wp-content\/uploads\/2025\/04\/WCT-Vectorizado-blau-e1744144740561.png",18,10,false]},"uagb_author_info":{"display_name":"gemma.mateu","author_link":"https:\/\/windcattraining.com\/es\/author\/gemma-mateu\/"},"uagb_comment_info":0,"uagb_excerpt":"+20 anys acompanyant l\u00edders i equips El canvi real el lidereu vosaltres. Nosaltres us acompanyem a veure el que no es veu i a avan\u00e7ar des d&#8217;all\u00e0. Generem espais de consci\u00e8ncia perqu\u00e8 les persones i els equips puguin decidir com volen avan\u00e7ar. Som un company de viatge, no una soluci\u00f3 externa. Treballem amb organitzacions de&hellip;","_links":{"self":[{"href":"https:\/\/windcattraining.com\/es\/wp-json\/wp\/v2\/pages\/135","targetHints":{"allow":["GET"]}}],"collection":[{"href":"https:\/\/windcattraining.com\/es\/wp-json\/wp\/v2\/pages"}],"about":[{"href":"https:\/\/windcattraining.com\/es\/wp-json\/wp\/v2\/types\/page"}],"author":[{"embeddable":true,"href":"https:\/\/windcattraining.com\/es\/wp-json\/wp\/v2\/users\/1"}],"replies":[{"embeddable":true,"href":"https:\/\/windcattraining.com\/es\/wp-json\/wp\/v2\/comments?post=135"}],"version-history":[{"count":268,"href":"https:\/\/windcattraining.com\/es\/wp-json\/wp\/v2\/pages\/135\/revisions"}],"predecessor-version":[{"id":1740,"href":"https:\/\/windcattraining.com\/es\/wp-json\/wp\/v2\/pages\/135\/revisions\/1740"}],"wp:featuredmedia":[{"embeddable":true,"href":"https:\/\/windcattraining.com\/es\/wp-json\/wp\/v2\/media\/823"}],"wp:attachment":[{"href":"https:\/\/windcattraining.com\/es\/wp-json\/wp\/v2\/media?parent=135"}],"curies":[{"name":"wp","href":"https:\/\/api.w.org\/{rel}","templated":true}]}}