{"id":1974,"date":"2026-04-19T19:09:25","date_gmt":"2026-04-19T19:09:25","guid":{"rendered":"https:\/\/windcattraining.com\/?page_id=1974"},"modified":"2026-04-19T19:09:25","modified_gmt":"2026-04-19T19:09:25","slug":"metodologies","status":"publish","type":"page","link":"https:\/\/windcattraining.com\/en\/metodologies\/","title":{"rendered":"Methodologies"},"content":{"rendered":"<div class=\"wp-block-group alignfull wct-met-hero is-layout-constrained wp-block-group-is-layout-constrained\">\n\n<p class=\"wct-met-kicker has-text-align-center\">OUR GAZE<\/p>\n\n\n<h1 class=\"wp-block-heading wct-met-h1 has-text-align-center\">First we look. Then we act.<\/h1>\n\n\n<p class=\"wct-met-lead has-text-align-center\">A methodology isn't a tool: it's a way of looking. Our tools are chosen, combined and adapted to accompany each organisation through its journey.<\/p>\n\n\n<div class=\"wp-block-buttons wct-met-hero-btn-wrap is-content-justification-center is-layout-flex wp-container-core-buttons-is-layout-a89b3969 wp-block-buttons-is-layout-flex\">\n\n<div class=\"wp-block-button wct-met-btn-primary\"><a class=\"wp-block-button__link wp-element-button\" href=\"\/en\/contact\/\">Let's talk about your moment \u2192<\/a><\/div>\n\n<\/div>\n\n<\/div>\n\n\n<div id=\"principis\" class=\"wp-block-group alignfull wct-met-principis is-layout-constrained wp-block-group-is-layout-constrained\">\n\n<p class=\"wct-met-kicker-terracota has-text-align-center\">PRINCIPLES<\/p>\n\n\n<h2 class=\"wp-block-heading wct-met-h2 has-text-align-center\">Our way of looking<\/h2>\n\n\n<div class=\"wp-block-columns wct-met-principis-row is-layout-flex wp-container-core-columns-is-layout-28f84493 wp-block-columns-is-layout-flex\">\n\n<div class=\"wp-block-column is-layout-flow wp-block-column-is-layout-flow\">\n\n<div class=\"wp-block-group wct-met-principi is-layout-constrained wp-block-group-is-layout-constrained\">\n\n<p class=\"wct-met-principi-num\">01<\/p>\n\n\n<p class=\"wct-met-principi-text\">It's the organisation that's the problem. It's a system that's speaking to us.<\/p>\n\n<\/div>\n\n<\/div>\n\n\n<div class=\"wp-block-column is-layout-flow wp-block-column-is-layout-flow\">\n\n<div class=\"wp-block-group wct-met-principi is-layout-constrained wp-block-group-is-layout-constrained\">\n\n<p class=\"wct-met-principi-num\">02<\/p>\n\n\n<p class=\"wct-met-principi-text\">The symptom speaks of something deeper. Let's go.<\/p>\n\n<\/div>\n\n<\/div>\n<\/div>\n\n\n<div class=\"wp-block-columns wct-met-principis-row is-layout-flex wp-container-core-columns-is-layout-28f84493 wp-block-columns-is-layout-flex\">\n\n<div class=\"wp-block-column is-layout-flow wp-block-column-is-layout-flow\">\n\n<div class=\"wp-block-group wct-met-principi is-layout-constrained wp-block-group-is-layout-constrained\">\n\n<p class=\"wct-met-principi-num\">03<\/p>\n\n\n<p class=\"wct-met-principi-text\">What is unsaid also governs the team.<\/p>\n\n<\/div>\n\n<\/div>\n\n\n<div class=\"wp-block-column is-layout-flow wp-block-column-is-layout-flow\">\n\n<div class=\"wp-block-group wct-met-principi is-layout-constrained wp-block-group-is-layout-constrained\">\n\n<p class=\"wct-met-principi-num\">04<\/p>\n\n\n<p class=\"wct-met-principi-text\">Don't force change; create the conditions for it to take root.<\/p>\n\n<\/div>\n\n<\/div>\n<\/div>\n\n<\/div>\n\n\n<div id=\"com-treballem\" class=\"wp-block-group alignfull wct-met-proces is-layout-constrained wp-block-group-is-layout-constrained\">\n\n<p class=\"wct-met-kicker-teal has-text-align-center\">How do we work<\/p>\n\n\n<h2 class=\"wp-block-heading wct-met-h2 has-text-align-center\">From escort to sustainability of change<\/h2>\n\n\n<div class=\"wp-block-columns wct-met-passos-row is-layout-flex wp-container-core-columns-is-layout-28f84493 wp-block-columns-is-layout-flex\">\n\n<div class=\"wp-block-column is-layout-flow wp-block-column-is-layout-flow\">\n\n<div class=\"wp-block-group wct-met-pas is-layout-constrained wp-block-group-is-layout-constrained\">\n\n<p class=\"wct-met-pas-num\">01<\/p>\n\n\n<h3 class=\"wp-block-heading wct-met-pas-title\">Listen<\/h3>\n\n\n<p class=\"wct-met-pas-desc\">Free call, understand where you are<\/p>\n\n<\/div>\n\n<\/div>\n\n\n<div class=\"wp-block-column is-layout-flow wp-block-column-is-layout-flow\">\n\n<div class=\"wp-block-group wct-met-pas is-layout-constrained wp-block-group-is-layout-constrained\">\n\n<p class=\"wct-met-pas-num\">02<\/p>\n\n\n<h3 class=\"wp-block-heading wct-met-pas-title\">Watch<\/h3>\n\n\n<p class=\"wct-met-pas-desc\">Diagnosis with contrasted tools<\/p>\n\n<\/div>\n\n<\/div>\n\n\n<div class=\"wp-block-column is-layout-flow wp-block-column-is-layout-flow\">\n\n<div class=\"wp-block-group wct-met-pas is-layout-constrained wp-block-group-is-layout-constrained\">\n\n<p class=\"wct-met-pas-num\">03<\/p>\n\n\n<h3 class=\"wp-block-heading wct-met-pas-title\">Co-design<\/h3>\n\n\n<p class=\"wct-met-pas-desc\">We design the process with you<\/p>\n\n<\/div>\n\n<\/div>\n\n\n<div class=\"wp-block-column is-layout-flow wp-block-column-is-layout-flow\">\n\n<div class=\"wp-block-group wct-met-pas is-layout-constrained wp-block-group-is-layout-constrained\">\n\n<p class=\"wct-met-pas-num\">04<\/p>\n\n\n<h3 class=\"wp-block-heading wct-met-pas-title\">To intervene<\/h3>\n\n\n<p class=\"wct-met-pas-desc\">Sessions, workshops, support<\/p>\n\n<\/div>\n\n<\/div>\n\n\n<div class=\"wp-block-column is-layout-flow wp-block-column-is-layout-flow\">\n\n<div class=\"wp-block-group wct-met-pas is-layout-constrained wp-block-group-is-layout-constrained\">\n\n<p class=\"wct-met-pas-num\">05<\/p>\n\n\n<h3 class=\"wp-block-heading wct-met-pas-title\">To sustain<\/h3>\n\n\n<p class=\"wct-met-pas-desc\">Review, adjustments, continuity<\/p>\n\n<\/div>\n\n<\/div>\n<\/div>\n\n<\/div>\n\n\n<div class=\"wp-block-group alignfull wct-met-kpis is-layout-constrained wp-block-group-is-layout-constrained\">\n\n<div class=\"wp-block-columns wct-met-kpis-row is-layout-flex wp-container-core-columns-is-layout-28f84493 wp-block-columns-is-layout-flex\">\n\n<div class=\"wp-block-column is-layout-flow wp-block-column-is-layout-flow\">\n<div class=\"wp-block-group wct-met-kpi is-layout-constrained wp-block-group-is-layout-constrained\"><p class=\"wct-met-kpi-num\">11<\/p><p class=\"wct-met-kpi-label\">Certified methodologies<\/p><\/div>\n<\/div>\n\n\n<div class=\"wp-block-column is-layout-flow wp-block-column-is-layout-flow\">\n<div class=\"wp-block-group wct-met-kpi is-layout-constrained wp-block-group-is-layout-constrained\"><p class=\"wct-met-kpi-num\">+20<\/p><p class=\"wct-met-kpi-label\">years of continuous training<\/p><\/div>\n<\/div>\n\n\n<div class=\"wp-block-column is-layout-flow wp-block-column-is-layout-flow\">\n<div class=\"wp-block-group wct-met-kpi is-layout-constrained wp-block-group-is-layout-constrained\"><p class=\"wct-met-kpi-num\">100%<\/p><p class=\"wct-met-kpi-label\">Tailored to each organisation<\/p><\/div>\n<\/div>\n\n\n<div class=\"wp-block-column is-layout-flow wp-block-column-is-layout-flow\">\n<div class=\"wp-block-group wct-met-kpi-cta is-layout-constrained wp-block-group-is-layout-constrained\"><p class=\"wct-met-kpi-cta-text\">Do you not know where to start?<\/p><div class=\"wp-block-buttons wct-met-kpi-cta-btn-wrap is-layout-flex wp-block-buttons-is-layout-flex\"><div class=\"wp-block-button wct-met-btn-ghost\"><a class=\"wp-block-button__link wp-element-button\" href=\"\/en\/contact\/\">Free callback booking<\/a><\/div><\/div><\/div>\n<\/div>\n\n<\/div>\n\n<\/div>\n\n\n<div id=\"eines\" class=\"wp-block-group alignfull wct-met-eines is-layout-constrained wp-block-group-is-layout-constrained\">\n\n<p class=\"wct-met-kicker-terracota has-text-align-center\">THINGS WE USE<\/p>\n\n\n<h2 class=\"wp-block-heading wct-met-h2 has-text-align-center\">Triads with purpose, not by catalogue<\/h2>\n\n\n<p class=\"wct-met-eines-sub has-text-align-center\">We classify them by what they do in the system: view, train, or transform.<\/p>\n\n\n<div class=\"wp-block-group wct-met-grup wct-met-grup-a is-layout-constrained wp-block-group-is-layout-constrained\">\n\n<div class=\"wp-block-group wct-met-grup-header is-layout-constrained wp-block-group-is-layout-constrained\">\n\n<p class=\"wct-met-grup-letra\">A.<\/p>\n\n\n<h3 class=\"wp-block-heading wct-met-grup-title\">Diagnosis<\/h3>\n\n\n<p class=\"wct-met-grup-sub\">To see, to measure, to make visible what is already there<\/p>\n\n<\/div>\n\n\n<div class=\"wp-block-columns wct-met-cards-row is-layout-flex wp-container-core-columns-is-layout-28f84493 wp-block-columns-is-layout-flex\">\n\n<div class=\"wp-block-column is-layout-flow wp-block-column-is-layout-flow\">\n\n<div class=\"wp-block-group wct-met-card is-layout-constrained wp-block-group-is-layout-constrained\">\n\n<h3 class=\"wp-block-heading wct-met-card-title\">Bridge\u00ae<\/h3>\n\n\n<p class=\"wct-met-card-desc\">Diagnosis of relational and communication styles.<\/p>\n\n\n<div class=\"wp-block-group wct-met-card-tag is-layout-constrained wp-block-group-is-layout-constrained\">\n\n<p class=\"wct-met-card-tag-label\">INDICATED FOR<\/p>\n\n\n<p class=\"wct-met-card-tag-text\">Organisations wanting to grow from authenticity<\/p>\n\n<\/div>\n\n<\/div>\n\n<\/div>\n\n\n<div class=\"wp-block-column is-layout-flow wp-block-column-is-layout-flow\">\n\n<div class=\"wp-block-group wct-met-card is-layout-constrained wp-block-group-is-layout-constrained\">\n\n<h3 class=\"wp-block-heading wct-met-card-title\">Sikkhona\u00ae<\/h3>\n\n\n<p class=\"wct-met-card-desc\">Measure the psychological safety of a team and start the conversation.<\/p>\n\n\n<div class=\"wp-block-group wct-met-card-tag is-layout-constrained wp-block-group-is-layout-constrained\">\n\n<p class=\"wct-met-card-tag-label\">INDICATED FOR<\/p>\n\n\n<p class=\"wct-met-card-tag-text\">Conscious leadership and a culture of trust<\/p>\n\n<\/div>\n\n<\/div>\n\n<\/div>\n\n\n<div class=\"wp-block-column is-layout-flow wp-block-column-is-layout-flow\">\n\n<div class=\"wp-block-group wct-met-card is-layout-constrained wp-block-group-is-layout-constrained\">\n\n<h3 class=\"wp-block-heading wct-met-card-title\">EQi 2.0\u00ae<\/h3>\n\n\n<p class=\"wct-met-card-desc\">Measures individual and team emotional intelligence.<\/p>\n\n\n<div class=\"wp-block-group wct-met-card-tag is-layout-constrained wp-block-group-is-layout-constrained\">\n\n<p class=\"wct-met-card-tag-label\">INDICATED FOR<\/p>\n\n\n<p class=\"wct-met-card-tag-text\">Leading from consciousness and improving performance<\/p>\n\n<\/div>\n\n<\/div>\n\n<\/div>\n\n\n<div class=\"wp-block-column is-layout-flow wp-block-column-is-layout-flow\">\n\n<div class=\"wp-block-group wct-met-card is-layout-constrained wp-block-group-is-layout-constrained\">\n\n<h3 class=\"wp-block-heading wct-met-card-title\">Leadership Circle\u00ae<\/h3>\n\n\n<p class=\"wct-met-card-desc\">360\u00b0 diagnosis that connects external impact with internal motivation.<\/p>\n\n\n<div class=\"wp-block-group wct-met-card-tag is-layout-constrained wp-block-group-is-layout-constrained\">\n\n<p class=\"wct-met-card-tag-label\">INDICATED FOR<\/p>\n\n\n<p class=\"wct-met-card-tag-text\">Leaders in complex environments<\/p>\n\n<\/div>\n\n<\/div>\n\n<\/div>\n<\/div>\n\n<\/div>\n\n\n<div class=\"wp-block-group wct-met-grup wct-met-grup-b is-layout-constrained wp-block-group-is-layout-constrained\">\n\n<div class=\"wp-block-group wct-met-grup-header is-layout-constrained wp-block-group-is-layout-constrained\">\n\n<p class=\"wct-met-grup-letra\">B.<\/p>\n\n\n<h3 class=\"wp-block-heading wct-met-grup-title\">Development<\/h3>\n\n\n<p class=\"wct-met-grup-sub\">Train, learn, grow people and teams<\/p>\n\n<\/div>\n\n\n<div class=\"wp-block-columns wct-met-cards-row is-layout-flex wp-container-core-columns-is-layout-28f84493 wp-block-columns-is-layout-flex\">\n\n<div class=\"wp-block-column is-layout-flow wp-block-column-is-layout-flow\">\n\n<div class=\"wp-block-group wct-met-card is-layout-constrained wp-block-group-is-layout-constrained\">\n\n<h3 class=\"wp-block-heading wct-met-card-title\">Coaching Co-Actiu\u00ae<\/h3>\n\n\n<p class=\"wct-met-card-desc\">A person-centred approach and their capacity for action.<\/p>\n\n\n<div class=\"wp-block-group wct-met-card-tag is-layout-constrained wp-block-group-is-layout-constrained\">\n\n<p class=\"wct-met-card-tag-label\">INDICATED FOR<\/p>\n\n\n<p class=\"wct-met-card-tag-text\">Purpose-driven leaders<\/p>\n\n<\/div>\n\n<\/div>\n\n<\/div>\n\n\n<div class=\"wp-block-column is-layout-flow wp-block-column-is-layout-flow\">\n\n<div class=\"wp-block-group wct-met-card is-layout-constrained wp-block-group-is-layout-constrained\">\n\n<h3 class=\"wp-block-heading wct-met-card-title\">Metalog Training Tools\u00ae<\/h3>\n\n\n<p class=\"wct-met-card-desc\">Experiential learning: learning by doing, with the body and emotion.<\/p>\n\n\n<div class=\"wp-block-group wct-met-card-tag is-layout-constrained wp-block-group-is-layout-constrained\">\n\n<p class=\"wct-met-card-tag-label\">INDICATED FOR<\/p>\n\n\n<p class=\"wct-met-card-tag-text\">Roles, leadership and decision-making<\/p>\n\n<\/div>\n\n<\/div>\n\n<\/div>\n\n\n<div class=\"wp-block-column is-layout-flow wp-block-column-is-layout-flow\">\n\n<div class=\"wp-block-group wct-met-card is-layout-constrained wp-block-group-is-layout-constrained\">\n\n<h3 class=\"wp-block-heading wct-met-card-title\">Lego Serious Play\u00ae<\/h3>\n\n\n<p class=\"wct-met-card-desc\">Deep conversations through LEGO construction.<\/p>\n\n\n<div class=\"wp-block-group wct-met-card-tag is-layout-constrained wp-block-group-is-layout-constrained\">\n\n<p class=\"wct-met-card-tag-label\">INDICATED FOR<\/p>\n\n\n<p class=\"wct-met-card-tag-text\">Innovation, decisions and cohesion<\/p>\n\n<\/div>\n\n<\/div>\n\n<\/div>\n\n\n<div class=\"wp-block-column is-layout-flow wp-block-column-is-layout-flow\">\n\n<div class=\"wp-block-group wct-met-card is-layout-constrained wp-block-group-is-layout-constrained\">\n\n<h3 class=\"wp-block-heading wct-met-card-title\">PNL\u00ae<\/h3>\n\n\n<p class=\"wct-met-card-desc\">We think, feel and communicate to change patterns.<\/p>\n\n\n<div class=\"wp-block-group wct-met-card-tag is-layout-constrained wp-block-group-is-layout-constrained\">\n\n<p class=\"wct-met-card-tag-label\">INDICATED FOR<\/p>\n\n\n<p class=\"wct-met-card-tag-text\">Communication, skills and pattern change<\/p>\n\n<\/div>\n\n<\/div>\n\n<\/div>\n<\/div>\n\n<\/div>\n\n\n<div class=\"wp-block-group wct-met-grup wct-met-grup-c is-layout-constrained wp-block-group-is-layout-constrained\">\n\n<div class=\"wp-block-group wct-met-grup-header is-layout-constrained wp-block-group-is-layout-constrained\">\n\n<p class=\"wct-met-grup-letra\">C.<\/p>\n\n\n<h3 class=\"wp-block-heading wct-met-grup-title\">Systemic intervention<\/h3>\n\n\n<p class=\"wct-met-grup-sub\">Transform the system as a living whole<\/p>\n\n<\/div>\n\n\n<div class=\"wp-block-columns wct-met-cards-row wct-met-cards-row-3 is-layout-flex wp-container-core-columns-is-layout-28f84493 wp-block-columns-is-layout-flex\">\n\n<div class=\"wp-block-column is-layout-flow wp-block-column-is-layout-flow\">\n\n<div class=\"wp-block-group wct-met-card is-layout-constrained wp-block-group-is-layout-constrained\">\n\n<h3 class=\"wp-block-heading wct-met-card-title\">ORSC\u00ae<\/h3>\n\n\n<p class=\"wct-met-card-desc\">Work with teams and relationships as a whole: roles, boundaries, emotions.<\/p>\n\n\n<div class=\"wp-block-group wct-met-card-tag is-layout-constrained wp-block-group-is-layout-constrained\">\n\n<p class=\"wct-met-card-tag-label\">INDICATED FOR<\/p>\n\n\n<p class=\"wct-met-card-tag-text\">Cultural change and team cohesion<\/p>\n\n<\/div>\n\n<\/div>\n\n<\/div>\n\n\n<div class=\"wp-block-column is-layout-flow wp-block-column-is-layout-flow\">\n\n<div class=\"wp-block-group wct-met-card is-layout-constrained wp-block-group-is-layout-constrained\">\n\n<h3 class=\"wp-block-heading wct-met-card-title\">Systemic Facilitation\u00ae<\/h3>\n\n\n<p class=\"wct-met-card-desc\">Observe unwitting patrons, emotions, and latent possibilities.<\/p>\n\n\n<div class=\"wp-block-group wct-met-card-tag is-layout-constrained wp-block-group-is-layout-constrained\">\n\n<p class=\"wct-met-card-tag-label\">INDICATED FOR<\/p>\n\n\n<p class=\"wct-met-card-tag-text\">Processes of collective change and transformation<\/p>\n\n<\/div>\n\n<\/div>\n\n<\/div>\n\n\n<div class=\"wp-block-column is-layout-flow wp-block-column-is-layout-flow\">\n\n<div class=\"wp-block-group wct-met-card is-layout-constrained wp-block-group-is-layout-constrained\">\n\n<h3 class=\"wp-block-heading wct-met-card-title\">Work of Processes\u00ae<\/h3>\n\n\n<p class=\"wct-met-card-desc\">Rational, emotional and somatic, in the present moment.<\/p>\n\n\n<div class=\"wp-block-group wct-met-card-tag is-layout-constrained wp-block-group-is-layout-constrained\">\n\n<p class=\"wct-met-card-tag-label\">INDICATED FOR<\/p>\n\n\n<p class=\"wct-met-card-tag-text\">Tensions, polarities and blockages in teams<\/p>\n\n<\/div>\n\n<\/div>\n\n<\/div>\n<\/div>\n\n<\/div>\n\n<\/div>\n\n\n<div class=\"wp-block-group alignfull wct-met-certif is-layout-constrained wp-block-group-is-layout-constrained\">\n\n<p class=\"wct-met-certif-tagline has-text-align-center\">Over 20 years certifying ourselves in the best tools on the market.<\/p>\n\n\n<div class=\"wp-block-group wct-met-certif-pills is-layout-constrained wp-block-group-is-layout-constrained\">\n\n<p class=\"wct-met-pill\">CPCC<\/p>\n\n\n<p class=\"wct-met-pill\">ICF<\/p>\n\n\n<p class=\"wct-met-pill\">CRR Global (ORSC\u00ae)<\/p>\n\n\n<p class=\"wct-met-pill\">Leadership Circle\u00ae<\/p>\n\n\n<p class=\"wct-met-pill\">MHS (EQ-i 2.0\u00ae)<\/p>\n\n\n<p class=\"wct-met-pill\">Bridge\u00ae<\/p>\n\n\n<p class=\"wct-met-pill\">Metalog Training Tools\u00ae<\/p>\n\n\n<p class=\"wct-met-pill\">Sikkhona\u00ae<\/p>\n\n\n<p class=\"wct-met-pill\">Process Work Institute<\/p>\n\n\n<p class=\"wct-met-pill\">Systemic Facilitation<\/p>\n\n\n<p class=\"wct-met-pill\">NLP Society<\/p>\n\n\n<p class=\"wct-met-pill\">LEGO\u00ae Serious Play\u00ae<\/p>\n<\/div>\n\n<\/div>\n\n\n<div class=\"wp-block-group alignfull wct-met-cta-final is-layout-constrained wp-block-group-is-layout-constrained\">\n\n<h2 class=\"wp-block-heading wct-met-cta-final-h2 has-text-align-center\">Do you want to know which tools suit your current situation?<\/h2>\n\n\n<p class=\"wct-met-cta-final-text has-text-align-center\">Not all tools are suitable for every situation. In a 30-minute conversation, we'll help you see which ones fit your team or organisation.<\/p>\n\n\n<div class=\"wp-block-buttons wct-met-cta-final-btn-wrap is-content-justification-center is-layout-flex wp-container-core-buttons-is-layout-a89b3969 wp-block-buttons-is-layout-flex\">\n\n<div class=\"wp-block-button wct-met-btn-primary\"><a class=\"wp-block-button__link wp-element-button\" href=\"\/en\/contact\/\">Book your free call \u2192<\/a><\/div>\n\n<\/div>\n\n<\/div>","protected":false},"excerpt":{"rendered":"<p>LA NOSTRA MIRADA Primer mirem. Despr\u00e9s intervenim. Una metodologia no \u00e9s una eina: \u00e9s una manera de mirar. Les nostres eines s&#8217;escullen, es combinen i s&#8217;adapten per acompanyar cada organitzaci\u00f3 en el seu moment. PRINCIPIS La nostra manera de mirar 01 Cap organitzaci\u00f3 \u00e9s el problema. \u00c9s un sistema que ens est\u00e0 parlant. 02 El [&hellip;]<\/p>\n","protected":false},"author":1,"featured_media":0,"parent":0,"menu_order":0,"comment_status":"closed","ping_status":"closed","template":"","meta":{"_uag_custom_page_level_css":"","site-sidebar-layout":"no-sidebar","site-content-layout":"page-builder","ast-site-content-layout":"full-width-container","site-content-style":"unboxed","site-sidebar-style":"unboxed","ast-global-header-display":"","ast-banner-title-visibility":"","ast-main-header-display":"","ast-hfb-above-header-display":"","ast-hfb-below-header-display":"","ast-hfb-mobile-header-display":"","site-post-title":"disabled","ast-breadcrumbs-content":"","ast-featured-img":"disabled","footer-sml-layout":"","theme-transparent-header-meta":"enabled","adv-header-id-meta":"","stick-header-meta":"","header-above-stick-meta":"","header-main-stick-meta":"","header-below-stick-meta":"","astra-migrate-meta-layouts":"set","ast-page-background-enabled":"default","ast-page-background-meta":{"desktop":{"background-color":"","background-image":"","background-repeat":"repeat","background-position":"center center","background-size":"auto","background-attachment":"scroll","background-type":"","background-media":"","overlay-type":"","overlay-color":"","overlay-opacity":"","overlay-gradient":""},"tablet":{"background-color":"","background-image":"","background-repeat":"repeat","background-position":"center center","background-size":"auto","background-attachment":"scroll","background-type":"","background-media":"","overlay-type":"","overlay-color":"","overlay-opacity":"","overlay-gradient":""},"mobile":{"background-color":"","background-image":"","background-repeat":"repeat","background-position":"center center","background-size":"auto","background-attachment":"scroll","background-type":"","background-media":"","overlay-type":"","overlay-color":"","overlay-opacity":"","overlay-gradient":""}},"ast-content-background-meta":{"desktop":{"background-color":"var(--ast-global-color-5)","background-image":"","background-repeat":"repeat","background-position":"center center","background-size":"auto","background-attachment":"scroll","background-type":"","background-media":"","overlay-type":"","overlay-color":"","overlay-opacity":"","overlay-gradient":""},"tablet":{"background-color":"var(--ast-global-color-5)","background-image":"","background-repeat":"repeat","background-position":"center center","background-size":"auto","background-attachment":"scroll","background-type":"","background-media":"","overlay-type":"","overlay-color":"","overlay-opacity":"","overlay-gradient":""},"mobile":{"background-color":"var(--ast-global-color-5)","background-image":"","background-repeat":"repeat","background-position":"center center","background-size":"auto","background-attachment":"scroll","background-type":"","background-media":"","overlay-type":"","overlay-color":"","overlay-opacity":"","overlay-gradient":""}},"footnotes":""},"class_list":["post-1974","page","type-page","status-publish","hentry"],"uagb_featured_image_src":{"full":false,"thumbnail":false,"medium":false,"medium_large":false,"large":false,"1536x1536":false,"2048x2048":false,"trp-custom-language-flag":false},"uagb_author_info":{"display_name":"gemma.mateu","author_link":"https:\/\/windcattraining.com\/en\/author\/gemma-mateu\/"},"uagb_comment_info":0,"uagb_excerpt":"LA NOSTRA MIRADA Primer mirem. Despr\u00e9s intervenim. Una metodologia no \u00e9s una eina: \u00e9s una manera de mirar. Les nostres eines s&#8217;escullen, es combinen i s&#8217;adapten per acompanyar cada organitzaci\u00f3 en el seu moment. PRINCIPIS La nostra manera de mirar 01 Cap organitzaci\u00f3 \u00e9s el problema. \u00c9s un sistema que ens est\u00e0 parlant. 02 El&hellip;","_links":{"self":[{"href":"https:\/\/windcattraining.com\/en\/wp-json\/wp\/v2\/pages\/1974","targetHints":{"allow":["GET"]}}],"collection":[{"href":"https:\/\/windcattraining.com\/en\/wp-json\/wp\/v2\/pages"}],"about":[{"href":"https:\/\/windcattraining.com\/en\/wp-json\/wp\/v2\/types\/page"}],"author":[{"embeddable":true,"href":"https:\/\/windcattraining.com\/en\/wp-json\/wp\/v2\/users\/1"}],"replies":[{"embeddable":true,"href":"https:\/\/windcattraining.com\/en\/wp-json\/wp\/v2\/comments?post=1974"}],"version-history":[{"count":4,"href":"https:\/\/windcattraining.com\/en\/wp-json\/wp\/v2\/pages\/1974\/revisions"}],"predecessor-version":[{"id":2003,"href":"https:\/\/windcattraining.com\/en\/wp-json\/wp\/v2\/pages\/1974\/revisions\/2003"}],"wp:attachment":[{"href":"https:\/\/windcattraining.com\/en\/wp-json\/wp\/v2\/media?parent=1974"}],"curies":[{"name":"wp","href":"https:\/\/api.w.org\/{rel}","templated":true}]}}